{"id":10,"date":"2016-03-21T10:15:02","date_gmt":"2016-03-21T10:15:02","guid":{"rendered":"http:\/\/cementerioinglesmalaga.org\/?page_id=10"},"modified":"2022-01-20T16:56:20","modified_gmt":"2022-01-20T14:56:20","slug":"historia","status":"publish","type":"page","link":"https:\/\/cementerioinglesmalaga.org\/de\/cementerio\/historia\/","title":{"rendered":"Geschichte"},"content":{"rendered":"<div class=\"wpb-content-wrapper\"><p>[vc_row][vc_column][vc_single_image image=&#8220;457&#8243; img_size=&#8220;full&#8220; css=&#8220;.vc_custom_1642690423765{border-top-width: 6px !important;border-right-width: 6px !important;border-bottom-width: 6px !important;border-left-width: 6px !important;border-left-color: #c6b796 !important;border-left-style: solid !important;border-right-color: #c6b796 !important;border-right-style: solid !important;border-top-color: #c6b796 !important;border-top-style: solid !important;border-bottom-color: #c6b796 !important;border-bottom-style: solid !important;}&#8220;][vc_custom_heading text=&#8220;DER ERSTE PROTESTANTISCHE FRIEDHOF VON SPANIEN&#8220; font_container=&#8220;tag:h3|text_align:left&#8220; use_theme_fonts=&#8220;yes&#8220;][vc_column_text]Viele Besucher stellen uns Fragen zum Bestehen des <strong>protestantischen<\/strong> Friedhofes in der Stadt M\u00e1laga. Was waren die Gr\u00fcnde seines Entstehens? Warum liegt er auf der Ausfallstra\u00dfe nach Almer\u00eda? Welche Beziehung hat der Friedhof zur Stadt? Auf all diese Fragen und vieles mehr geben wir Ihnen gerne eine Antwort auf unserer Homepage im Bereich Geschichte.[\/vc_column_text][vc_separator color=&#8220;custom&#8220; style=&#8220;double&#8220; accent_color=&#8220;#c6b796&#8243;][vc_custom_heading text=&#8220;GR\u00dcNDUNGSJAHR 1831&#8243; font_container=&#8220;tag:h5|text_align:left&#8220; use_theme_fonts=&#8220;yes&#8220;][vc_column_text]<\/p>\n<p class=\"p1\">Bis zur Entstehung dieses Friedhofs im Jahre 1831 war der Tod eines Protestanten in Spanien ein sehr ernstes Problem. Es gab keinen rechtlichen Rahmen f\u00fcr die Beerdigung eines Protestanten. Da die Friedh\u00f6fe Spaniens dem katholischen Glauben geweiht wurden, konnten in Spanien die Leichen derjenigen, die dieser Religionsgemeinschaft nicht angeh\u00f6rten, auf Friedh\u00f6fen nicht begraben werden. Die \u00f6rtlichen Beh\u00f6rden in M\u00e1laga erlaubten zu dieser Zeit die Leichen nur nachts im Licht der Fackeln zum Strand zu bringen und im Sand einzugraben. Somit waren Verstorbenen der Gnade der Wellen und der herumlaufenden Hunde ausgeliefert<\/p>\n<p>[\/vc_column_text][vc_separator color=&#8220;custom&#8220; style=&#8220;double&#8220; accent_color=&#8220;#c6b796&#8243;][vc_custom_heading text=&#8220;WILLIAM MARK (1782- 1848 ), BRITISCHER KONSUL seit 1824&#8243; font_container=&#8220;tag:h5|text_align:left&#8220; use_theme_fonts=&#8220;yes&#8220;][vc_column_text]Die n\u00e4chtlichen Strandbeerdigungen waren noch \u00fcblich als William Mark 1824 zum neuen Britischen Konsul ernannt wurde.<\/p>\n<p>Mit der Amtseinf\u00fchrung widmete er sich mit ganzer Kraft ein Grundst\u00fcck zu finden, das sich als Friedhof eignen konnte, um den Gl\u00e4ubigen anderer Glaubensrichtigen ein w\u00fcrdiges Begr\u00e4bnis zu geben. Schlie\u00dflich \u00fcbergaben die \u00f6rtlichen Beh\u00f6rden M\u00e1lagas dem Britischen Konsul William Mark im Jahre 1829 ein au\u00dferhalb der damaligen Stadt auf der Verbindungsstra\u00dfe nach Almeria gelegenes unbebautes Grundst\u00fcck.<\/p>\n<p>So wurde der englische Friedhof, der erste protestantische Friedhof auf der Iberischen Halbinsel Wirklichkeit.<\/p>\n<p>Der erste Leichnam, der nach dem vorliegenden Bestattungsregister auf dem neuen Friedhof begraben wurde, war George Stephens, Eigent\u00fcmer des zweimastigen Segelschiffes &#8222;Cicero&#8220;. Er ertrank im Januar 1831 im Hafen von Malaga. Jedoch liegt er heute au\u00dferhalb der Umfriedungsmauern des urspr\u00fcnglichen Friedhofes.<\/p>\n<p>Noch im gleichen Jahr, 1831, und innerhalb der Mauern des urspr\u00fcnglichen Friedhofes wurde der erste K\u00f6rper zu Grabe getragen. Es war Robert Boyd, der von einem Exekutionskommando in Malaga f\u00fcr seine Teilnahme an dem von General Torrijos gescheiterten Aufstand der Liberalen im Dezember 1831 erschossen wurde.[\/vc_column_text][vc_row_inner][vc_column_inner width=&#8220;1\/3&#8243;][vc_single_image image=&#8220;466&#8243; img_size=&#8220;large&#8220; css=&#8220;.vc_custom_1498811184883{border-top-width: 6px !important;border-right-width: 6px !important;border-bottom-width: 6px !important;border-left-width: 6px !important;border-left-color: #c6b796 !important;border-left-style: solid !important;border-right-color: #c6b796 !important;border-right-style: solid !important;border-top-color: #c6b796 !important;border-top-style: solid !important;border-bottom-color: #c6b796 !important;border-bottom-style: solid !important;}&#8220;][\/vc_column_inner][vc_column_inner width=&#8220;1\/3&#8243;][vc_single_image image=&#8220;473&#8243; img_size=&#8220;large&#8220; css=&#8220;.vc_custom_1498811443264{border-top-width: 6px !important;border-right-width: 6px !important;border-bottom-width: 6px !important;border-left-width: 6px !important;border-left-color: #c6b796 !important;border-left-style: solid !important;border-right-color: #c6b796 !important;border-right-style: solid !important;border-top-color: #c6b796 !important;border-top-style: solid !important;border-bottom-color: #c6b796 !important;border-bottom-style: solid !important;}&#8220;][\/vc_column_inner][vc_column_inner width=&#8220;1\/3&#8243;][vc_single_image image=&#8220;478&#8243; img_size=&#8220;large&#8220; css=&#8220;.vc_custom_1498811717193{border-top-width: 6px !important;border-right-width: 6px !important;border-bottom-width: 6px !important;border-left-width: 6px !important;border-left-color: #c6b796 !important;border-left-style: solid !important;border-right-color: #c6b796 !important;border-right-style: solid !important;border-top-color: #c6b796 !important;border-top-style: solid !important;border-bottom-color: #c6b796 !important;border-bottom-style: solid !important;}&#8220;][\/vc_column_inner][\/vc_row_inner][vc_column_text]Zahlreiche Pers\u00f6nlichkeiten des \u00f6ffentlichen Lebens, die zur Geschichte der Stadt Malaga, so wie wir sie heute kennen, beigetragen haben fanden auf dem Englischen Friedhof die letzte Ruhe. Nicht umsonst sind drei der f\u00fcnf Wappenelemente des Wappenschildes der Stadt M\u00e1laga mit diesen Pers\u00f6nlichkeiten verkn\u00fcpft.<\/p>\n<p>Hier in M\u00e1laga befindet sich das Krankenhaus Hospital Noble welches die Erben des Joseph William Noble der Stadt gespendet haben. Hier sind alle Matrosen beerdigt, die beim Untergang der Fregatte Gneisenau ertranken. Der Stadt Malaga wurde aufgrund der Rettungstaten der Beinamen Sehr Gastfreundlich \u201eMUY HOSPITALARIOS\u201c verliehen. Hier wurde auch der bereits erw\u00e4hnte Robert Boyd begraben, der zusammen mit Jos\u00e9 Mar\u00eda Torrijos sein Leben f\u00fcr die Freiheit Spaniens gab. M\u00e1laga wurde dadurch als \u201cLA PRIMERA EN EL PELIGRO DE LA LIBERTAD\u201d bekannt.[\/vc_column_text][vc_column_text]Hier liegen auch die menschlichen \u00dcberreste von wichtigen Pers\u00f6nlichkeiten wie die Schriftsteller Jorge Guill\u00e9n, Gerald Brenan , der finnische Autor Aarne Haapakoski oder Marjorie Grice-Hutchinson. Alle fanden auf diesem Friedhof ihre letzte Ruhe.[\/vc_column_text][vc_column_text]Mehr als 175 Jahren wurde der Friedhof von den britischen Konsuln in M\u00e1laga verwaltet. Die Britische Regierung unterst\u00fctzte die britischen Konsule mit einem kleinen Jahresbeitrag. Der Beitrag der Britischen Regierung wurde 1903 zur\u00fcckgezogen, was dazu f\u00fchrte, dass allm\u00e4hlich der Zustand des Friedhofs und der Zustand seiner G\u00e4rten, verfielen. Zum Ende des 20. Jahrhunderts galt der Friedhof als so gut wie aufgegeben.[\/vc_column_text][vc_separator color=&#8220;custom&#8220; style=&#8220;double&#8220; accent_color=&#8220;#c6b796&#8243;][vc_custom_heading text=&#8220;GR\u00dcNDUNG DER STIFTUNG ENGLISCHER FRIEDHOF VON M\u00c1LAGA&#8220; font_container=&#8220;tag:h5|text_align:left&#8220; use_theme_fonts=&#8220;yes&#8220;][vc_column_text]Die Nekropole befand sich in einem bedauerlichen Zustand als der ehemalige englische Konsul Bruce McIntyre vorschlug, das Grundst\u00fcck des Englischen Friedhofes in eine Stiftung einzubringen. Im Jahr 2006 wurde das Eigentum des Friedhofs der Stiftung \u201eCementerio Ingl\u00e9s de M\u00e1laga\u201c \u00fcbertragen. Die Stiftung Cementerio Ingl\u00e9s de M\u00e1laga ist eine gemeinn\u00fctzige Organisation die gegr\u00fcndet wurde um den Friedhof als Teil des historischen Erbes der Stadt M\u00e1laga zu bewahren, ihn zu erhalten und zu verwalten.[\/vc_column_text][vc_column_text]<strong>Der englische Friedhof von Malaga wurde im Jahr 2012 zum \u201cgesch\u00fctzten Kulturgut\u201d der Junta de Andaluc\u00eda ernannt und ist dank seines gro\u00dfen k\u00fcnstlerischen, historischen, literarischen und botanischen Wertes Mitglied der Vereinigung von bedeutenden Friedh\u00f6fen Europas (ASCE). <\/strong>[\/vc_column_text][vc_single_image image=&#8220;371&#8243; img_size=&#8220;large&#8220;][vc_column_text]Der Friedhof finanziert sich aus den Einnahmen des Verkaufes von B\u00fcchern \u00fcber den Friedhof, den Verkauf von Souvenirs sowie einem Beitrag zur Verwaltung des Denkmals und der Grabst\u00e4tten.<\/p>\n<p>Freiwillige Beitr\u00e4ge sind f\u00fcr die Aufrechterhaltung der Nekropolis unerl\u00e4sslich, damit die Stiftung auch weiterhin die Kosten f\u00fcr die Pflege der sch\u00f6nen G\u00e4rten mit der gro\u00dfen Anzahl von verschiedenen und \u00e4u\u00dferst interessanten botanischen Pflanzen bestreiten kann.[\/vc_column_text][vc_btn title=&#8220;Mache eine Spende&#8220; style=&#8220;flat&#8220; size=&#8220;lg&#8220; align=&#8220;left&#8220; link=&#8220;url:http%3A%2F%2Fcementerioinglesmalaga.org%2Fde%2Fla-fundacion%2Famigos-del-cementerio%2F|||&#8220; el_class=&#8220;boton-marron&#8220;][\/vc_column][\/vc_row]<\/p>\n<\/div>","protected":false},"excerpt":{"rendered":"<p>[vc_row][vc_column][vc_single_image image=&#8220;457&#8243; img_size=&#8220;full&#8220; css=&#8220;.vc_custom_1642690423765{border-top-width: 6px !important;border-right-width: 6px !important;border-bottom-width: 6px !important;border-left-width: 6px !important;border-left-color: #c6b796 !important;border-left-style: solid !important;border-right-color: #c6b796 !important;border-right-style: solid !important;border-top-color: #c6b796 !important;border-top-style: solid !important;border-bottom-color: #c6b796 !important;border-bottom-style: solid !important;}&#8220;][vc_custom_heading text=&#8220;DER ERSTE PROTESTANTISCHE FRIEDHOF VON SPANIEN&#8220; font_container=&#8220;tag:h3|text_align:left&#8220; use_theme_fonts=&#8220;yes&#8220;][vc_column_text]Viele Besucher stellen uns Fragen zum Bestehen des protestantischen Friedhofes in der Stadt M\u00e1laga. Was<span class=\"excerpt-hellip\"> [\u2026]<\/span><\/p>\n","protected":false},"author":4,"featured_media":0,"parent":100,"menu_order":1,"comment_status":"closed","ping_status":"closed","template":"","meta":[],"yoast_head":"<!-- This site is optimized with the Yoast SEO plugin v19.1 - https:\/\/yoast.com\/wordpress\/plugins\/seo\/ -->\n<title>Geschichte - Cementerio Ingl\u00e9s de M\u00e1laga<\/title>\n<meta name=\"robots\" content=\"index, follow, max-snippet:-1, max-image-preview:large, max-video-preview:-1\" \/>\n<link rel=\"canonical\" href=\"https:\/\/cementerioinglesmalaga.org\/cementerio\/historia\/\" \/>\n<meta property=\"og:locale\" content=\"de_DE\" \/>\n<meta property=\"og:type\" content=\"article\" \/>\n<meta property=\"og:title\" content=\"[:es]Historia[:en]History[:de]Geschichte[:] - Cementerio Ingl\u00e9s de M\u00e1laga\" \/>\n<meta property=\"og:description\" content=\"[vc_row][vc_column][vc_single_image image=&#8220;457&#8243; img_size=&#8220;full&#8220; css=&#8220;.vc_custom_1642690423765{border-top-width: 6px !important;border-right-width: 6px !important;border-bottom-width: 6px !important;border-left-width: 6px !important;border-left-color: #c6b796 !important;border-left-style: solid !important;border-right-color: #c6b796 !important;border-right-style: solid !important;border-top-color: #c6b796 !important;border-top-style: solid !important;border-bottom-color: #c6b796 !important;border-bottom-style: solid !important;}&#8220;][vc_custom_heading text=&#8220;DER ERSTE PROTESTANTISCHE FRIEDHOF VON SPANIEN&#8220; font_container=&#8220;tag:h3|text_align:left&#8220; use_theme_fonts=&#8220;yes&#8220;][vc_column_text]Viele Besucher stellen uns Fragen zum Bestehen des protestantischen Friedhofes in der Stadt M\u00e1laga. Was [\u2026]\" \/>\n<meta property=\"og:url\" content=\"https:\/\/cementerioinglesmalaga.org\/cementerio\/historia\/\" \/>\n<meta property=\"og:site_name\" content=\"Cementerio Ingl\u00e9s de M\u00e1laga\" \/>\n<meta property=\"article:publisher\" content=\"https:\/\/facebook.com\/CemIngMalaga\/\" \/>\n<meta property=\"article:modified_time\" content=\"2022-01-20T14:56:20+00:00\" \/>\n<meta property=\"og:image\" content=\"https:\/\/cementerioinglesmalaga.org\/wp-content\/uploads\/2019\/06\/ISOLOGO-Principal.png\" \/>\n\t<meta property=\"og:image:width\" content=\"1000\" \/>\n\t<meta property=\"og:image:height\" content=\"650\" \/>\n\t<meta property=\"og:image:type\" content=\"image\/png\" \/>\n<meta name=\"twitter:card\" content=\"summary\" \/>\n<meta name=\"twitter:site\" content=\"@ceminglesmlg\" \/>\n<meta name=\"twitter:label1\" content=\"Gesch\u00e4tzte Lesezeit\" \/>\n\t<meta name=\"twitter:data1\" content=\"4\u00a0Minuten\" \/>\n<script type=\"application\/ld+json\" class=\"yoast-schema-graph\">{\"@context\":\"https:\/\/schema.org\",\"@graph\":[{\"@type\":\"Organization\",\"@id\":\"https:\/\/cementerioinglesmalaga.org\/#organization\",\"name\":\"Fundaci\u00f3n Cementerio Ingl\u00e9s de M\u00e1laga\",\"url\":\"https:\/\/cementerioinglesmalaga.org\/\",\"sameAs\":[\"https:\/\/facebook.com\/CemIngMalaga\/\",\"https:\/\/twitter.com\/ceminglesmlg\"],\"logo\":{\"@type\":\"ImageObject\",\"inLanguage\":\"de\",\"@id\":\"https:\/\/cementerioinglesmalaga.org\/#\/schema\/logo\/image\/\",\"url\":\"https:\/\/cementerioinglesmalaga.org\/wp-content\/uploads\/2017\/07\/escudo-CIM-poli.png\",\"contentUrl\":\"https:\/\/cementerioinglesmalaga.org\/wp-content\/uploads\/2017\/07\/escudo-CIM-poli.png\",\"width\":313,\"height\":313,\"caption\":\"Fundaci\u00f3n Cementerio Ingl\u00e9s de M\u00e1laga\"},\"image\":{\"@id\":\"https:\/\/cementerioinglesmalaga.org\/#\/schema\/logo\/image\/\"}},{\"@type\":\"WebSite\",\"@id\":\"https:\/\/cementerioinglesmalaga.org\/#website\",\"url\":\"https:\/\/cementerioinglesmalaga.org\/\",\"name\":\"Cementerio Ingl\u00e9s de M\u00e1laga\",\"description\":\"P\u00e1gina oficial del primer cementerio protestante de la Espa\u00f1a Peninsular\",\"publisher\":{\"@id\":\"https:\/\/cementerioinglesmalaga.org\/#organization\"},\"potentialAction\":[{\"@type\":\"SearchAction\",\"target\":{\"@type\":\"EntryPoint\",\"urlTemplate\":\"https:\/\/cementerioinglesmalaga.org\/?s={search_term_string}\"},\"query-input\":\"required name=search_term_string\"}],\"inLanguage\":\"de\"},{\"@type\":\"WebPage\",\"@id\":\"https:\/\/cementerioinglesmalaga.org\/cementerio\/historia\/#webpage\",\"url\":\"https:\/\/cementerioinglesmalaga.org\/cementerio\/historia\/\",\"name\":\"[:es]Historia[:en]History[:de]Geschichte[:] - Cementerio Ingl\u00e9s de M\u00e1laga\",\"isPartOf\":{\"@id\":\"https:\/\/cementerioinglesmalaga.org\/#website\"},\"datePublished\":\"2016-03-21T10:15:02+00:00\",\"dateModified\":\"2022-01-20T14:56:20+00:00\",\"breadcrumb\":{\"@id\":\"https:\/\/cementerioinglesmalaga.org\/cementerio\/historia\/#breadcrumb\"},\"inLanguage\":\"de\",\"potentialAction\":[{\"@type\":\"ReadAction\",\"target\":[\"https:\/\/cementerioinglesmalaga.org\/cementerio\/historia\/\"]}]},{\"@type\":\"BreadcrumbList\",\"@id\":\"https:\/\/cementerioinglesmalaga.org\/cementerio\/historia\/#breadcrumb\",\"itemListElement\":[{\"@type\":\"ListItem\",\"position\":1,\"name\":\"Portada\",\"item\":\"https:\/\/cementerioinglesmalaga.org\/\"},{\"@type\":\"ListItem\",\"position\":2,\"name\":\"Cementerio\",\"item\":\"https:\/\/cementerioinglesmalaga.org\/cementerio\/\"},{\"@type\":\"ListItem\",\"position\":3,\"name\":\"Historia\"}]}]}<\/script>\n<!-- \/ Yoast SEO plugin. -->","yoast_head_json":{"title":"[:es]Historia[:en]History[:de]Geschichte[:] - Cementerio Ingl\u00e9s de M\u00e1laga","robots":{"index":"index","follow":"follow","max-snippet":"max-snippet:-1","max-image-preview":"max-image-preview:large","max-video-preview":"max-video-preview:-1"},"canonical":"https:\/\/cementerioinglesmalaga.org\/cementerio\/historia\/","og_locale":"de_DE","og_type":"article","og_title":"[:es]Historia[:en]History[:de]Geschichte[:] - Cementerio Ingl\u00e9s de M\u00e1laga","og_description":"[vc_row][vc_column][vc_single_image image=&#8220;457&#8243; img_size=&#8220;full&#8220; css=&#8220;.vc_custom_1642690423765{border-top-width: 6px !important;border-right-width: 6px !important;border-bottom-width: 6px !important;border-left-width: 6px !important;border-left-color: #c6b796 !important;border-left-style: solid !important;border-right-color: #c6b796 !important;border-right-style: solid !important;border-top-color: #c6b796 !important;border-top-style: solid !important;border-bottom-color: #c6b796 !important;border-bottom-style: solid !important;}&#8220;][vc_custom_heading text=&#8220;DER ERSTE PROTESTANTISCHE FRIEDHOF VON SPANIEN&#8220; font_container=&#8220;tag:h3|text_align:left&#8220; use_theme_fonts=&#8220;yes&#8220;][vc_column_text]Viele Besucher stellen uns Fragen zum Bestehen des protestantischen Friedhofes in der Stadt M\u00e1laga. Was [\u2026]","og_url":"https:\/\/cementerioinglesmalaga.org\/cementerio\/historia\/","og_site_name":"Cementerio Ingl\u00e9s de M\u00e1laga","article_publisher":"https:\/\/facebook.com\/CemIngMalaga\/","article_modified_time":"2022-01-20T14:56:20+00:00","og_image":[{"width":1000,"height":650,"url":"https:\/\/cementerioinglesmalaga.org\/wp-content\/uploads\/2019\/06\/ISOLOGO-Principal.png","type":"image\/png"}],"twitter_card":"summary","twitter_site":"@ceminglesmlg","twitter_misc":{"Gesch\u00e4tzte Lesezeit":"4\u00a0Minuten"},"schema":{"@context":"https:\/\/schema.org","@graph":[{"@type":"Organization","@id":"https:\/\/cementerioinglesmalaga.org\/#organization","name":"Fundaci\u00f3n Cementerio Ingl\u00e9s de M\u00e1laga","url":"https:\/\/cementerioinglesmalaga.org\/","sameAs":["https:\/\/facebook.com\/CemIngMalaga\/","https:\/\/twitter.com\/ceminglesmlg"],"logo":{"@type":"ImageObject","inLanguage":"de","@id":"https:\/\/cementerioinglesmalaga.org\/#\/schema\/logo\/image\/","url":"https:\/\/cementerioinglesmalaga.org\/wp-content\/uploads\/2017\/07\/escudo-CIM-poli.png","contentUrl":"https:\/\/cementerioinglesmalaga.org\/wp-content\/uploads\/2017\/07\/escudo-CIM-poli.png","width":313,"height":313,"caption":"Fundaci\u00f3n Cementerio Ingl\u00e9s de M\u00e1laga"},"image":{"@id":"https:\/\/cementerioinglesmalaga.org\/#\/schema\/logo\/image\/"}},{"@type":"WebSite","@id":"https:\/\/cementerioinglesmalaga.org\/#website","url":"https:\/\/cementerioinglesmalaga.org\/","name":"Cementerio Ingl\u00e9s de M\u00e1laga","description":"P\u00e1gina oficial del primer cementerio protestante de la Espa\u00f1a Peninsular","publisher":{"@id":"https:\/\/cementerioinglesmalaga.org\/#organization"},"potentialAction":[{"@type":"SearchAction","target":{"@type":"EntryPoint","urlTemplate":"https:\/\/cementerioinglesmalaga.org\/?s={search_term_string}"},"query-input":"required name=search_term_string"}],"inLanguage":"de"},{"@type":"WebPage","@id":"https:\/\/cementerioinglesmalaga.org\/cementerio\/historia\/#webpage","url":"https:\/\/cementerioinglesmalaga.org\/cementerio\/historia\/","name":"[:es]Historia[:en]History[:de]Geschichte[:] - Cementerio Ingl\u00e9s de M\u00e1laga","isPartOf":{"@id":"https:\/\/cementerioinglesmalaga.org\/#website"},"datePublished":"2016-03-21T10:15:02+00:00","dateModified":"2022-01-20T14:56:20+00:00","breadcrumb":{"@id":"https:\/\/cementerioinglesmalaga.org\/cementerio\/historia\/#breadcrumb"},"inLanguage":"de","potentialAction":[{"@type":"ReadAction","target":["https:\/\/cementerioinglesmalaga.org\/cementerio\/historia\/"]}]},{"@type":"BreadcrumbList","@id":"https:\/\/cementerioinglesmalaga.org\/cementerio\/historia\/#breadcrumb","itemListElement":[{"@type":"ListItem","position":1,"name":"Portada","item":"https:\/\/cementerioinglesmalaga.org\/"},{"@type":"ListItem","position":2,"name":"Cementerio","item":"https:\/\/cementerioinglesmalaga.org\/cementerio\/"},{"@type":"ListItem","position":3,"name":"Historia"}]}]}},"_links":{"self":[{"href":"https:\/\/cementerioinglesmalaga.org\/de\/wp-json\/wp\/v2\/pages\/10"}],"collection":[{"href":"https:\/\/cementerioinglesmalaga.org\/de\/wp-json\/wp\/v2\/pages"}],"about":[{"href":"https:\/\/cementerioinglesmalaga.org\/de\/wp-json\/wp\/v2\/types\/page"}],"author":[{"embeddable":true,"href":"https:\/\/cementerioinglesmalaga.org\/de\/wp-json\/wp\/v2\/users\/4"}],"replies":[{"embeddable":true,"href":"https:\/\/cementerioinglesmalaga.org\/de\/wp-json\/wp\/v2\/comments?post=10"}],"version-history":[{"count":45,"href":"https:\/\/cementerioinglesmalaga.org\/de\/wp-json\/wp\/v2\/pages\/10\/revisions"}],"predecessor-version":[{"id":1449,"href":"https:\/\/cementerioinglesmalaga.org\/de\/wp-json\/wp\/v2\/pages\/10\/revisions\/1449"}],"up":[{"embeddable":true,"href":"https:\/\/cementerioinglesmalaga.org\/de\/wp-json\/wp\/v2\/pages\/100"}],"wp:attachment":[{"href":"https:\/\/cementerioinglesmalaga.org\/de\/wp-json\/wp\/v2\/media?parent=10"}],"curies":[{"name":"wp","href":"https:\/\/api.w.org\/{rel}","templated":true}]}}