{"id":12,"date":"2016-03-21T10:20:39","date_gmt":"2016-03-21T10:20:39","guid":{"rendered":"http:\/\/cementerioinglesmalaga.org\/?page_id=12"},"modified":"2021-02-27T12:37:05","modified_gmt":"2021-02-27T10:37:05","slug":"la-fundacion","status":"publish","type":"page","link":"https:\/\/cementerioinglesmalaga.org\/de\/la-fundacion\/","title":{"rendered":"Die Stiftung"},"content":{"rendered":"<div class=\"wpb-content-wrapper\"><p>[vc_row][vc_column][vc_column_text]<strong>Seit 2006<\/strong> \u00fcbernimmt eine Stiftung die Leitung des englischen Friedhofs in Malaga. In Spanien, wo Bestattungen von der \u00f6ffentlichen Verwaltung geregelt wird, ist dies ein au\u00dfergew\u00f6hnlicher Umstand.<\/p>\n<p>Mit diesem Link der Website f\u00fchren wir Sie zu unserer Stiftung, die sich mit ganzer Kraft der Pflege und der Erhaltung des \u00e4ltesten protestantischen Friedhofs auf dem spanischen Festland und dem Verm\u00e4chtnis des historischen Erbes der Stadt Malaga widmet.<\/p>\n<p>Um unsere sozialen Aufgaben zu erf\u00fcllen ist die Stiftung des Englischen Friedhofes wie alle anderen Stiftungen auf das Sponsoring von Unternehmen sowie auf private Spenden angewiesen. Von hier aus bitten wir Sie um Ihre Spendenmithilfe, um die Arbeit der Stiftung auf diesen historischen Friedhof zu unterst\u00fctzen.[\/vc_column_text][vc_custom_heading text=&#8220;&#8230;Mit sehr Wenig k\u00f6nnen wir viel erreichen.&#8220; font_container=&#8220;tag:h4|font_size:24px|text_align:left&#8220; google_fonts=&#8220;font_family:Vollkorn%3Aregular%2Citalic%2C700%2C700italic|font_style:400%20italic%3A400%3Aitalic&#8220;][vc_empty_space height=&#8220;2px&#8220;][vc_separator color=&#8220;custom&#8220; style=&#8220;double&#8220; accent_color=&#8220;#c6b796&#8243;][\/vc_column][\/vc_row][vc_row][vc_column][vc_empty_space height=&#8220;2px&#8220;][vc_custom_heading text=&#8220;Stiftungsrat&#8220; font_container=&#8220;tag:h2|text_align:left|color:%23444444&#8243; use_theme_fonts=&#8220;yes&#8220;][vc_empty_space height=&#8220;2px&#8220;][vc_column_text]Der Stiftungsrat ist das Hauptorgan und das einzige Verwaltungs- und Vertretungsgremium einer Stiftung. Die Mitglieder des Rates werden \u201cpatrono\u201d genannt. Der Stiftungsrat ist verantwortlich f\u00fcr die Erf\u00fcllung des festgelegten Stiftungszwecks und der ordnungsgem\u00e4\u00dfen Verwaltung der Verwendung der Verm\u00f6genswerte der Stiftung.<\/p>\n<p>Der Vorstand unserer Stiftung besteht aus zehn Mitgliedern, bestehend aus dem Pr\u00e4sidenten, einem Vizepr\u00e4sidenten, einem Sekret\u00e4r und sieben weiteren Ratsmitgliedern. Die derzeitigen Vorstandsmitglieder sind:[\/vc_column_text][\/vc_column][\/vc_row][vc_row][vc_column width=&#8220;1\/3&#8243;]<div class=\"team team_vertical\"><div class=\"image_frame photo no_link scale-with-grid\"><div class=\"image_wrapper\"><img class=\"scale-with-grid\" src=\"https:\/\/cementerioinglesmalaga.org\/wp-content\/uploads\/2016\/03\/patronato-bruce-1.jpg\" alt=\"patronato-bruce\" width=\"300\" height=\"300\"\/><\/div><\/div><div class=\"desc_wrapper clearfix\"><h4 class=\"desc_wrappper_title\">Bruce McIntyre<\/h4><p class=\"subtitle\">Presidente<\/p><hr class=\"hr_color\" \/><div class=\"desc\"><\/div><\/div><\/div>\n[\/vc_column][vc_column width=&#8220;1\/3&#8243;]<div class=\"team team_vertical\"><div class=\"image_frame photo no_link scale-with-grid\"><div class=\"image_wrapper\"><img class=\"scale-with-grid\" src=\"https:\/\/cementerioinglesmalaga.org\/wp-content\/uploads\/2016\/03\/patronato-guillermo.jpg\" alt=\"patronato-jaime\" width=\"300\" height=\"300\"\/><\/div><\/div><div class=\"desc_wrapper clearfix\"><h4 class=\"desc_wrappper_title\">Jaime Aguilera<\/h4><p class=\"subtitle\">Vicepresidente<\/p><hr class=\"hr_color\" \/><div class=\"desc\"><\/div><\/div><\/div>\n[\/vc_column][vc_column width=&#8220;1\/3&#8243;]<div class=\"team team_vertical\"><div class=\"image_frame photo no_link scale-with-grid\"><div class=\"image_wrapper\"><img class=\"scale-with-grid\" src=\"https:\/\/cementerioinglesmalaga.org\/wp-content\/uploads\/2016\/03\/patronato-liz.jpg\" alt=\"patronato-liz\" width=\"300\" height=\"300\"\/><\/div><\/div><div class=\"desc_wrapper clearfix\"><h4 class=\"desc_wrappper_title\">Liz Parry<\/h4><p class=\"subtitle\">Secretaria<\/p><hr class=\"hr_color\" \/><div class=\"desc\"><\/div><\/div><\/div>\n[\/vc_column][\/vc_row][vc_row][vc_column width=&#8220;1\/3&#8243;]<div class=\"team team_vertical\"><div class=\"image_frame photo no_link scale-with-grid\"><div class=\"image_wrapper\"><img class=\"scale-with-grid\" src=\"https:\/\/cementerioinglesmalaga.org\/wp-content\/uploads\/2016\/03\/Eckhard.jpg\" alt=\"Eckhard\" width=\"300\" height=\"300\"\/><\/div><\/div><div class=\"desc_wrapper clearfix\"><h4 class=\"desc_wrappper_title\">Eckhard Seelig<\/h4><p class=\"subtitle\">Vocal<\/p><hr class=\"hr_color\" \/><div class=\"desc\"><\/div><\/div><\/div>\n[\/vc_column][vc_column width=&#8220;1\/3&#8243;]<div class=\"team team_vertical\"><div class=\"image_frame photo no_link scale-with-grid\"><div class=\"image_wrapper\"><img class=\"scale-with-grid\" src=\"https:\/\/cementerioinglesmalaga.org\/wp-content\/uploads\/2016\/03\/patronato-victoria.jpg\" alt=\"patronato-victoria\" width=\"300\" height=\"300\"\/><\/div><\/div><div class=\"desc_wrapper clearfix\"><h4 class=\"desc_wrappper_title\">Victoria Ord\u00f3\u00f1ez<\/h4><p class=\"subtitle\">Vocal<\/p><hr class=\"hr_color\" \/><div class=\"desc\"><\/div><\/div><\/div>\n[\/vc_column][vc_column width=&#8220;1\/3&#8243;]<div class=\"team team_vertical\"><div class=\"image_frame photo no_link scale-with-grid\"><div class=\"image_wrapper\"><img class=\"scale-with-grid\" src=\"https:\/\/cementerioinglesmalaga.org\/wp-content\/uploads\/2018\/03\/isabelmaria2.jpg\" alt=\"isabelmaria2\" width=\"480\" height=\"480\"\/><\/div><\/div><div class=\"desc_wrapper clearfix\"><h4 class=\"desc_wrappper_title\">Isabel Mu\u00f1oz<\/h4><p class=\"subtitle\">Vocal<\/p><hr class=\"hr_color\" \/><div class=\"desc\"><\/div><\/div><\/div>\n[\/vc_column][\/vc_row][vc_row][vc_column width=&#8220;1\/3&#8243;]<div class=\"team team_vertical\"><div class=\"image_frame photo no_link scale-with-grid\"><div class=\"image_wrapper\"><img class=\"scale-with-grid\" src=\"https:\/\/cementerioinglesmalaga.org\/wp-content\/uploads\/2016\/03\/patronato-alex.jpg\" alt=\"patronato-alex\" width=\"300\" height=\"300\"\/><\/div><\/div><div class=\"desc_wrapper clearfix\"><h4 class=\"desc_wrappper_title\">Alex Radford<\/h4><p class=\"subtitle\">Asesor Legal<\/p><hr class=\"hr_color\" \/><div class=\"desc\"><\/div><\/div><\/div>\n[\/vc_column][vc_column width=&#8220;1\/3&#8243;]<div class=\"team team_vertical\"><div class=\"image_frame photo no_link scale-with-grid\"><div class=\"image_wrapper\"><img class=\"scale-with-grid\" src=\"https:\/\/cementerioinglesmalaga.org\/wp-content\/uploads\/2016\/03\/patronato-Rosslyn.jpg\" alt=\"patronato-Rosslyn\" width=\"300\" height=\"300\"\/><\/div><\/div><div class=\"desc_wrapper clearfix\"><h4 class=\"desc_wrappper_title\">Rosslyn Crotty<\/h4><p class=\"subtitle\">Vocal<\/p><hr class=\"hr_color\" \/><div class=\"desc\"><\/div><\/div><\/div>\n[\/vc_column][vc_column width=&#8220;1\/3&#8243;]<div class=\"team team_vertical\"><div class=\"image_frame photo no_link scale-with-grid\"><div class=\"image_wrapper\"><img class=\"scale-with-grid\" src=\"https:\/\/cementerioinglesmalaga.org\/wp-content\/uploads\/2016\/03\/patronato-sandra.jpg\" alt=\"patronato-sandra\" width=\"300\" height=\"300\"\/><\/div><\/div><div class=\"desc_wrapper clearfix\"><h4 class=\"desc_wrappper_title\">Sandra Wrightson<\/h4><p class=\"subtitle\">Asesora legal<\/p><hr class=\"hr_color\" \/><div class=\"desc\"><\/div><\/div><\/div>\n[\/vc_column][\/vc_row]<\/p>\n<\/div>","protected":false},"excerpt":{"rendered":"<p>[vc_row][vc_column][vc_column_text]Seit 2006 \u00fcbernimmt eine Stiftung die Leitung des englischen Friedhofs in Malaga. In Spanien, wo Bestattungen von der \u00f6ffentlichen Verwaltung geregelt wird, ist dies ein au\u00dfergew\u00f6hnlicher Umstand. Mit diesem Link der Website f\u00fchren wir Sie zu unserer Stiftung, die sich mit ganzer Kraft der Pflege und der Erhaltung des \u00e4ltesten<span class=\"excerpt-hellip\"> [\u2026]<\/span><\/p>\n","protected":false},"author":4,"featured_media":0,"parent":0,"menu_order":3,"comment_status":"closed","ping_status":"closed","template":"","meta":[],"yoast_head":"<!-- This site is optimized with the Yoast SEO plugin v19.1 - https:\/\/yoast.com\/wordpress\/plugins\/seo\/ -->\n<title>Die Stiftung - Cementerio Ingl\u00e9s de M\u00e1laga<\/title>\n<meta name=\"robots\" content=\"index, follow, max-snippet:-1, max-image-preview:large, max-video-preview:-1\" \/>\n<link rel=\"canonical\" href=\"https:\/\/cementerioinglesmalaga.org\/la-fundacion\/\" \/>\n<meta property=\"og:locale\" content=\"de_DE\" \/>\n<meta property=\"og:type\" content=\"article\" \/>\n<meta property=\"og:title\" content=\"[:es]La Fundaci\u00f3n[:en]About the foundation[:de]Die Stiftung[:] - Cementerio Ingl\u00e9s de M\u00e1laga\" \/>\n<meta property=\"og:description\" content=\"[vc_row][vc_column][vc_column_text]Seit 2006 \u00fcbernimmt eine Stiftung die Leitung des englischen Friedhofs in Malaga. In Spanien, wo Bestattungen von der \u00f6ffentlichen Verwaltung geregelt wird, ist dies ein au\u00dfergew\u00f6hnlicher Umstand. Mit diesem Link der Website f\u00fchren wir Sie zu unserer Stiftung, die sich mit ganzer Kraft der Pflege und der Erhaltung des \u00e4ltesten [\u2026]\" \/>\n<meta property=\"og:url\" content=\"https:\/\/cementerioinglesmalaga.org\/la-fundacion\/\" \/>\n<meta property=\"og:site_name\" content=\"Cementerio Ingl\u00e9s de M\u00e1laga\" \/>\n<meta property=\"article:publisher\" content=\"https:\/\/facebook.com\/CemIngMalaga\/\" \/>\n<meta property=\"article:modified_time\" content=\"2021-02-27T10:37:05+00:00\" \/>\n<meta property=\"og:image\" content=\"https:\/\/cementerioinglesmalaga.org\/wp-content\/uploads\/2019\/06\/ISOLOGO-Principal.png\" \/>\n\t<meta property=\"og:image:width\" content=\"1000\" \/>\n\t<meta property=\"og:image:height\" content=\"650\" \/>\n\t<meta property=\"og:image:type\" content=\"image\/png\" \/>\n<meta name=\"twitter:card\" content=\"summary\" \/>\n<meta name=\"twitter:site\" content=\"@ceminglesmlg\" \/>\n<meta name=\"twitter:label1\" content=\"Gesch\u00e4tzte Lesezeit\" \/>\n\t<meta name=\"twitter:data1\" content=\"7\u00a0Minuten\" \/>\n<script type=\"application\/ld+json\" class=\"yoast-schema-graph\">{\"@context\":\"https:\/\/schema.org\",\"@graph\":[{\"@type\":\"Organization\",\"@id\":\"https:\/\/cementerioinglesmalaga.org\/#organization\",\"name\":\"Fundaci\u00f3n Cementerio Ingl\u00e9s de M\u00e1laga\",\"url\":\"https:\/\/cementerioinglesmalaga.org\/\",\"sameAs\":[\"https:\/\/facebook.com\/CemIngMalaga\/\",\"https:\/\/twitter.com\/ceminglesmlg\"],\"logo\":{\"@type\":\"ImageObject\",\"inLanguage\":\"de\",\"@id\":\"https:\/\/cementerioinglesmalaga.org\/#\/schema\/logo\/image\/\",\"url\":\"https:\/\/cementerioinglesmalaga.org\/wp-content\/uploads\/2017\/07\/escudo-CIM-poli.png\",\"contentUrl\":\"https:\/\/cementerioinglesmalaga.org\/wp-content\/uploads\/2017\/07\/escudo-CIM-poli.png\",\"width\":313,\"height\":313,\"caption\":\"Fundaci\u00f3n Cementerio Ingl\u00e9s de M\u00e1laga\"},\"image\":{\"@id\":\"https:\/\/cementerioinglesmalaga.org\/#\/schema\/logo\/image\/\"}},{\"@type\":\"WebSite\",\"@id\":\"https:\/\/cementerioinglesmalaga.org\/#website\",\"url\":\"https:\/\/cementerioinglesmalaga.org\/\",\"name\":\"Cementerio Ingl\u00e9s de M\u00e1laga\",\"description\":\"P\u00e1gina oficial del primer cementerio protestante de la Espa\u00f1a Peninsular\",\"publisher\":{\"@id\":\"https:\/\/cementerioinglesmalaga.org\/#organization\"},\"potentialAction\":[{\"@type\":\"SearchAction\",\"target\":{\"@type\":\"EntryPoint\",\"urlTemplate\":\"https:\/\/cementerioinglesmalaga.org\/?s={search_term_string}\"},\"query-input\":\"required name=search_term_string\"}],\"inLanguage\":\"de\"},{\"@type\":\"WebPage\",\"@id\":\"https:\/\/cementerioinglesmalaga.org\/la-fundacion\/#webpage\",\"url\":\"https:\/\/cementerioinglesmalaga.org\/la-fundacion\/\",\"name\":\"[:es]La Fundaci\u00f3n[:en]About the foundation[:de]Die Stiftung[:] - Cementerio Ingl\u00e9s de M\u00e1laga\",\"isPartOf\":{\"@id\":\"https:\/\/cementerioinglesmalaga.org\/#website\"},\"datePublished\":\"2016-03-21T10:20:39+00:00\",\"dateModified\":\"2021-02-27T10:37:05+00:00\",\"breadcrumb\":{\"@id\":\"https:\/\/cementerioinglesmalaga.org\/la-fundacion\/#breadcrumb\"},\"inLanguage\":\"de\",\"potentialAction\":[{\"@type\":\"ReadAction\",\"target\":[\"https:\/\/cementerioinglesmalaga.org\/la-fundacion\/\"]}]},{\"@type\":\"BreadcrumbList\",\"@id\":\"https:\/\/cementerioinglesmalaga.org\/la-fundacion\/#breadcrumb\",\"itemListElement\":[{\"@type\":\"ListItem\",\"position\":1,\"name\":\"Portada\",\"item\":\"https:\/\/cementerioinglesmalaga.org\/\"},{\"@type\":\"ListItem\",\"position\":2,\"name\":\"La Fundaci\u00f3n\"}]}]}<\/script>\n<!-- \/ Yoast SEO plugin. -->","yoast_head_json":{"title":"[:es]La Fundaci\u00f3n[:en]About the foundation[:de]Die Stiftung[:] - Cementerio Ingl\u00e9s de M\u00e1laga","robots":{"index":"index","follow":"follow","max-snippet":"max-snippet:-1","max-image-preview":"max-image-preview:large","max-video-preview":"max-video-preview:-1"},"canonical":"https:\/\/cementerioinglesmalaga.org\/la-fundacion\/","og_locale":"de_DE","og_type":"article","og_title":"[:es]La Fundaci\u00f3n[:en]About the foundation[:de]Die Stiftung[:] - Cementerio Ingl\u00e9s de M\u00e1laga","og_description":"[vc_row][vc_column][vc_column_text]Seit 2006 \u00fcbernimmt eine Stiftung die Leitung des englischen Friedhofs in Malaga. In Spanien, wo Bestattungen von der \u00f6ffentlichen Verwaltung geregelt wird, ist dies ein au\u00dfergew\u00f6hnlicher Umstand. Mit diesem Link der Website f\u00fchren wir Sie zu unserer Stiftung, die sich mit ganzer Kraft der Pflege und der Erhaltung des \u00e4ltesten [\u2026]","og_url":"https:\/\/cementerioinglesmalaga.org\/la-fundacion\/","og_site_name":"Cementerio Ingl\u00e9s de M\u00e1laga","article_publisher":"https:\/\/facebook.com\/CemIngMalaga\/","article_modified_time":"2021-02-27T10:37:05+00:00","og_image":[{"width":1000,"height":650,"url":"https:\/\/cementerioinglesmalaga.org\/wp-content\/uploads\/2019\/06\/ISOLOGO-Principal.png","type":"image\/png"}],"twitter_card":"summary","twitter_site":"@ceminglesmlg","twitter_misc":{"Gesch\u00e4tzte Lesezeit":"7\u00a0Minuten"},"schema":{"@context":"https:\/\/schema.org","@graph":[{"@type":"Organization","@id":"https:\/\/cementerioinglesmalaga.org\/#organization","name":"Fundaci\u00f3n Cementerio Ingl\u00e9s de M\u00e1laga","url":"https:\/\/cementerioinglesmalaga.org\/","sameAs":["https:\/\/facebook.com\/CemIngMalaga\/","https:\/\/twitter.com\/ceminglesmlg"],"logo":{"@type":"ImageObject","inLanguage":"de","@id":"https:\/\/cementerioinglesmalaga.org\/#\/schema\/logo\/image\/","url":"https:\/\/cementerioinglesmalaga.org\/wp-content\/uploads\/2017\/07\/escudo-CIM-poli.png","contentUrl":"https:\/\/cementerioinglesmalaga.org\/wp-content\/uploads\/2017\/07\/escudo-CIM-poli.png","width":313,"height":313,"caption":"Fundaci\u00f3n Cementerio Ingl\u00e9s de M\u00e1laga"},"image":{"@id":"https:\/\/cementerioinglesmalaga.org\/#\/schema\/logo\/image\/"}},{"@type":"WebSite","@id":"https:\/\/cementerioinglesmalaga.org\/#website","url":"https:\/\/cementerioinglesmalaga.org\/","name":"Cementerio Ingl\u00e9s de M\u00e1laga","description":"P\u00e1gina oficial del primer cementerio protestante de la Espa\u00f1a Peninsular","publisher":{"@id":"https:\/\/cementerioinglesmalaga.org\/#organization"},"potentialAction":[{"@type":"SearchAction","target":{"@type":"EntryPoint","urlTemplate":"https:\/\/cementerioinglesmalaga.org\/?s={search_term_string}"},"query-input":"required name=search_term_string"}],"inLanguage":"de"},{"@type":"WebPage","@id":"https:\/\/cementerioinglesmalaga.org\/la-fundacion\/#webpage","url":"https:\/\/cementerioinglesmalaga.org\/la-fundacion\/","name":"[:es]La Fundaci\u00f3n[:en]About the foundation[:de]Die Stiftung[:] - Cementerio Ingl\u00e9s de M\u00e1laga","isPartOf":{"@id":"https:\/\/cementerioinglesmalaga.org\/#website"},"datePublished":"2016-03-21T10:20:39+00:00","dateModified":"2021-02-27T10:37:05+00:00","breadcrumb":{"@id":"https:\/\/cementerioinglesmalaga.org\/la-fundacion\/#breadcrumb"},"inLanguage":"de","potentialAction":[{"@type":"ReadAction","target":["https:\/\/cementerioinglesmalaga.org\/la-fundacion\/"]}]},{"@type":"BreadcrumbList","@id":"https:\/\/cementerioinglesmalaga.org\/la-fundacion\/#breadcrumb","itemListElement":[{"@type":"ListItem","position":1,"name":"Portada","item":"https:\/\/cementerioinglesmalaga.org\/"},{"@type":"ListItem","position":2,"name":"La Fundaci\u00f3n"}]}]}},"_links":{"self":[{"href":"https:\/\/cementerioinglesmalaga.org\/de\/wp-json\/wp\/v2\/pages\/12"}],"collection":[{"href":"https:\/\/cementerioinglesmalaga.org\/de\/wp-json\/wp\/v2\/pages"}],"about":[{"href":"https:\/\/cementerioinglesmalaga.org\/de\/wp-json\/wp\/v2\/types\/page"}],"author":[{"embeddable":true,"href":"https:\/\/cementerioinglesmalaga.org\/de\/wp-json\/wp\/v2\/users\/4"}],"replies":[{"embeddable":true,"href":"https:\/\/cementerioinglesmalaga.org\/de\/wp-json\/wp\/v2\/comments?post=12"}],"version-history":[{"count":56,"href":"https:\/\/cementerioinglesmalaga.org\/de\/wp-json\/wp\/v2\/pages\/12\/revisions"}],"predecessor-version":[{"id":1340,"href":"https:\/\/cementerioinglesmalaga.org\/de\/wp-json\/wp\/v2\/pages\/12\/revisions\/1340"}],"wp:attachment":[{"href":"https:\/\/cementerioinglesmalaga.org\/de\/wp-json\/wp\/v2\/media?parent=12"}],"curies":[{"name":"wp","href":"https:\/\/api.w.org\/{rel}","templated":true}]}}