{"id":14,"date":"2016-03-21T10:21:43","date_gmt":"2016-03-21T10:21:43","guid":{"rendered":"http:\/\/cementerioinglesmalaga.org\/?page_id=14"},"modified":"2021-12-01T11:12:33","modified_gmt":"2021-12-01T09:12:33","slug":"visitas","status":"publish","type":"page","link":"https:\/\/cementerioinglesmalaga.org\/de\/visitas\/","title":{"rendered":"Besucherinformation"},"content":{"rendered":"<div class=\"wpb-content-wrapper\"><p>[vc_row][vc_column][vc_column_text][\/vc_column_text][\/vc_column][\/vc_row][vc_row][vc_column][vc_single_image image=&#8220;279&#8243; img_size=&#8220;large&#8220; css=&#8220;.vc_custom_1497611442779{border-top-width: 6px !important;border-right-width: 6px !important;border-bottom-width: 6px !important;border-left-width: 6px !important;border-left-color: #c6b796 !important;border-left-style: solid !important;border-right-color: #c6b796 !important;border-right-style: solid !important;border-top-color: #c6b796 !important;border-top-style: solid !important;border-bottom-color: #c6b796 !important;border-bottom-style: solid !important;}&#8220;][vc_empty_space height=&#8220;1px&#8220;][vc_custom_heading text=&#8220;LAGE DES FRIEDHOFS&#8220; font_container=&#8220;tag:h3|text_align:left&#8220; use_theme_fonts=&#8220;yes&#8220;][vc_column_text]Der englische Friedhof von Malaga befindet sich in der der Avenida de Pries, 1, am Ende des Paseo de Reding und gleich schr\u00e4g gegen\u00fcber dem neuen Hotel Miramar.<\/p>\n<p>Das Hotel Miramar liegt nur 5 Minuten zu Fu\u00df vom Museum Pompidou bzw. 15 Minuten von der Calle Larios entfernt. Der Besuch des Friedhofes bietet sich an nachdem Sie die Morgenbesichtigung der Stadt beendet haben.[\/vc_column_text][vc_btn title=&#8220;SIEHE KARTE&#8220; style=&#8220;flat&#8220; color=&#8220;success&#8220; align=&#8220;left&#8220; link=&#8220;url:https%3A%2F%2Fwww.google.es%2Fmaps%2Fplace%2FCementerio%2Bingl%25C3%25A9s%2F%4036.7213609%2C-4.4090071%2C17z%2Fdata%3D!3m1!4b1!4m5!3m4!1s0xd72f7e7ef3083cb%3A0x71b05d9b52875d0c!8m2!3d36.7213609!4d-4.4068184%3Fhl%3Des||target:%20_blank|&#8220; el_class=&#8220;boton-marron&#8220;][vc_column_text]<em>Anfahrt:Der Englische Friedhof ist sehr einfach mit dem Auto zu erreichen.Wenn Sie mit dem Auto den Friedhof anfahren, empfehlen wir Ihnen, Ihr Auto im Parkhaus \u201cPlaza de Toros\u201d abzustellen. Das Parkhaus befindet sich in unmittelbarer N\u00e4he des Englischen Friedhofes.<\/em>[\/vc_column_text][vc_separator color=&#8220;custom&#8220; style=&#8220;double&#8220; accent_color=&#8220;#c6b796&#8243;][vc_custom_heading text=&#8220;\u00d6FFNUNGSZEITEN&#8220; font_container=&#8220;tag:h3|text_align:left&#8220; use_theme_fonts=&#8220;yes&#8220;][vc_column_text]Ge\u00f6ffnet Dienstag bis Sonntag, 09.00 bis 14.00 Uhr<\/p>\n<p>Montag geschlossen (au\u00dfer an Feiertagen)[\/vc_column_text][vc_empty_space height=&#8220;1px&#8220;][vc_separator color=&#8220;custom&#8220; style=&#8220;double&#8220; accent_color=&#8220;#c6b796&#8243;][vc_custom_heading text=&#8220;PREISE&#8220; font_container=&#8220;tag:h3|text_align:left&#8220; use_theme_fonts=&#8220;yes&#8220;][vc_column_text css=&#8220;.vc_custom_1612268754579{padding-top: 20px !important;padding-right: 20px !important;padding-bottom: 20px !important;padding-left: 20px !important;background-color: #0a4a35 !important;}&#8220; el_class=&#8220;text-white&#8220;]<\/p>\n<h4><strong>Erwachsene: 5\u20ac<\/strong><\/h4>\n<p>[\/vc_column_text][vc_column_text css=&#8220;.vc_custom_1612268767302{padding-top: 20px !important;padding-right: 20px !important;padding-bottom: 20px !important;padding-left: 20px !important;background-color: #0a4a35 !important;}&#8220; el_class=&#8220;text-white&#8220;]<\/p>\n<h4><strong>ERM\u00c4SSIGUNG (nur in Verbindung mit Akkreditierung): 4\u20ac<\/strong><\/h4>\n<ul>\n<li>Rentner<\/li>\n<li>Studenten<\/li>\n<\/ul>\n<p><em>Gruppen gr\u00f6\u00dfer als 15 Personen: 3 \u20ac<\/em>[\/vc_column_text][vc_column_text css=&#8220;.vc_custom_1522146647457{padding-top: 20px !important;padding-right: 20px !important;padding-bottom: 20px !important;padding-left: 20px !important;background-color: #0a4a35 !important;}&#8220; el_class=&#8220;text-white&#8220;]<\/p>\n<h4><strong>FREIER EINTRITT: 0\u20ac<\/strong><\/h4>\n<ul>\n<li>Verwandte der Verstorbenen<\/li>\n<li>Veranstaltungsteilnehmer und Mitglieder der St. Georgs-Kirche<\/li>\n<li>Kinder unter 12 Jahren<\/li>\n<\/ul>\n<p>[\/vc_column_text][\/vc_column][\/vc_row][vc_row][vc_column][vc_column_text][\/vc_column_text][\/vc_column][\/vc_row]<\/p>\n<\/div>","protected":false},"excerpt":{"rendered":"<p>[vc_row][vc_column][vc_column_text][\/vc_column_text][\/vc_column][\/vc_row][vc_row][vc_column][vc_single_image image=&#8220;279&#8243; img_size=&#8220;large&#8220; css=&#8220;.vc_custom_1497611442779{border-top-width: 6px !important;border-right-width: 6px !important;border-bottom-width: 6px !important;border-left-width: 6px !important;border-left-color: #c6b796 !important;border-left-style: solid !important;border-right-color: #c6b796 !important;border-right-style: solid !important;border-top-color: #c6b796 !important;border-top-style: solid !important;border-bottom-color: #c6b796 !important;border-bottom-style: solid !important;}&#8220;][vc_empty_space height=&#8220;1px&#8220;][vc_custom_heading text=&#8220;LAGE DES FRIEDHOFS&#8220; font_container=&#8220;tag:h3|text_align:left&#8220; use_theme_fonts=&#8220;yes&#8220;][vc_column_text]Der englische Friedhof von Malaga befindet sich in der der Avenida de Pries, 1, am Ende des<span class=\"excerpt-hellip\"> [\u2026]<\/span><\/p>\n","protected":false},"author":4,"featured_media":0,"parent":0,"menu_order":2,"comment_status":"closed","ping_status":"closed","template":"","meta":[],"yoast_head":"<!-- This site is optimized with the Yoast SEO plugin v19.1 - https:\/\/yoast.com\/wordpress\/plugins\/seo\/ -->\n<title>Besucherinformation - Cementerio Ingl\u00e9s de M\u00e1laga<\/title>\n<meta name=\"robots\" content=\"index, follow, max-snippet:-1, max-image-preview:large, max-video-preview:-1\" \/>\n<link rel=\"canonical\" href=\"https:\/\/cementerioinglesmalaga.org\/visitas\/\" \/>\n<meta property=\"og:locale\" content=\"de_DE\" \/>\n<meta property=\"og:type\" content=\"article\" \/>\n<meta property=\"og:title\" content=\"[:es]Horarios y Tarifas[:en]Visits[:de]Besucherinformation[:] - Cementerio Ingl\u00e9s de M\u00e1laga\" \/>\n<meta property=\"og:description\" content=\"[vc_row][vc_column][vc_column_text][\/vc_column_text][\/vc_column][\/vc_row][vc_row][vc_column][vc_single_image image=&#8220;279&#8243; img_size=&#8220;large&#8220; css=&#8220;.vc_custom_1497611442779{border-top-width: 6px !important;border-right-width: 6px !important;border-bottom-width: 6px !important;border-left-width: 6px !important;border-left-color: #c6b796 !important;border-left-style: solid !important;border-right-color: #c6b796 !important;border-right-style: solid !important;border-top-color: #c6b796 !important;border-top-style: solid !important;border-bottom-color: #c6b796 !important;border-bottom-style: solid !important;}&#8220;][vc_empty_space height=&#8220;1px&#8220;][vc_custom_heading text=&#8220;LAGE DES FRIEDHOFS&#8220; font_container=&#8220;tag:h3|text_align:left&#8220; use_theme_fonts=&#8220;yes&#8220;][vc_column_text]Der englische Friedhof von Malaga befindet sich in der der Avenida de Pries, 1, am Ende des [\u2026]\" \/>\n<meta property=\"og:url\" content=\"https:\/\/cementerioinglesmalaga.org\/visitas\/\" \/>\n<meta property=\"og:site_name\" content=\"Cementerio Ingl\u00e9s de M\u00e1laga\" \/>\n<meta property=\"article:publisher\" content=\"https:\/\/facebook.com\/CemIngMalaga\/\" \/>\n<meta property=\"article:modified_time\" content=\"2021-12-01T09:12:33+00:00\" \/>\n<meta property=\"og:image\" content=\"https:\/\/cementerioinglesmalaga.org\/wp-content\/uploads\/2019\/06\/ISOLOGO-Principal.png\" \/>\n\t<meta property=\"og:image:width\" content=\"1000\" \/>\n\t<meta property=\"og:image:height\" content=\"650\" \/>\n\t<meta property=\"og:image:type\" content=\"image\/png\" \/>\n<meta name=\"twitter:card\" content=\"summary\" \/>\n<meta name=\"twitter:site\" content=\"@ceminglesmlg\" \/>\n<meta name=\"twitter:label1\" content=\"Gesch\u00e4tzte Lesezeit\" \/>\n\t<meta name=\"twitter:data1\" content=\"4\u00a0Minuten\" \/>\n<script type=\"application\/ld+json\" class=\"yoast-schema-graph\">{\"@context\":\"https:\/\/schema.org\",\"@graph\":[{\"@type\":\"Organization\",\"@id\":\"https:\/\/cementerioinglesmalaga.org\/#organization\",\"name\":\"Fundaci\u00f3n Cementerio Ingl\u00e9s de M\u00e1laga\",\"url\":\"https:\/\/cementerioinglesmalaga.org\/\",\"sameAs\":[\"https:\/\/facebook.com\/CemIngMalaga\/\",\"https:\/\/twitter.com\/ceminglesmlg\"],\"logo\":{\"@type\":\"ImageObject\",\"inLanguage\":\"de\",\"@id\":\"https:\/\/cementerioinglesmalaga.org\/#\/schema\/logo\/image\/\",\"url\":\"https:\/\/cementerioinglesmalaga.org\/wp-content\/uploads\/2017\/07\/escudo-CIM-poli.png\",\"contentUrl\":\"https:\/\/cementerioinglesmalaga.org\/wp-content\/uploads\/2017\/07\/escudo-CIM-poli.png\",\"width\":313,\"height\":313,\"caption\":\"Fundaci\u00f3n Cementerio Ingl\u00e9s de M\u00e1laga\"},\"image\":{\"@id\":\"https:\/\/cementerioinglesmalaga.org\/#\/schema\/logo\/image\/\"}},{\"@type\":\"WebSite\",\"@id\":\"https:\/\/cementerioinglesmalaga.org\/#website\",\"url\":\"https:\/\/cementerioinglesmalaga.org\/\",\"name\":\"Cementerio Ingl\u00e9s de M\u00e1laga\",\"description\":\"P\u00e1gina oficial del primer cementerio protestante de la Espa\u00f1a Peninsular\",\"publisher\":{\"@id\":\"https:\/\/cementerioinglesmalaga.org\/#organization\"},\"potentialAction\":[{\"@type\":\"SearchAction\",\"target\":{\"@type\":\"EntryPoint\",\"urlTemplate\":\"https:\/\/cementerioinglesmalaga.org\/?s={search_term_string}\"},\"query-input\":\"required name=search_term_string\"}],\"inLanguage\":\"de\"},{\"@type\":\"WebPage\",\"@id\":\"https:\/\/cementerioinglesmalaga.org\/visitas\/#webpage\",\"url\":\"https:\/\/cementerioinglesmalaga.org\/visitas\/\",\"name\":\"[:es]Horarios y Tarifas[:en]Visits[:de]Besucherinformation[:] - Cementerio Ingl\u00e9s de M\u00e1laga\",\"isPartOf\":{\"@id\":\"https:\/\/cementerioinglesmalaga.org\/#website\"},\"datePublished\":\"2016-03-21T10:21:43+00:00\",\"dateModified\":\"2021-12-01T09:12:33+00:00\",\"breadcrumb\":{\"@id\":\"https:\/\/cementerioinglesmalaga.org\/visitas\/#breadcrumb\"},\"inLanguage\":\"de\",\"potentialAction\":[{\"@type\":\"ReadAction\",\"target\":[\"https:\/\/cementerioinglesmalaga.org\/visitas\/\"]}]},{\"@type\":\"BreadcrumbList\",\"@id\":\"https:\/\/cementerioinglesmalaga.org\/visitas\/#breadcrumb\",\"itemListElement\":[{\"@type\":\"ListItem\",\"position\":1,\"name\":\"Portada\",\"item\":\"https:\/\/cementerioinglesmalaga.org\/\"},{\"@type\":\"ListItem\",\"position\":2,\"name\":\"Horarios y Tarifas\"}]}]}<\/script>\n<!-- \/ Yoast SEO plugin. -->","yoast_head_json":{"title":"[:es]Horarios y Tarifas[:en]Visits[:de]Besucherinformation[:] - Cementerio Ingl\u00e9s de M\u00e1laga","robots":{"index":"index","follow":"follow","max-snippet":"max-snippet:-1","max-image-preview":"max-image-preview:large","max-video-preview":"max-video-preview:-1"},"canonical":"https:\/\/cementerioinglesmalaga.org\/visitas\/","og_locale":"de_DE","og_type":"article","og_title":"[:es]Horarios y Tarifas[:en]Visits[:de]Besucherinformation[:] - Cementerio Ingl\u00e9s de M\u00e1laga","og_description":"[vc_row][vc_column][vc_column_text][\/vc_column_text][\/vc_column][\/vc_row][vc_row][vc_column][vc_single_image image=&#8220;279&#8243; img_size=&#8220;large&#8220; css=&#8220;.vc_custom_1497611442779{border-top-width: 6px !important;border-right-width: 6px !important;border-bottom-width: 6px !important;border-left-width: 6px !important;border-left-color: #c6b796 !important;border-left-style: solid !important;border-right-color: #c6b796 !important;border-right-style: solid !important;border-top-color: #c6b796 !important;border-top-style: solid !important;border-bottom-color: #c6b796 !important;border-bottom-style: solid !important;}&#8220;][vc_empty_space height=&#8220;1px&#8220;][vc_custom_heading text=&#8220;LAGE DES FRIEDHOFS&#8220; font_container=&#8220;tag:h3|text_align:left&#8220; use_theme_fonts=&#8220;yes&#8220;][vc_column_text]Der englische Friedhof von Malaga befindet sich in der der Avenida de Pries, 1, am Ende des [\u2026]","og_url":"https:\/\/cementerioinglesmalaga.org\/visitas\/","og_site_name":"Cementerio Ingl\u00e9s de M\u00e1laga","article_publisher":"https:\/\/facebook.com\/CemIngMalaga\/","article_modified_time":"2021-12-01T09:12:33+00:00","og_image":[{"width":1000,"height":650,"url":"https:\/\/cementerioinglesmalaga.org\/wp-content\/uploads\/2019\/06\/ISOLOGO-Principal.png","type":"image\/png"}],"twitter_card":"summary","twitter_site":"@ceminglesmlg","twitter_misc":{"Gesch\u00e4tzte Lesezeit":"4\u00a0Minuten"},"schema":{"@context":"https:\/\/schema.org","@graph":[{"@type":"Organization","@id":"https:\/\/cementerioinglesmalaga.org\/#organization","name":"Fundaci\u00f3n Cementerio Ingl\u00e9s de M\u00e1laga","url":"https:\/\/cementerioinglesmalaga.org\/","sameAs":["https:\/\/facebook.com\/CemIngMalaga\/","https:\/\/twitter.com\/ceminglesmlg"],"logo":{"@type":"ImageObject","inLanguage":"de","@id":"https:\/\/cementerioinglesmalaga.org\/#\/schema\/logo\/image\/","url":"https:\/\/cementerioinglesmalaga.org\/wp-content\/uploads\/2017\/07\/escudo-CIM-poli.png","contentUrl":"https:\/\/cementerioinglesmalaga.org\/wp-content\/uploads\/2017\/07\/escudo-CIM-poli.png","width":313,"height":313,"caption":"Fundaci\u00f3n Cementerio Ingl\u00e9s de M\u00e1laga"},"image":{"@id":"https:\/\/cementerioinglesmalaga.org\/#\/schema\/logo\/image\/"}},{"@type":"WebSite","@id":"https:\/\/cementerioinglesmalaga.org\/#website","url":"https:\/\/cementerioinglesmalaga.org\/","name":"Cementerio Ingl\u00e9s de M\u00e1laga","description":"P\u00e1gina oficial del primer cementerio protestante de la Espa\u00f1a Peninsular","publisher":{"@id":"https:\/\/cementerioinglesmalaga.org\/#organization"},"potentialAction":[{"@type":"SearchAction","target":{"@type":"EntryPoint","urlTemplate":"https:\/\/cementerioinglesmalaga.org\/?s={search_term_string}"},"query-input":"required name=search_term_string"}],"inLanguage":"de"},{"@type":"WebPage","@id":"https:\/\/cementerioinglesmalaga.org\/visitas\/#webpage","url":"https:\/\/cementerioinglesmalaga.org\/visitas\/","name":"[:es]Horarios y Tarifas[:en]Visits[:de]Besucherinformation[:] - Cementerio Ingl\u00e9s de M\u00e1laga","isPartOf":{"@id":"https:\/\/cementerioinglesmalaga.org\/#website"},"datePublished":"2016-03-21T10:21:43+00:00","dateModified":"2021-12-01T09:12:33+00:00","breadcrumb":{"@id":"https:\/\/cementerioinglesmalaga.org\/visitas\/#breadcrumb"},"inLanguage":"de","potentialAction":[{"@type":"ReadAction","target":["https:\/\/cementerioinglesmalaga.org\/visitas\/"]}]},{"@type":"BreadcrumbList","@id":"https:\/\/cementerioinglesmalaga.org\/visitas\/#breadcrumb","itemListElement":[{"@type":"ListItem","position":1,"name":"Portada","item":"https:\/\/cementerioinglesmalaga.org\/"},{"@type":"ListItem","position":2,"name":"Horarios y Tarifas"}]}]}},"_links":{"self":[{"href":"https:\/\/cementerioinglesmalaga.org\/de\/wp-json\/wp\/v2\/pages\/14"}],"collection":[{"href":"https:\/\/cementerioinglesmalaga.org\/de\/wp-json\/wp\/v2\/pages"}],"about":[{"href":"https:\/\/cementerioinglesmalaga.org\/de\/wp-json\/wp\/v2\/types\/page"}],"author":[{"embeddable":true,"href":"https:\/\/cementerioinglesmalaga.org\/de\/wp-json\/wp\/v2\/users\/4"}],"replies":[{"embeddable":true,"href":"https:\/\/cementerioinglesmalaga.org\/de\/wp-json\/wp\/v2\/comments?post=14"}],"version-history":[{"count":65,"href":"https:\/\/cementerioinglesmalaga.org\/de\/wp-json\/wp\/v2\/pages\/14\/revisions"}],"predecessor-version":[{"id":1436,"href":"https:\/\/cementerioinglesmalaga.org\/de\/wp-json\/wp\/v2\/pages\/14\/revisions\/1436"}],"wp:attachment":[{"href":"https:\/\/cementerioinglesmalaga.org\/de\/wp-json\/wp\/v2\/media?parent=14"}],"curies":[{"name":"wp","href":"https:\/\/api.w.org\/{rel}","templated":true}]}}