{"id":1905,"date":"2024-04-30T12:12:16","date_gmt":"2024-04-30T10:12:16","guid":{"rendered":"https:\/\/cementerioinglesmalaga.org\/products\/"},"modified":"2024-04-30T12:12:16","modified_gmt":"2024-04-30T10:12:16","slug":"products","status":"publish","type":"page","link":"https:\/\/cementerioinglesmalaga.org\/de\/products\/","title":{"rendered":"Products"},"content":{"rendered":"No products have been configured yet\n","protected":false},"excerpt":{"rendered":"No products have been configured yet","protected":false},"author":7,"featured_media":0,"parent":0,"menu_order":0,"comment_status":"closed","ping_status":"closed","template":"","meta":[],"yoast_head":"<!-- This site is optimized with the Yoast SEO plugin v19.1 - https:\/\/yoast.com\/wordpress\/plugins\/seo\/ -->\n<title>Products - Cementerio Ingl\u00e9s de M\u00e1laga<\/title>\n<meta name=\"robots\" content=\"index, follow, max-snippet:-1, max-image-preview:large, max-video-preview:-1\" \/>\n<link rel=\"canonical\" href=\"https:\/\/cementerioinglesmalaga.org\/products\/\" \/>\n<meta property=\"og:locale\" content=\"de_DE\" \/>\n<meta property=\"og:type\" content=\"article\" \/>\n<meta property=\"og:title\" content=\"Products - Cementerio Ingl\u00e9s de M\u00e1laga\" \/>\n<meta property=\"og:url\" content=\"https:\/\/cementerioinglesmalaga.org\/products\/\" \/>\n<meta property=\"og:site_name\" content=\"Cementerio Ingl\u00e9s de M\u00e1laga\" \/>\n<meta property=\"article:publisher\" content=\"https:\/\/facebook.com\/CemIngMalaga\/\" \/>\n<meta property=\"og:image\" content=\"https:\/\/cementerioinglesmalaga.org\/wp-content\/uploads\/2019\/06\/ISOLOGO-Principal.png\" \/>\n\t<meta property=\"og:image:width\" content=\"1000\" \/>\n\t<meta property=\"og:image:height\" content=\"650\" \/>\n\t<meta property=\"og:image:type\" content=\"image\/png\" \/>\n<meta name=\"twitter:card\" content=\"summary\" \/>\n<meta name=\"twitter:site\" content=\"@ceminglesmlg\" \/>\n<script type=\"application\/ld+json\" class=\"yoast-schema-graph\">{\"@context\":\"https:\/\/schema.org\",\"@graph\":[{\"@type\":\"Organization\",\"@id\":\"https:\/\/cementerioinglesmalaga.org\/#organization\",\"name\":\"Fundaci\u00f3n Cementerio Ingl\u00e9s de M\u00e1laga\",\"url\":\"https:\/\/cementerioinglesmalaga.org\/\",\"sameAs\":[\"https:\/\/facebook.com\/CemIngMalaga\/\",\"https:\/\/twitter.com\/ceminglesmlg\"],\"logo\":{\"@type\":\"ImageObject\",\"inLanguage\":\"de\",\"@id\":\"https:\/\/cementerioinglesmalaga.org\/#\/schema\/logo\/image\/\",\"url\":\"https:\/\/cementerioinglesmalaga.org\/wp-content\/uploads\/2017\/07\/escudo-CIM-poli.png\",\"contentUrl\":\"https:\/\/cementerioinglesmalaga.org\/wp-content\/uploads\/2017\/07\/escudo-CIM-poli.png\",\"width\":313,\"height\":313,\"caption\":\"Fundaci\u00f3n Cementerio Ingl\u00e9s de M\u00e1laga\"},\"image\":{\"@id\":\"https:\/\/cementerioinglesmalaga.org\/#\/schema\/logo\/image\/\"}},{\"@type\":\"WebSite\",\"@id\":\"https:\/\/cementerioinglesmalaga.org\/#website\",\"url\":\"https:\/\/cementerioinglesmalaga.org\/\",\"name\":\"Cementerio Ingl\u00e9s de M\u00e1laga\",\"description\":\"P\u00e1gina oficial del primer cementerio protestante de la Espa\u00f1a Peninsular\",\"publisher\":{\"@id\":\"https:\/\/cementerioinglesmalaga.org\/#organization\"},\"potentialAction\":[{\"@type\":\"SearchAction\",\"target\":{\"@type\":\"EntryPoint\",\"urlTemplate\":\"https:\/\/cementerioinglesmalaga.org\/?s={search_term_string}\"},\"query-input\":\"required name=search_term_string\"}],\"inLanguage\":\"de\"},{\"@type\":\"WebPage\",\"@id\":\"https:\/\/cementerioinglesmalaga.org\/products\/#webpage\",\"url\":\"https:\/\/cementerioinglesmalaga.org\/products\/\",\"name\":\"Products - Cementerio Ingl\u00e9s de M\u00e1laga\",\"isPartOf\":{\"@id\":\"https:\/\/cementerioinglesmalaga.org\/#website\"},\"datePublished\":\"2024-04-30T10:12:16+00:00\",\"dateModified\":\"2024-04-30T10:12:16+00:00\",\"breadcrumb\":{\"@id\":\"https:\/\/cementerioinglesmalaga.org\/products\/#breadcrumb\"},\"inLanguage\":\"de\",\"potentialAction\":[{\"@type\":\"ReadAction\",\"target\":[\"https:\/\/cementerioinglesmalaga.org\/products\/\"]}]},{\"@type\":\"BreadcrumbList\",\"@id\":\"https:\/\/cementerioinglesmalaga.org\/products\/#breadcrumb\",\"itemListElement\":[{\"@type\":\"ListItem\",\"position\":1,\"name\":\"Portada\",\"item\":\"https:\/\/cementerioinglesmalaga.org\/\"},{\"@type\":\"ListItem\",\"position\":2,\"name\":\"Products\"}]}]}<\/script>\n<!-- \/ Yoast SEO plugin. -->","yoast_head_json":{"title":"Products - Cementerio Ingl\u00e9s de M\u00e1laga","robots":{"index":"index","follow":"follow","max-snippet":"max-snippet:-1","max-image-preview":"max-image-preview:large","max-video-preview":"max-video-preview:-1"},"canonical":"https:\/\/cementerioinglesmalaga.org\/products\/","og_locale":"de_DE","og_type":"article","og_title":"Products - Cementerio Ingl\u00e9s de M\u00e1laga","og_url":"https:\/\/cementerioinglesmalaga.org\/products\/","og_site_name":"Cementerio Ingl\u00e9s de M\u00e1laga","article_publisher":"https:\/\/facebook.com\/CemIngMalaga\/","og_image":[{"width":1000,"height":650,"url":"https:\/\/cementerioinglesmalaga.org\/wp-content\/uploads\/2019\/06\/ISOLOGO-Principal.png","type":"image\/png"}],"twitter_card":"summary","twitter_site":"@ceminglesmlg","schema":{"@context":"https:\/\/schema.org","@graph":[{"@type":"Organization","@id":"https:\/\/cementerioinglesmalaga.org\/#organization","name":"Fundaci\u00f3n Cementerio Ingl\u00e9s de M\u00e1laga","url":"https:\/\/cementerioinglesmalaga.org\/","sameAs":["https:\/\/facebook.com\/CemIngMalaga\/","https:\/\/twitter.com\/ceminglesmlg"],"logo":{"@type":"ImageObject","inLanguage":"de","@id":"https:\/\/cementerioinglesmalaga.org\/#\/schema\/logo\/image\/","url":"https:\/\/cementerioinglesmalaga.org\/wp-content\/uploads\/2017\/07\/escudo-CIM-poli.png","contentUrl":"https:\/\/cementerioinglesmalaga.org\/wp-content\/uploads\/2017\/07\/escudo-CIM-poli.png","width":313,"height":313,"caption":"Fundaci\u00f3n Cementerio Ingl\u00e9s de M\u00e1laga"},"image":{"@id":"https:\/\/cementerioinglesmalaga.org\/#\/schema\/logo\/image\/"}},{"@type":"WebSite","@id":"https:\/\/cementerioinglesmalaga.org\/#website","url":"https:\/\/cementerioinglesmalaga.org\/","name":"Cementerio Ingl\u00e9s de M\u00e1laga","description":"P\u00e1gina oficial del primer cementerio protestante de la Espa\u00f1a Peninsular","publisher":{"@id":"https:\/\/cementerioinglesmalaga.org\/#organization"},"potentialAction":[{"@type":"SearchAction","target":{"@type":"EntryPoint","urlTemplate":"https:\/\/cementerioinglesmalaga.org\/?s={search_term_string}"},"query-input":"required name=search_term_string"}],"inLanguage":"de"},{"@type":"WebPage","@id":"https:\/\/cementerioinglesmalaga.org\/products\/#webpage","url":"https:\/\/cementerioinglesmalaga.org\/products\/","name":"Products - Cementerio Ingl\u00e9s de M\u00e1laga","isPartOf":{"@id":"https:\/\/cementerioinglesmalaga.org\/#website"},"datePublished":"2024-04-30T10:12:16+00:00","dateModified":"2024-04-30T10:12:16+00:00","breadcrumb":{"@id":"https:\/\/cementerioinglesmalaga.org\/products\/#breadcrumb"},"inLanguage":"de","potentialAction":[{"@type":"ReadAction","target":["https:\/\/cementerioinglesmalaga.org\/products\/"]}]},{"@type":"BreadcrumbList","@id":"https:\/\/cementerioinglesmalaga.org\/products\/#breadcrumb","itemListElement":[{"@type":"ListItem","position":1,"name":"Portada","item":"https:\/\/cementerioinglesmalaga.org\/"},{"@type":"ListItem","position":2,"name":"Products"}]}]}},"_links":{"self":[{"href":"https:\/\/cementerioinglesmalaga.org\/de\/wp-json\/wp\/v2\/pages\/1905"}],"collection":[{"href":"https:\/\/cementerioinglesmalaga.org\/de\/wp-json\/wp\/v2\/pages"}],"about":[{"href":"https:\/\/cementerioinglesmalaga.org\/de\/wp-json\/wp\/v2\/types\/page"}],"author":[{"embeddable":true,"href":"https:\/\/cementerioinglesmalaga.org\/de\/wp-json\/wp\/v2\/users\/7"}],"replies":[{"embeddable":true,"href":"https:\/\/cementerioinglesmalaga.org\/de\/wp-json\/wp\/v2\/comments?post=1905"}],"version-history":[{"count":0,"href":"https:\/\/cementerioinglesmalaga.org\/de\/wp-json\/wp\/v2\/pages\/1905\/revisions"}],"wp:attachment":[{"href":"https:\/\/cementerioinglesmalaga.org\/de\/wp-json\/wp\/v2\/media?parent=1905"}],"curies":[{"name":"wp","href":"https:\/\/api.w.org\/{rel}","templated":true}]}}