{"id":29,"date":"2016-03-21T10:35:17","date_gmt":"2016-03-21T08:35:17","guid":{"rendered":"http:\/\/cementerioinglesmalaga.org\/?page_id=29"},"modified":"2023-12-21T15:00:31","modified_gmt":"2023-12-21T13:00:31","slug":"amigos-del-cementerio","status":"publish","type":"page","link":"https:\/\/cementerioinglesmalaga.org\/de\/cementerio\/amigos-del-cementerio\/","title":{"rendered":"Der freundeskreis des friedhofs"},"content":{"rendered":"<div class=\"wpb-content-wrapper\"><p>[vc_row][vc_column][vc_column_text]Nach der Gr\u00fcndung der Stiftung wurde der Freundeskreis des englischen Friedhofs in Malaga ins Leben gerufen. Der Freundeskreis unterst\u00fctzt die Stiftung bei der Pflege des Friedhofs nicht nur durch eine regelm\u00e4\u00dfige finanzielle Beteiligung sondern auch durch die F\u00e4higkeiten und M\u00f6glichkeiten der einzelnen Mitglieder.<\/p>\n<p>Eine Zuwendung an die gemeinn\u00fctzige Stiftung wirkt sich steuerbeg\u00fcnstigt aus. Ihre Spende unterst\u00fctzt den Stiftungsrat, Projekte zu finanzieren, die dem Denkmalschutz dient.<\/p>\n<p>In Anerkennung ihrer Zuwendung erhalten alle Mitglieder des Freundeskreises eine Ausgabe des Buches: &#8222;Der englische Friedhof von Malaga&#8220;. Das Buch wurde von Marjorie Grice-Hutchinson geschrieben und erz\u00e4hlt die Geschichte des Friedhofs. Dar\u00fcber hinaus haben die Mitglieder w\u00e4hrend der \u00d6ffnungszeiten freien Zugang zum Friedhof und erhalten Verg\u00fcnstigungen bei Veranstaltungen des Kulturmanagements des Friedhofs.<\/p>\n<p>Sie k\u00f6nnen dieses Antragsformular sofort herunterladen, ausf\u00fcllen und den Mitgliedsbeitrag \u00fcber unsere Zahlungsplattform anweisen. Das Antragsformular ist auch in der \u201cCasita de la Entrada\u201d erh\u00e4ltlich.[\/vc_column_text][vc_separator color=&#8220;custom&#8220; align=&#8220;align_left&#8220; style=&#8220;double&#8220; accent_color=&#8220;#c6b796&#8243;][vc_custom_heading text=&#8220;F\u00fcr eine Spende von 20 Euro oder mehr werden wir Sie automatisch f\u00fcr ein Jahr zum Freund des englischen Friedhofs anmelden.&#8220; font_container=&#8220;tag:h5|text_align:left&#8220; use_theme_fonts=&#8220;yes&#8220;][vc_empty_space height=&#8220;2px&#8220;][vc_column_text]<\/p>\n<p><style type=\"text\/css\" media=\"screen\">\n@media only screen and (max-width: 768px) {\n\t.campaign-loop.campaign-grid.masonry { -moz-column-count: 1; -webkit-column-count: 1; column-count: 1; }\n\t.campaign-loop.campaign-grid .campaign,.campaign-loop.campaign-grid .campaign.hentry { width: 100% !important; }\n}\n<\/style>\n\t\t<ol class=\"campaign-loop campaign-grid campaign-grid-2\">\n\n<li id=\"campaign-95\" class=\"post-95 campaign type-campaign status-publish hentry campaign-has-no-goal campaign-is-endless\">\n\t<a href=\"https:\/\/cementerioinglesmalaga.org\/de\/campaigns\/donaciones\/\">\n\t\t\n\t\t<h3>Donaciones Fundaci\u00f3n Cementerio Ingl\u00e9s de M\u00e1laga<\/h3>\n\n\t\t\t<\/a>\n\t<div class=\"campaign-description\">\n\t<p>All donations are used for the maintenance and preservation of the cemetery.<\/p>\n<\/div>\n<div class=\"campaign-donation-stats\">\n<span class=\"amount\">&euro;3,579,00<\/span> donados<\/div>\n<div class=\"campaign-donation\">\n\t<a class=\"button charitable-button donate-button button-primary\"\n\t\thref=\"https:\/\/cementerioinglesmalaga.org\/de\/campaigns\/donaciones\/\"\n\t\taria-label=\"Haz una donaci\u00f3n para Donaciones Fundaci\u00f3n Cementerio Ingl\u00e9s de M\u00e1laga\"\n\t>\n\t\tDonar\t<\/a>\n<\/div>\n<\/li>\n<\/ol>\n[\/vc_column_text][\/vc_column][vc_column][\/vc_column][\/vc_row]<\/p>\n<\/div>","protected":false},"excerpt":{"rendered":"<p>[vc_row][vc_column][vc_column_text]Nach der Gr\u00fcndung der Stiftung wurde der Freundeskreis des englischen Friedhofs in Malaga ins Leben gerufen. Der Freundeskreis unterst\u00fctzt die Stiftung bei der Pflege des Friedhofs nicht nur durch eine regelm\u00e4\u00dfige finanzielle Beteiligung sondern auch durch die F\u00e4higkeiten und M\u00f6glichkeiten der einzelnen Mitglieder. Eine Zuwendung an die gemeinn\u00fctzige Stiftung wirkt<span class=\"excerpt-hellip\"> [\u2026]<\/span><\/p>\n","protected":false},"author":4,"featured_media":0,"parent":100,"menu_order":3,"comment_status":"closed","ping_status":"closed","template":"","meta":[],"yoast_head":"<!-- This site is optimized with the Yoast SEO plugin v19.1 - https:\/\/yoast.com\/wordpress\/plugins\/seo\/ -->\n<title>Der freundeskreis des friedhofs - Cementerio Ingl\u00e9s de M\u00e1laga<\/title>\n<meta name=\"robots\" content=\"index, follow, max-snippet:-1, max-image-preview:large, max-video-preview:-1\" \/>\n<link rel=\"canonical\" href=\"https:\/\/cementerioinglesmalaga.org\/cementerio\/amigos-del-cementerio\/\" \/>\n<meta property=\"og:locale\" content=\"de_DE\" \/>\n<meta property=\"og:type\" content=\"article\" \/>\n<meta property=\"og:title\" content=\"[:es]Amigos del Cementerio[:en]Friends of the Cemetery[:de]Der freundeskreis des friedhofs[:] - Cementerio Ingl\u00e9s de M\u00e1laga\" \/>\n<meta property=\"og:description\" content=\"[vc_row][vc_column][vc_column_text]Nach der Gr\u00fcndung der Stiftung wurde der Freundeskreis des englischen Friedhofs in Malaga ins Leben gerufen. Der Freundeskreis unterst\u00fctzt die Stiftung bei der Pflege des Friedhofs nicht nur durch eine regelm\u00e4\u00dfige finanzielle Beteiligung sondern auch durch die F\u00e4higkeiten und M\u00f6glichkeiten der einzelnen Mitglieder. Eine Zuwendung an die gemeinn\u00fctzige Stiftung wirkt [\u2026]\" \/>\n<meta property=\"og:url\" content=\"https:\/\/cementerioinglesmalaga.org\/cementerio\/amigos-del-cementerio\/\" \/>\n<meta property=\"og:site_name\" content=\"Cementerio Ingl\u00e9s de M\u00e1laga\" \/>\n<meta property=\"article:publisher\" content=\"https:\/\/facebook.com\/CemIngMalaga\/\" \/>\n<meta property=\"article:modified_time\" content=\"2023-12-21T13:00:31+00:00\" \/>\n<meta property=\"og:image\" content=\"https:\/\/cementerioinglesmalaga.org\/wp-content\/uploads\/2019\/06\/ISOLOGO-Principal.png\" \/>\n\t<meta property=\"og:image:width\" content=\"1000\" \/>\n\t<meta property=\"og:image:height\" content=\"650\" \/>\n\t<meta property=\"og:image:type\" content=\"image\/png\" \/>\n<meta name=\"twitter:card\" content=\"summary\" \/>\n<meta name=\"twitter:site\" content=\"@ceminglesmlg\" \/>\n<meta name=\"twitter:label1\" content=\"Gesch\u00e4tzte Lesezeit\" \/>\n\t<meta name=\"twitter:data1\" content=\"2\u00a0Minuten\" \/>\n<script type=\"application\/ld+json\" class=\"yoast-schema-graph\">{\"@context\":\"https:\/\/schema.org\",\"@graph\":[{\"@type\":\"Organization\",\"@id\":\"https:\/\/cementerioinglesmalaga.org\/#organization\",\"name\":\"Fundaci\u00f3n Cementerio Ingl\u00e9s de M\u00e1laga\",\"url\":\"https:\/\/cementerioinglesmalaga.org\/\",\"sameAs\":[\"https:\/\/facebook.com\/CemIngMalaga\/\",\"https:\/\/twitter.com\/ceminglesmlg\"],\"logo\":{\"@type\":\"ImageObject\",\"inLanguage\":\"de\",\"@id\":\"https:\/\/cementerioinglesmalaga.org\/#\/schema\/logo\/image\/\",\"url\":\"https:\/\/cementerioinglesmalaga.org\/wp-content\/uploads\/2017\/07\/escudo-CIM-poli.png\",\"contentUrl\":\"https:\/\/cementerioinglesmalaga.org\/wp-content\/uploads\/2017\/07\/escudo-CIM-poli.png\",\"width\":313,\"height\":313,\"caption\":\"Fundaci\u00f3n Cementerio Ingl\u00e9s de M\u00e1laga\"},\"image\":{\"@id\":\"https:\/\/cementerioinglesmalaga.org\/#\/schema\/logo\/image\/\"}},{\"@type\":\"WebSite\",\"@id\":\"https:\/\/cementerioinglesmalaga.org\/#website\",\"url\":\"https:\/\/cementerioinglesmalaga.org\/\",\"name\":\"Cementerio Ingl\u00e9s de M\u00e1laga\",\"description\":\"P\u00e1gina oficial del primer cementerio protestante de la Espa\u00f1a Peninsular\",\"publisher\":{\"@id\":\"https:\/\/cementerioinglesmalaga.org\/#organization\"},\"potentialAction\":[{\"@type\":\"SearchAction\",\"target\":{\"@type\":\"EntryPoint\",\"urlTemplate\":\"https:\/\/cementerioinglesmalaga.org\/?s={search_term_string}\"},\"query-input\":\"required name=search_term_string\"}],\"inLanguage\":\"de\"},{\"@type\":\"WebPage\",\"@id\":\"https:\/\/cementerioinglesmalaga.org\/cementerio\/amigos-del-cementerio\/#webpage\",\"url\":\"https:\/\/cementerioinglesmalaga.org\/cementerio\/amigos-del-cementerio\/\",\"name\":\"[:es]Amigos del Cementerio[:en]Friends of the Cemetery[:de]Der freundeskreis des friedhofs[:] - Cementerio Ingl\u00e9s de M\u00e1laga\",\"isPartOf\":{\"@id\":\"https:\/\/cementerioinglesmalaga.org\/#website\"},\"datePublished\":\"2016-03-21T08:35:17+00:00\",\"dateModified\":\"2023-12-21T13:00:31+00:00\",\"breadcrumb\":{\"@id\":\"https:\/\/cementerioinglesmalaga.org\/cementerio\/amigos-del-cementerio\/#breadcrumb\"},\"inLanguage\":\"de\",\"potentialAction\":[{\"@type\":\"ReadAction\",\"target\":[\"https:\/\/cementerioinglesmalaga.org\/cementerio\/amigos-del-cementerio\/\"]}]},{\"@type\":\"BreadcrumbList\",\"@id\":\"https:\/\/cementerioinglesmalaga.org\/cementerio\/amigos-del-cementerio\/#breadcrumb\",\"itemListElement\":[{\"@type\":\"ListItem\",\"position\":1,\"name\":\"Portada\",\"item\":\"https:\/\/cementerioinglesmalaga.org\/\"},{\"@type\":\"ListItem\",\"position\":2,\"name\":\"Cementerio\",\"item\":\"https:\/\/cementerioinglesmalaga.org\/cementerio\/\"},{\"@type\":\"ListItem\",\"position\":3,\"name\":\"Amigos del Cementerio\"}]}]}<\/script>\n<!-- \/ Yoast SEO plugin. -->","yoast_head_json":{"title":"[:es]Amigos del Cementerio[:en]Friends of the Cemetery[:de]Der freundeskreis des friedhofs[:] - Cementerio Ingl\u00e9s de M\u00e1laga","robots":{"index":"index","follow":"follow","max-snippet":"max-snippet:-1","max-image-preview":"max-image-preview:large","max-video-preview":"max-video-preview:-1"},"canonical":"https:\/\/cementerioinglesmalaga.org\/cementerio\/amigos-del-cementerio\/","og_locale":"de_DE","og_type":"article","og_title":"[:es]Amigos del Cementerio[:en]Friends of the Cemetery[:de]Der freundeskreis des friedhofs[:] - Cementerio Ingl\u00e9s de M\u00e1laga","og_description":"[vc_row][vc_column][vc_column_text]Nach der Gr\u00fcndung der Stiftung wurde der Freundeskreis des englischen Friedhofs in Malaga ins Leben gerufen. Der Freundeskreis unterst\u00fctzt die Stiftung bei der Pflege des Friedhofs nicht nur durch eine regelm\u00e4\u00dfige finanzielle Beteiligung sondern auch durch die F\u00e4higkeiten und M\u00f6glichkeiten der einzelnen Mitglieder. Eine Zuwendung an die gemeinn\u00fctzige Stiftung wirkt [\u2026]","og_url":"https:\/\/cementerioinglesmalaga.org\/cementerio\/amigos-del-cementerio\/","og_site_name":"Cementerio Ingl\u00e9s de M\u00e1laga","article_publisher":"https:\/\/facebook.com\/CemIngMalaga\/","article_modified_time":"2023-12-21T13:00:31+00:00","og_image":[{"width":1000,"height":650,"url":"https:\/\/cementerioinglesmalaga.org\/wp-content\/uploads\/2019\/06\/ISOLOGO-Principal.png","type":"image\/png"}],"twitter_card":"summary","twitter_site":"@ceminglesmlg","twitter_misc":{"Gesch\u00e4tzte Lesezeit":"2\u00a0Minuten"},"schema":{"@context":"https:\/\/schema.org","@graph":[{"@type":"Organization","@id":"https:\/\/cementerioinglesmalaga.org\/#organization","name":"Fundaci\u00f3n Cementerio Ingl\u00e9s de M\u00e1laga","url":"https:\/\/cementerioinglesmalaga.org\/","sameAs":["https:\/\/facebook.com\/CemIngMalaga\/","https:\/\/twitter.com\/ceminglesmlg"],"logo":{"@type":"ImageObject","inLanguage":"de","@id":"https:\/\/cementerioinglesmalaga.org\/#\/schema\/logo\/image\/","url":"https:\/\/cementerioinglesmalaga.org\/wp-content\/uploads\/2017\/07\/escudo-CIM-poli.png","contentUrl":"https:\/\/cementerioinglesmalaga.org\/wp-content\/uploads\/2017\/07\/escudo-CIM-poli.png","width":313,"height":313,"caption":"Fundaci\u00f3n Cementerio Ingl\u00e9s de M\u00e1laga"},"image":{"@id":"https:\/\/cementerioinglesmalaga.org\/#\/schema\/logo\/image\/"}},{"@type":"WebSite","@id":"https:\/\/cementerioinglesmalaga.org\/#website","url":"https:\/\/cementerioinglesmalaga.org\/","name":"Cementerio Ingl\u00e9s de M\u00e1laga","description":"P\u00e1gina oficial del primer cementerio protestante de la Espa\u00f1a Peninsular","publisher":{"@id":"https:\/\/cementerioinglesmalaga.org\/#organization"},"potentialAction":[{"@type":"SearchAction","target":{"@type":"EntryPoint","urlTemplate":"https:\/\/cementerioinglesmalaga.org\/?s={search_term_string}"},"query-input":"required name=search_term_string"}],"inLanguage":"de"},{"@type":"WebPage","@id":"https:\/\/cementerioinglesmalaga.org\/cementerio\/amigos-del-cementerio\/#webpage","url":"https:\/\/cementerioinglesmalaga.org\/cementerio\/amigos-del-cementerio\/","name":"[:es]Amigos del Cementerio[:en]Friends of the Cemetery[:de]Der freundeskreis des friedhofs[:] - Cementerio Ingl\u00e9s de M\u00e1laga","isPartOf":{"@id":"https:\/\/cementerioinglesmalaga.org\/#website"},"datePublished":"2016-03-21T08:35:17+00:00","dateModified":"2023-12-21T13:00:31+00:00","breadcrumb":{"@id":"https:\/\/cementerioinglesmalaga.org\/cementerio\/amigos-del-cementerio\/#breadcrumb"},"inLanguage":"de","potentialAction":[{"@type":"ReadAction","target":["https:\/\/cementerioinglesmalaga.org\/cementerio\/amigos-del-cementerio\/"]}]},{"@type":"BreadcrumbList","@id":"https:\/\/cementerioinglesmalaga.org\/cementerio\/amigos-del-cementerio\/#breadcrumb","itemListElement":[{"@type":"ListItem","position":1,"name":"Portada","item":"https:\/\/cementerioinglesmalaga.org\/"},{"@type":"ListItem","position":2,"name":"Cementerio","item":"https:\/\/cementerioinglesmalaga.org\/cementerio\/"},{"@type":"ListItem","position":3,"name":"Amigos del Cementerio"}]}]}},"_links":{"self":[{"href":"https:\/\/cementerioinglesmalaga.org\/de\/wp-json\/wp\/v2\/pages\/29"}],"collection":[{"href":"https:\/\/cementerioinglesmalaga.org\/de\/wp-json\/wp\/v2\/pages"}],"about":[{"href":"https:\/\/cementerioinglesmalaga.org\/de\/wp-json\/wp\/v2\/types\/page"}],"author":[{"embeddable":true,"href":"https:\/\/cementerioinglesmalaga.org\/de\/wp-json\/wp\/v2\/users\/4"}],"replies":[{"embeddable":true,"href":"https:\/\/cementerioinglesmalaga.org\/de\/wp-json\/wp\/v2\/comments?post=29"}],"version-history":[{"count":47,"href":"https:\/\/cementerioinglesmalaga.org\/de\/wp-json\/wp\/v2\/pages\/29\/revisions"}],"predecessor-version":[{"id":1864,"href":"https:\/\/cementerioinglesmalaga.org\/de\/wp-json\/wp\/v2\/pages\/29\/revisions\/1864"}],"up":[{"embeddable":true,"href":"https:\/\/cementerioinglesmalaga.org\/de\/wp-json\/wp\/v2\/pages\/100"}],"wp:attachment":[{"href":"https:\/\/cementerioinglesmalaga.org\/de\/wp-json\/wp\/v2\/media?parent=29"}],"curies":[{"name":"wp","href":"https:\/\/api.w.org\/{rel}","templated":true}]}}