{"id":31,"date":"2016-03-21T10:35:48","date_gmt":"2016-03-21T10:35:48","guid":{"rendered":"http:\/\/cementerioinglesmalaga.org\/?page_id=31"},"modified":"2018-03-27T10:46:15","modified_gmt":"2018-03-27T08:46:15","slug":"galeria","status":"publish","type":"page","link":"https:\/\/cementerioinglesmalaga.org\/de\/cementerio\/galeria\/","title":{"rendered":"In bilder"},"content":{"rendered":"<div class=\"wpb-content-wrapper\"><p>[vc_row][vc_column][vc_masonry_media_grid gap=&#8220;20&#8243; item=&#8220;masonryMedia_BorderedScale&#8220; grid_id=&#8220;vc_gid:1500038705091-80e4169d-fb1b-8&#8243; include=&#8220;458,457,152,459,522,521,154,150,149,156,155,151,526,525,524,523,520,528&#8243;][\/vc_column][\/vc_row]<\/p>\n<\/div>","protected":false},"excerpt":{"rendered":"<p>[vc_row][vc_column][vc_masonry_media_grid gap=&#8220;20&#8243; item=&#8220;masonryMedia_BorderedScale&#8220; grid_id=&#8220;vc_gid:1500038705091-80e4169d-fb1b-8&#8243; include=&#8220;458,457,152,459,522,521,154,150,149,156,155,151,526,525,524,523,520,528&#8243;][\/vc_column][\/vc_row]<\/p>\n","protected":false},"author":4,"featured_media":0,"parent":100,"menu_order":4,"comment_status":"closed","ping_status":"closed","template":"","meta":[],"yoast_head":"<!-- This site is optimized with the Yoast SEO plugin v19.1 - https:\/\/yoast.com\/wordpress\/plugins\/seo\/ -->\n<title>In bilder - Cementerio Ingl\u00e9s de M\u00e1laga<\/title>\n<meta name=\"robots\" content=\"index, follow, max-snippet:-1, max-image-preview:large, max-video-preview:-1\" \/>\n<link rel=\"canonical\" href=\"https:\/\/cementerioinglesmalaga.org\/cementerio\/galeria\/\" \/>\n<meta property=\"og:locale\" content=\"de_DE\" \/>\n<meta property=\"og:type\" content=\"article\" \/>\n<meta property=\"og:title\" content=\"[:es]Galer\u00eda[:en]Gallery[:de]In bilder[:] - Cementerio Ingl\u00e9s de M\u00e1laga\" \/>\n<meta property=\"og:description\" content=\"[vc_row][vc_column][vc_masonry_media_grid gap=&#8220;20&#8243; item=&#8220;masonryMedia_BorderedScale&#8220; grid_id=&#8220;vc_gid:1500038705091-80e4169d-fb1b-8&#8243; include=&#8220;458,457,152,459,522,521,154,150,149,156,155,151,526,525,524,523,520,528&#8243;][\/vc_column][\/vc_row]\" \/>\n<meta property=\"og:url\" content=\"https:\/\/cementerioinglesmalaga.org\/cementerio\/galeria\/\" \/>\n<meta property=\"og:site_name\" content=\"Cementerio Ingl\u00e9s de M\u00e1laga\" \/>\n<meta property=\"article:publisher\" content=\"https:\/\/facebook.com\/CemIngMalaga\/\" \/>\n<meta property=\"article:modified_time\" content=\"2018-03-27T08:46:15+00:00\" \/>\n<meta property=\"og:image\" content=\"https:\/\/cementerioinglesmalaga.org\/wp-content\/uploads\/2019\/06\/ISOLOGO-Principal.png\" \/>\n\t<meta property=\"og:image:width\" content=\"1000\" \/>\n\t<meta property=\"og:image:height\" content=\"650\" \/>\n\t<meta property=\"og:image:type\" content=\"image\/png\" \/>\n<meta name=\"twitter:card\" content=\"summary\" \/>\n<meta name=\"twitter:site\" content=\"@ceminglesmlg\" \/>\n<script type=\"application\/ld+json\" class=\"yoast-schema-graph\">{\"@context\":\"https:\/\/schema.org\",\"@graph\":[{\"@type\":\"Organization\",\"@id\":\"https:\/\/cementerioinglesmalaga.org\/#organization\",\"name\":\"Fundaci\u00f3n Cementerio Ingl\u00e9s de M\u00e1laga\",\"url\":\"https:\/\/cementerioinglesmalaga.org\/\",\"sameAs\":[\"https:\/\/facebook.com\/CemIngMalaga\/\",\"https:\/\/twitter.com\/ceminglesmlg\"],\"logo\":{\"@type\":\"ImageObject\",\"inLanguage\":\"de\",\"@id\":\"https:\/\/cementerioinglesmalaga.org\/#\/schema\/logo\/image\/\",\"url\":\"https:\/\/cementerioinglesmalaga.org\/wp-content\/uploads\/2017\/07\/escudo-CIM-poli.png\",\"contentUrl\":\"https:\/\/cementerioinglesmalaga.org\/wp-content\/uploads\/2017\/07\/escudo-CIM-poli.png\",\"width\":313,\"height\":313,\"caption\":\"Fundaci\u00f3n Cementerio Ingl\u00e9s de M\u00e1laga\"},\"image\":{\"@id\":\"https:\/\/cementerioinglesmalaga.org\/#\/schema\/logo\/image\/\"}},{\"@type\":\"WebSite\",\"@id\":\"https:\/\/cementerioinglesmalaga.org\/#website\",\"url\":\"https:\/\/cementerioinglesmalaga.org\/\",\"name\":\"Cementerio Ingl\u00e9s de M\u00e1laga\",\"description\":\"P\u00e1gina oficial del primer cementerio protestante de la Espa\u00f1a Peninsular\",\"publisher\":{\"@id\":\"https:\/\/cementerioinglesmalaga.org\/#organization\"},\"potentialAction\":[{\"@type\":\"SearchAction\",\"target\":{\"@type\":\"EntryPoint\",\"urlTemplate\":\"https:\/\/cementerioinglesmalaga.org\/?s={search_term_string}\"},\"query-input\":\"required name=search_term_string\"}],\"inLanguage\":\"de\"},{\"@type\":\"WebPage\",\"@id\":\"https:\/\/cementerioinglesmalaga.org\/cementerio\/galeria\/#webpage\",\"url\":\"https:\/\/cementerioinglesmalaga.org\/cementerio\/galeria\/\",\"name\":\"[:es]Galer\u00eda[:en]Gallery[:de]In bilder[:] - Cementerio Ingl\u00e9s de M\u00e1laga\",\"isPartOf\":{\"@id\":\"https:\/\/cementerioinglesmalaga.org\/#website\"},\"datePublished\":\"2016-03-21T10:35:48+00:00\",\"dateModified\":\"2018-03-27T08:46:15+00:00\",\"breadcrumb\":{\"@id\":\"https:\/\/cementerioinglesmalaga.org\/cementerio\/galeria\/#breadcrumb\"},\"inLanguage\":\"de\",\"potentialAction\":[{\"@type\":\"ReadAction\",\"target\":[\"https:\/\/cementerioinglesmalaga.org\/cementerio\/galeria\/\"]}]},{\"@type\":\"BreadcrumbList\",\"@id\":\"https:\/\/cementerioinglesmalaga.org\/cementerio\/galeria\/#breadcrumb\",\"itemListElement\":[{\"@type\":\"ListItem\",\"position\":1,\"name\":\"Portada\",\"item\":\"https:\/\/cementerioinglesmalaga.org\/\"},{\"@type\":\"ListItem\",\"position\":2,\"name\":\"Cementerio\",\"item\":\"https:\/\/cementerioinglesmalaga.org\/cementerio\/\"},{\"@type\":\"ListItem\",\"position\":3,\"name\":\"Galer\u00eda\"}]}]}<\/script>\n<!-- \/ Yoast SEO plugin. -->","yoast_head_json":{"title":"[:es]Galer\u00eda[:en]Gallery[:de]In bilder[:] - Cementerio Ingl\u00e9s de M\u00e1laga","robots":{"index":"index","follow":"follow","max-snippet":"max-snippet:-1","max-image-preview":"max-image-preview:large","max-video-preview":"max-video-preview:-1"},"canonical":"https:\/\/cementerioinglesmalaga.org\/cementerio\/galeria\/","og_locale":"de_DE","og_type":"article","og_title":"[:es]Galer\u00eda[:en]Gallery[:de]In bilder[:] - Cementerio Ingl\u00e9s de M\u00e1laga","og_description":"[vc_row][vc_column][vc_masonry_media_grid gap=&#8220;20&#8243; item=&#8220;masonryMedia_BorderedScale&#8220; grid_id=&#8220;vc_gid:1500038705091-80e4169d-fb1b-8&#8243; include=&#8220;458,457,152,459,522,521,154,150,149,156,155,151,526,525,524,523,520,528&#8243;][\/vc_column][\/vc_row]","og_url":"https:\/\/cementerioinglesmalaga.org\/cementerio\/galeria\/","og_site_name":"Cementerio Ingl\u00e9s de M\u00e1laga","article_publisher":"https:\/\/facebook.com\/CemIngMalaga\/","article_modified_time":"2018-03-27T08:46:15+00:00","og_image":[{"width":1000,"height":650,"url":"https:\/\/cementerioinglesmalaga.org\/wp-content\/uploads\/2019\/06\/ISOLOGO-Principal.png","type":"image\/png"}],"twitter_card":"summary","twitter_site":"@ceminglesmlg","schema":{"@context":"https:\/\/schema.org","@graph":[{"@type":"Organization","@id":"https:\/\/cementerioinglesmalaga.org\/#organization","name":"Fundaci\u00f3n Cementerio Ingl\u00e9s de M\u00e1laga","url":"https:\/\/cementerioinglesmalaga.org\/","sameAs":["https:\/\/facebook.com\/CemIngMalaga\/","https:\/\/twitter.com\/ceminglesmlg"],"logo":{"@type":"ImageObject","inLanguage":"de","@id":"https:\/\/cementerioinglesmalaga.org\/#\/schema\/logo\/image\/","url":"https:\/\/cementerioinglesmalaga.org\/wp-content\/uploads\/2017\/07\/escudo-CIM-poli.png","contentUrl":"https:\/\/cementerioinglesmalaga.org\/wp-content\/uploads\/2017\/07\/escudo-CIM-poli.png","width":313,"height":313,"caption":"Fundaci\u00f3n Cementerio Ingl\u00e9s de M\u00e1laga"},"image":{"@id":"https:\/\/cementerioinglesmalaga.org\/#\/schema\/logo\/image\/"}},{"@type":"WebSite","@id":"https:\/\/cementerioinglesmalaga.org\/#website","url":"https:\/\/cementerioinglesmalaga.org\/","name":"Cementerio Ingl\u00e9s de M\u00e1laga","description":"P\u00e1gina oficial del primer cementerio protestante de la Espa\u00f1a Peninsular","publisher":{"@id":"https:\/\/cementerioinglesmalaga.org\/#organization"},"potentialAction":[{"@type":"SearchAction","target":{"@type":"EntryPoint","urlTemplate":"https:\/\/cementerioinglesmalaga.org\/?s={search_term_string}"},"query-input":"required name=search_term_string"}],"inLanguage":"de"},{"@type":"WebPage","@id":"https:\/\/cementerioinglesmalaga.org\/cementerio\/galeria\/#webpage","url":"https:\/\/cementerioinglesmalaga.org\/cementerio\/galeria\/","name":"[:es]Galer\u00eda[:en]Gallery[:de]In bilder[:] - Cementerio Ingl\u00e9s de M\u00e1laga","isPartOf":{"@id":"https:\/\/cementerioinglesmalaga.org\/#website"},"datePublished":"2016-03-21T10:35:48+00:00","dateModified":"2018-03-27T08:46:15+00:00","breadcrumb":{"@id":"https:\/\/cementerioinglesmalaga.org\/cementerio\/galeria\/#breadcrumb"},"inLanguage":"de","potentialAction":[{"@type":"ReadAction","target":["https:\/\/cementerioinglesmalaga.org\/cementerio\/galeria\/"]}]},{"@type":"BreadcrumbList","@id":"https:\/\/cementerioinglesmalaga.org\/cementerio\/galeria\/#breadcrumb","itemListElement":[{"@type":"ListItem","position":1,"name":"Portada","item":"https:\/\/cementerioinglesmalaga.org\/"},{"@type":"ListItem","position":2,"name":"Cementerio","item":"https:\/\/cementerioinglesmalaga.org\/cementerio\/"},{"@type":"ListItem","position":3,"name":"Galer\u00eda"}]}]}},"_links":{"self":[{"href":"https:\/\/cementerioinglesmalaga.org\/de\/wp-json\/wp\/v2\/pages\/31"}],"collection":[{"href":"https:\/\/cementerioinglesmalaga.org\/de\/wp-json\/wp\/v2\/pages"}],"about":[{"href":"https:\/\/cementerioinglesmalaga.org\/de\/wp-json\/wp\/v2\/types\/page"}],"author":[{"embeddable":true,"href":"https:\/\/cementerioinglesmalaga.org\/de\/wp-json\/wp\/v2\/users\/4"}],"replies":[{"embeddable":true,"href":"https:\/\/cementerioinglesmalaga.org\/de\/wp-json\/wp\/v2\/comments?post=31"}],"version-history":[{"count":21,"href":"https:\/\/cementerioinglesmalaga.org\/de\/wp-json\/wp\/v2\/pages\/31\/revisions"}],"predecessor-version":[{"id":834,"href":"https:\/\/cementerioinglesmalaga.org\/de\/wp-json\/wp\/v2\/pages\/31\/revisions\/834"}],"up":[{"embeddable":true,"href":"https:\/\/cementerioinglesmalaga.org\/de\/wp-json\/wp\/v2\/pages\/100"}],"wp:attachment":[{"href":"https:\/\/cementerioinglesmalaga.org\/de\/wp-json\/wp\/v2\/media?parent=31"}],"curies":[{"name":"wp","href":"https:\/\/api.w.org\/{rel}","templated":true}]}}