{"id":34,"date":"2016-03-21T10:37:54","date_gmt":"2016-03-21T10:37:54","guid":{"rendered":"http:\/\/cementerioinglesmalaga.org\/?page_id=34"},"modified":"2025-04-01T12:22:58","modified_gmt":"2025-04-01T10:22:58","slug":"contacto","status":"publish","type":"page","link":"https:\/\/cementerioinglesmalaga.org\/de\/contacto\/","title":{"rendered":"Kontakt"},"content":{"rendered":"<div class=\"wpb-content-wrapper\"><p>[vc_row el_id=&#8220;contacto-page&#8220;][vc_column][vc_column_text]<span style=\"font-weight: 400;\">M\u00f6chten Sie sich mit uns in Verbindung setzen, um das Kulturprogramm einzusehen, haben Sie Fragen zu den Bestattungsdiensten oder m\u00f6chten Sie einen Besuchstermin vereinbaren?<\/span>[\/vc_column_text][vc_column_text]<span style=\"font-weight: 400;\">Sie k\u00f6nnen uns von Dienstag bis Sonntag von 9.00 bis 14.00 Uhr unter der Telefonnummer <strong>952 22 35 52<\/strong> erreichen oder uns eine E-Mail schicken:<\/span><\/p>\n<p><span style=\"font-weight: 400;\">Allgemeine Informationen, Anfragen und Schulbesuche: <a href=\"mailto:info@cementerioinglesmalaga.org\" target=\"_blank\" rel=\"noopener\">info@cementerioinglesmalaga.org<\/a><\/span><\/p>\n<p><span style=\"font-weight: 400;\">Bestattungsdienste: <a href=\"mailto:serviciosfunerarios@cementerioinglesmalaga.org\" target=\"_blank\" rel=\"noopener\">serviciosfunerarios@cementerioinglesmalaga.org<\/a><\/span><\/p>\n<p><span style=\"font-weight: 400;\">Freunde der englischen Sprache: <a href=\"mailto:amigos@cementerioinglesmalaga.org\" target=\"_blank\" rel=\"noopener\">amigos@cementerioinglesmalaga.org<\/a><\/span><\/p>\n<p><span style=\"font-weight: 400;\">Presse und Veranstaltungen: <a href=\"mailto:prensa@cementerioinglesmalaga.org\" target=\"_blank\" rel=\"noopener\">prensa@cementerioinglesmalaga.org<\/a><\/span>[\/vc_column_text][vc_column_text]<span style=\"font-weight: 400;\">Folgen Sie uns in den sozialen Netzwerken:<\/span><\/p>\n<p><span style=\"font-weight: 400;\">Instagram: <a href=\"https:\/\/www.instagram.com\/cementerioingles\/\" target=\"_blank\" rel=\"noopener\">@cementerioingles<\/a><\/span><\/p>\n<p><span style=\"font-weight: 400;\">Facebook: <a href=\"https:\/\/www.facebook.com\/CemIngMalaga\" target=\"_blank\" rel=\"noopener\">Cementerio Ingl\u00e9s de M\u00e1laga &#8211; Englischer Friedhof in M\u00e1laga<\/a><\/span><\/p>\n<p><span style=\"font-weight: 400;\">X: <a href=\"https:\/\/x.com\/ceminglesmlg\" target=\"_blank\" rel=\"noopener\">@ceminglesmlg<\/a><\/span>[\/vc_column_text][\/vc_column][\/vc_row][vc_row full_width=&#8220;stretch_row_content_no_spaces&#8220;][vc_column][vc_empty_space][\/vc_column][\/vc_row][vc_row full_width=&#8220;stretch_row_content_no_spaces&#8220; el_id=&#8220;mapa-ubicacion&#8220;][vc_column][vc_separator color=&#8220;custom&#8220; accent_color=&#8220;#c6b796&#8243;][vc_gmaps link=&#8220;#E-8_JTNDaWZyYW1lJTIwc3JjJTNEJTIyaHR0cHMlM0ElMkYlMkZ3d3cuZ29vZ2xlLmNvbSUyRm1hcHMlMkZlbWJlZCUzRnBiJTNEJTIxMW0xOCUyMTFtMTIlMjExbTMlMjExZDczMDkuMTcwNjcxNTAxMTk2JTIxMmQtNC40MDkxOTYxMjgzNTExOTglMjEzZDM2LjcyMDUzMzYwMzMwNjI2NSUyMTJtMyUyMTFmMCUyMTJmMCUyMTNmMCUyMTNtMiUyMTFpMTAyNCUyMTJpNzY4JTIxNGYxMy4xJTIxM20zJTIxMW0yJTIxMXMweGQ3MmY3ZTdlZjMwODNjYiUyNTNBMHg3MWIwNWQ5YjUyODc1ZDBjJTIxMnNDZW1lbnRlcmlvJTJCaW5nbCUyNUMzJTI1QTlzJTIxNWUwJTIxM20yJTIxMXNlcyUyMTJzZXMlMjE0djE1MDI2OTgyMTg2NTMlMjIlMjB3aWR0aCUzRCUyMjgwMCUyMiUyMGhlaWdodCUzRCUyMjYwMCUyMiUyMGZyYW1lYm9yZGVyJTNEJTIyMCUyMiUyMHN0eWxlJTNEJTIyYm9yZGVyJTNBMCUyMiUyMGFsbG93ZnVsbHNjcmVlbiUzRSUzQyUyRmlmcmFtZSUzRQ==&#8220;][\/vc_column][\/vc_row]<\/p>\n<\/div>","protected":false},"excerpt":{"rendered":"<p>[vc_row el_id=&#8220;contacto-page&#8220;][vc_column][vc_column_text]M\u00f6chten Sie sich mit uns in Verbindung setzen, um das Kulturprogramm einzusehen, haben Sie Fragen zu den Bestattungsdiensten oder m\u00f6chten Sie einen Besuchstermin vereinbaren?[\/vc_column_text][vc_column_text]Sie k\u00f6nnen uns von Dienstag bis Sonntag von 9.00 bis 14.00 Uhr unter der Telefonnummer 952 22 35 52 erreichen oder uns eine E-Mail schicken: Allgemeine<span class=\"excerpt-hellip\"> [\u2026]<\/span><\/p>\n","protected":false},"author":4,"featured_media":0,"parent":0,"menu_order":6,"comment_status":"closed","ping_status":"closed","template":"","meta":[],"yoast_head":"<!-- This site is optimized with the Yoast SEO plugin v19.1 - https:\/\/yoast.com\/wordpress\/plugins\/seo\/ -->\n<title>Kontakt - Cementerio Ingl\u00e9s de M\u00e1laga<\/title>\n<meta name=\"robots\" content=\"index, follow, max-snippet:-1, max-image-preview:large, max-video-preview:-1\" \/>\n<link rel=\"canonical\" href=\"https:\/\/cementerioinglesmalaga.org\/contacto\/\" \/>\n<meta property=\"og:locale\" content=\"de_DE\" \/>\n<meta property=\"og:type\" content=\"article\" \/>\n<meta property=\"og:title\" content=\"[:es]Contacto[:en]Get in touch[:de]Kontakt[:] - Cementerio Ingl\u00e9s de M\u00e1laga\" \/>\n<meta property=\"og:description\" content=\"[vc_row el_id=&#8220;contacto-page&#8220;][vc_column][vc_column_text]M\u00f6chten Sie sich mit uns in Verbindung setzen, um das Kulturprogramm einzusehen, haben Sie Fragen zu den Bestattungsdiensten oder m\u00f6chten Sie einen Besuchstermin vereinbaren?[\/vc_column_text][vc_column_text]Sie k\u00f6nnen uns von Dienstag bis Sonntag von 9.00 bis 14.00 Uhr unter der Telefonnummer 952 22 35 52 erreichen oder uns eine E-Mail schicken: Allgemeine [\u2026]\" \/>\n<meta property=\"og:url\" content=\"https:\/\/cementerioinglesmalaga.org\/contacto\/\" \/>\n<meta property=\"og:site_name\" content=\"Cementerio Ingl\u00e9s de M\u00e1laga\" \/>\n<meta property=\"article:publisher\" content=\"https:\/\/facebook.com\/CemIngMalaga\/\" \/>\n<meta property=\"article:modified_time\" content=\"2025-04-01T10:22:58+00:00\" \/>\n<meta property=\"og:image\" content=\"https:\/\/cementerioinglesmalaga.org\/wp-content\/uploads\/2019\/06\/ISOLOGO-Principal.png\" \/>\n\t<meta property=\"og:image:width\" content=\"1000\" \/>\n\t<meta property=\"og:image:height\" content=\"650\" \/>\n\t<meta property=\"og:image:type\" content=\"image\/png\" \/>\n<meta name=\"twitter:card\" content=\"summary\" \/>\n<meta name=\"twitter:site\" content=\"@ceminglesmlg\" \/>\n<meta name=\"twitter:label1\" content=\"Gesch\u00e4tzte Lesezeit\" \/>\n\t<meta name=\"twitter:data1\" content=\"1\u00a0Minute\" \/>\n<script type=\"application\/ld+json\" class=\"yoast-schema-graph\">{\"@context\":\"https:\/\/schema.org\",\"@graph\":[{\"@type\":\"Organization\",\"@id\":\"https:\/\/cementerioinglesmalaga.org\/#organization\",\"name\":\"Fundaci\u00f3n Cementerio Ingl\u00e9s de M\u00e1laga\",\"url\":\"https:\/\/cementerioinglesmalaga.org\/\",\"sameAs\":[\"https:\/\/facebook.com\/CemIngMalaga\/\",\"https:\/\/twitter.com\/ceminglesmlg\"],\"logo\":{\"@type\":\"ImageObject\",\"inLanguage\":\"de\",\"@id\":\"https:\/\/cementerioinglesmalaga.org\/#\/schema\/logo\/image\/\",\"url\":\"https:\/\/cementerioinglesmalaga.org\/wp-content\/uploads\/2017\/07\/escudo-CIM-poli.png\",\"contentUrl\":\"https:\/\/cementerioinglesmalaga.org\/wp-content\/uploads\/2017\/07\/escudo-CIM-poli.png\",\"width\":313,\"height\":313,\"caption\":\"Fundaci\u00f3n Cementerio Ingl\u00e9s de M\u00e1laga\"},\"image\":{\"@id\":\"https:\/\/cementerioinglesmalaga.org\/#\/schema\/logo\/image\/\"}},{\"@type\":\"WebSite\",\"@id\":\"https:\/\/cementerioinglesmalaga.org\/#website\",\"url\":\"https:\/\/cementerioinglesmalaga.org\/\",\"name\":\"Cementerio Ingl\u00e9s de M\u00e1laga\",\"description\":\"P\u00e1gina oficial del primer cementerio protestante de la Espa\u00f1a Peninsular\",\"publisher\":{\"@id\":\"https:\/\/cementerioinglesmalaga.org\/#organization\"},\"potentialAction\":[{\"@type\":\"SearchAction\",\"target\":{\"@type\":\"EntryPoint\",\"urlTemplate\":\"https:\/\/cementerioinglesmalaga.org\/?s={search_term_string}\"},\"query-input\":\"required name=search_term_string\"}],\"inLanguage\":\"de\"},{\"@type\":\"WebPage\",\"@id\":\"https:\/\/cementerioinglesmalaga.org\/contacto\/#webpage\",\"url\":\"https:\/\/cementerioinglesmalaga.org\/contacto\/\",\"name\":\"[:es]Contacto[:en]Get in touch[:de]Kontakt[:] - Cementerio Ingl\u00e9s de M\u00e1laga\",\"isPartOf\":{\"@id\":\"https:\/\/cementerioinglesmalaga.org\/#website\"},\"datePublished\":\"2016-03-21T10:37:54+00:00\",\"dateModified\":\"2025-04-01T10:22:58+00:00\",\"breadcrumb\":{\"@id\":\"https:\/\/cementerioinglesmalaga.org\/contacto\/#breadcrumb\"},\"inLanguage\":\"de\",\"potentialAction\":[{\"@type\":\"ReadAction\",\"target\":[\"https:\/\/cementerioinglesmalaga.org\/contacto\/\"]}]},{\"@type\":\"BreadcrumbList\",\"@id\":\"https:\/\/cementerioinglesmalaga.org\/contacto\/#breadcrumb\",\"itemListElement\":[{\"@type\":\"ListItem\",\"position\":1,\"name\":\"Portada\",\"item\":\"https:\/\/cementerioinglesmalaga.org\/\"},{\"@type\":\"ListItem\",\"position\":2,\"name\":\"Contacto\"}]}]}<\/script>\n<!-- \/ Yoast SEO plugin. -->","yoast_head_json":{"title":"[:es]Contacto[:en]Get in touch[:de]Kontakt[:] - Cementerio Ingl\u00e9s de M\u00e1laga","robots":{"index":"index","follow":"follow","max-snippet":"max-snippet:-1","max-image-preview":"max-image-preview:large","max-video-preview":"max-video-preview:-1"},"canonical":"https:\/\/cementerioinglesmalaga.org\/contacto\/","og_locale":"de_DE","og_type":"article","og_title":"[:es]Contacto[:en]Get in touch[:de]Kontakt[:] - Cementerio Ingl\u00e9s de M\u00e1laga","og_description":"[vc_row el_id=&#8220;contacto-page&#8220;][vc_column][vc_column_text]M\u00f6chten Sie sich mit uns in Verbindung setzen, um das Kulturprogramm einzusehen, haben Sie Fragen zu den Bestattungsdiensten oder m\u00f6chten Sie einen Besuchstermin vereinbaren?[\/vc_column_text][vc_column_text]Sie k\u00f6nnen uns von Dienstag bis Sonntag von 9.00 bis 14.00 Uhr unter der Telefonnummer 952 22 35 52 erreichen oder uns eine E-Mail schicken: Allgemeine [\u2026]","og_url":"https:\/\/cementerioinglesmalaga.org\/contacto\/","og_site_name":"Cementerio Ingl\u00e9s de M\u00e1laga","article_publisher":"https:\/\/facebook.com\/CemIngMalaga\/","article_modified_time":"2025-04-01T10:22:58+00:00","og_image":[{"width":1000,"height":650,"url":"https:\/\/cementerioinglesmalaga.org\/wp-content\/uploads\/2019\/06\/ISOLOGO-Principal.png","type":"image\/png"}],"twitter_card":"summary","twitter_site":"@ceminglesmlg","twitter_misc":{"Gesch\u00e4tzte Lesezeit":"1\u00a0Minute"},"schema":{"@context":"https:\/\/schema.org","@graph":[{"@type":"Organization","@id":"https:\/\/cementerioinglesmalaga.org\/#organization","name":"Fundaci\u00f3n Cementerio Ingl\u00e9s de M\u00e1laga","url":"https:\/\/cementerioinglesmalaga.org\/","sameAs":["https:\/\/facebook.com\/CemIngMalaga\/","https:\/\/twitter.com\/ceminglesmlg"],"logo":{"@type":"ImageObject","inLanguage":"de","@id":"https:\/\/cementerioinglesmalaga.org\/#\/schema\/logo\/image\/","url":"https:\/\/cementerioinglesmalaga.org\/wp-content\/uploads\/2017\/07\/escudo-CIM-poli.png","contentUrl":"https:\/\/cementerioinglesmalaga.org\/wp-content\/uploads\/2017\/07\/escudo-CIM-poli.png","width":313,"height":313,"caption":"Fundaci\u00f3n Cementerio Ingl\u00e9s de M\u00e1laga"},"image":{"@id":"https:\/\/cementerioinglesmalaga.org\/#\/schema\/logo\/image\/"}},{"@type":"WebSite","@id":"https:\/\/cementerioinglesmalaga.org\/#website","url":"https:\/\/cementerioinglesmalaga.org\/","name":"Cementerio Ingl\u00e9s de M\u00e1laga","description":"P\u00e1gina oficial del primer cementerio protestante de la Espa\u00f1a Peninsular","publisher":{"@id":"https:\/\/cementerioinglesmalaga.org\/#organization"},"potentialAction":[{"@type":"SearchAction","target":{"@type":"EntryPoint","urlTemplate":"https:\/\/cementerioinglesmalaga.org\/?s={search_term_string}"},"query-input":"required name=search_term_string"}],"inLanguage":"de"},{"@type":"WebPage","@id":"https:\/\/cementerioinglesmalaga.org\/contacto\/#webpage","url":"https:\/\/cementerioinglesmalaga.org\/contacto\/","name":"[:es]Contacto[:en]Get in touch[:de]Kontakt[:] - Cementerio Ingl\u00e9s de M\u00e1laga","isPartOf":{"@id":"https:\/\/cementerioinglesmalaga.org\/#website"},"datePublished":"2016-03-21T10:37:54+00:00","dateModified":"2025-04-01T10:22:58+00:00","breadcrumb":{"@id":"https:\/\/cementerioinglesmalaga.org\/contacto\/#breadcrumb"},"inLanguage":"de","potentialAction":[{"@type":"ReadAction","target":["https:\/\/cementerioinglesmalaga.org\/contacto\/"]}]},{"@type":"BreadcrumbList","@id":"https:\/\/cementerioinglesmalaga.org\/contacto\/#breadcrumb","itemListElement":[{"@type":"ListItem","position":1,"name":"Portada","item":"https:\/\/cementerioinglesmalaga.org\/"},{"@type":"ListItem","position":2,"name":"Contacto"}]}]}},"_links":{"self":[{"href":"https:\/\/cementerioinglesmalaga.org\/de\/wp-json\/wp\/v2\/pages\/34"}],"collection":[{"href":"https:\/\/cementerioinglesmalaga.org\/de\/wp-json\/wp\/v2\/pages"}],"about":[{"href":"https:\/\/cementerioinglesmalaga.org\/de\/wp-json\/wp\/v2\/types\/page"}],"author":[{"embeddable":true,"href":"https:\/\/cementerioinglesmalaga.org\/de\/wp-json\/wp\/v2\/users\/4"}],"replies":[{"embeddable":true,"href":"https:\/\/cementerioinglesmalaga.org\/de\/wp-json\/wp\/v2\/comments?post=34"}],"version-history":[{"count":40,"href":"https:\/\/cementerioinglesmalaga.org\/de\/wp-json\/wp\/v2\/pages\/34\/revisions"}],"predecessor-version":[{"id":1970,"href":"https:\/\/cementerioinglesmalaga.org\/de\/wp-json\/wp\/v2\/pages\/34\/revisions\/1970"}],"wp:attachment":[{"href":"https:\/\/cementerioinglesmalaga.org\/de\/wp-json\/wp\/v2\/media?parent=34"}],"curies":[{"name":"wp","href":"https:\/\/api.w.org\/{rel}","templated":true}]}}