{"id":390,"date":"2017-06-22T13:11:03","date_gmt":"2017-06-22T11:11:03","guid":{"rendered":"http:\/\/cementerioinglesmalaga.boomestudio.es\/?page_id=390"},"modified":"2017-06-22T13:11:03","modified_gmt":"2017-06-22T11:11:03","slug":"registro-donaciones","status":"publish","type":"page","link":"https:\/\/cementerioinglesmalaga.org\/de\/registro-donaciones\/","title":{"rendered":"Registro : Donaciones"},"content":{"rendered":"<form method=\"post\" id=\"charitable-registration-form\" class=\"charitable-form\">\n\t\t<div class=\"charitable-form-fields cf\">\n\t\t<div class=\"charitable-session-content\" data-template=\"notices\" data-args=\"[]\" style=\"display: none;\"><\/div><noscript><\/noscript><input type=\"hidden\" name=\"charitable_form_id\" value=\"69f527444a46d\" autocomplete=\"off\" \/><input type=\"text\" name=\"69f527444a46d\" class=\"charitable-hidden\" value=\"\" autocomplete=\"off\" \/><input type=\"hidden\" name=\"_charitable_user_registration_nonce\" value=\"4f305b5226\"  \/><input type=\"hidden\" name=\"_wp_http_referer\" value=\"\/de\/wp-json\/wp\/v2\/pages\/390\"  \/><input type=\"hidden\" name=\"charitable_action\" value=\"save_registration\"  \/><div id=\"charitable_field_user_email\" class=\"charitable-form-field charitable-form-field-email required-field odd\">\n\t\t\t<label for=\"charitable_field_user_email_element\">\n\t\t\tCorreo electr\u00f3nico\t\t\t\t\t\t\t<abbr class=\"required\" title=\"required\">*<\/abbr>\n\t\t\t\t\t<\/label>\n\t\t\t<input type=\"email\" name=\"user_email\" id=\"charitable_field_user_email_element\" value=\"\"  required=\"required\" \/>\n<\/div>\n<div id=\"charitable_field_user_login\" class=\"charitable-form-field charitable-form-field-text required-field even\">\n\t\t\t<label for=\"charitable_field_user_login_element\">\n\t\t\tNombre de usuario\t\t\t\t\t\t\t<abbr class=\"required\" title=\"required\">*<\/abbr>\n\t\t\t\t\t<\/label>\n\t\t\t<input type=\"text\" name=\"user_login\" id=\"charitable_field_user_login_element\" value=\"\"  required=\"required\" \/>\n<\/div>\n<div id=\"charitable_field_user_pass\" class=\"charitable-form-field charitable-form-field-password required-field odd\">\n\t\t\t<label for=\"charitable_field_user_pass_element\">\n\t\t\tContrase\u00f1a\t\t\t\t\t\t\t<abbr class=\"required\" title=\"required\">*<\/abbr>\n\t\t\t\t\t<\/label>\n\t\t\t<input type=\"password\" name=\"user_pass\" id=\"charitable_field_user_pass_element\" value=\"\"  required=\"required\" \/>\n<\/div>\n\t<\/div><!-- .charitable-form-fields -->\n\t\t<div class=\"charitable-form-field charitable-submit-field\">\n\t\t<button class=\"button charitable-button registration-button\" type=\"submit\" name=\"register\">Registrarse<\/button>\n\t<\/div>\n<\/form><!-- #charitable-registration-form -->\n<p><a href=\"https:\/\/cementerioinglesmalaga.org\/de\/login-donaciones\/\">\u00bfInscrito ya? Entonces Inicia sesi\u00f3n.<\/a><\/p>\n","protected":false},"excerpt":{"rendered":"Correo electr\u00f3nico * Nombre de usuario * Contrase\u00f1a * Registrarse \u00bfInscrito ya? Entonces Inicia sesi\u00f3n.","protected":false},"author":7,"featured_media":0,"parent":0,"menu_order":0,"comment_status":"closed","ping_status":"closed","template":"","meta":[],"yoast_head":"<!-- This site is optimized with the Yoast SEO plugin v19.1 - https:\/\/yoast.com\/wordpress\/plugins\/seo\/ -->\n<title>Registro : Donaciones - Cementerio Ingl\u00e9s de M\u00e1laga<\/title>\n<meta name=\"robots\" content=\"index, follow, max-snippet:-1, max-image-preview:large, max-video-preview:-1\" \/>\n<link rel=\"canonical\" href=\"https:\/\/cementerioinglesmalaga.org\/en\/registro-donaciones\/\" \/>\n<meta property=\"og:locale\" content=\"de_DE\" \/>\n<meta property=\"og:type\" content=\"article\" \/>\n<meta property=\"og:title\" content=\"Registro : Donaciones - Cementerio Ingl\u00e9s de M\u00e1laga\" \/>\n<meta property=\"og:url\" content=\"https:\/\/cementerioinglesmalaga.org\/en\/registro-donaciones\/\" \/>\n<meta property=\"og:site_name\" content=\"Cementerio Ingl\u00e9s de M\u00e1laga\" \/>\n<meta property=\"article:publisher\" content=\"https:\/\/facebook.com\/CemIngMalaga\/\" \/>\n<meta property=\"og:image\" content=\"https:\/\/cementerioinglesmalaga.org\/wp-content\/uploads\/2019\/06\/ISOLOGO-Principal.png\" \/>\n\t<meta property=\"og:image:width\" content=\"1000\" \/>\n\t<meta property=\"og:image:height\" content=\"650\" \/>\n\t<meta property=\"og:image:type\" content=\"image\/png\" \/>\n<meta name=\"twitter:card\" content=\"summary\" \/>\n<meta name=\"twitter:site\" content=\"@ceminglesmlg\" \/>\n<script type=\"application\/ld+json\" class=\"yoast-schema-graph\">{\"@context\":\"https:\/\/schema.org\",\"@graph\":[{\"@type\":\"Organization\",\"@id\":\"https:\/\/cementerioinglesmalaga.org\/#organization\",\"name\":\"Fundaci\u00f3n Cementerio Ingl\u00e9s de M\u00e1laga\",\"url\":\"https:\/\/cementerioinglesmalaga.org\/\",\"sameAs\":[\"https:\/\/facebook.com\/CemIngMalaga\/\",\"https:\/\/twitter.com\/ceminglesmlg\"],\"logo\":{\"@type\":\"ImageObject\",\"inLanguage\":\"de\",\"@id\":\"https:\/\/cementerioinglesmalaga.org\/#\/schema\/logo\/image\/\",\"url\":\"https:\/\/cementerioinglesmalaga.org\/wp-content\/uploads\/2017\/07\/escudo-CIM-poli.png\",\"contentUrl\":\"https:\/\/cementerioinglesmalaga.org\/wp-content\/uploads\/2017\/07\/escudo-CIM-poli.png\",\"width\":313,\"height\":313,\"caption\":\"Fundaci\u00f3n Cementerio Ingl\u00e9s de M\u00e1laga\"},\"image\":{\"@id\":\"https:\/\/cementerioinglesmalaga.org\/#\/schema\/logo\/image\/\"}},{\"@type\":\"WebSite\",\"@id\":\"https:\/\/cementerioinglesmalaga.org\/#website\",\"url\":\"https:\/\/cementerioinglesmalaga.org\/\",\"name\":\"Cementerio Ingl\u00e9s de M\u00e1laga\",\"description\":\"P\u00e1gina oficial del primer cementerio protestante de la Espa\u00f1a Peninsular\",\"publisher\":{\"@id\":\"https:\/\/cementerioinglesmalaga.org\/#organization\"},\"potentialAction\":[{\"@type\":\"SearchAction\",\"target\":{\"@type\":\"EntryPoint\",\"urlTemplate\":\"https:\/\/cementerioinglesmalaga.org\/?s={search_term_string}\"},\"query-input\":\"required name=search_term_string\"}],\"inLanguage\":\"de\"},{\"@type\":\"WebPage\",\"@id\":\"https:\/\/cementerioinglesmalaga.org\/en\/registro-donaciones\/#webpage\",\"url\":\"https:\/\/cementerioinglesmalaga.org\/en\/registro-donaciones\/\",\"name\":\"Registro : Donaciones - Cementerio Ingl\u00e9s de M\u00e1laga\",\"isPartOf\":{\"@id\":\"https:\/\/cementerioinglesmalaga.org\/#website\"},\"datePublished\":\"2017-06-22T11:11:03+00:00\",\"dateModified\":\"2017-06-22T11:11:03+00:00\",\"breadcrumb\":{\"@id\":\"https:\/\/cementerioinglesmalaga.org\/en\/registro-donaciones\/#breadcrumb\"},\"inLanguage\":\"de\",\"potentialAction\":[{\"@type\":\"ReadAction\",\"target\":[\"https:\/\/cementerioinglesmalaga.org\/en\/registro-donaciones\/\"]}]},{\"@type\":\"BreadcrumbList\",\"@id\":\"https:\/\/cementerioinglesmalaga.org\/en\/registro-donaciones\/#breadcrumb\",\"itemListElement\":[{\"@type\":\"ListItem\",\"position\":1,\"name\":\"Portada\",\"item\":\"https:\/\/cementerioinglesmalaga.org\/\"},{\"@type\":\"ListItem\",\"position\":2,\"name\":\"Registro : Donaciones\"}]}]}<\/script>\n<!-- \/ Yoast SEO plugin. -->","yoast_head_json":{"title":"Registro : Donaciones - Cementerio Ingl\u00e9s de M\u00e1laga","robots":{"index":"index","follow":"follow","max-snippet":"max-snippet:-1","max-image-preview":"max-image-preview:large","max-video-preview":"max-video-preview:-1"},"canonical":"https:\/\/cementerioinglesmalaga.org\/en\/registro-donaciones\/","og_locale":"de_DE","og_type":"article","og_title":"Registro : Donaciones - Cementerio Ingl\u00e9s de M\u00e1laga","og_url":"https:\/\/cementerioinglesmalaga.org\/en\/registro-donaciones\/","og_site_name":"Cementerio Ingl\u00e9s de M\u00e1laga","article_publisher":"https:\/\/facebook.com\/CemIngMalaga\/","og_image":[{"width":1000,"height":650,"url":"https:\/\/cementerioinglesmalaga.org\/wp-content\/uploads\/2019\/06\/ISOLOGO-Principal.png","type":"image\/png"}],"twitter_card":"summary","twitter_site":"@ceminglesmlg","schema":{"@context":"https:\/\/schema.org","@graph":[{"@type":"Organization","@id":"https:\/\/cementerioinglesmalaga.org\/#organization","name":"Fundaci\u00f3n Cementerio Ingl\u00e9s de M\u00e1laga","url":"https:\/\/cementerioinglesmalaga.org\/","sameAs":["https:\/\/facebook.com\/CemIngMalaga\/","https:\/\/twitter.com\/ceminglesmlg"],"logo":{"@type":"ImageObject","inLanguage":"de","@id":"https:\/\/cementerioinglesmalaga.org\/#\/schema\/logo\/image\/","url":"https:\/\/cementerioinglesmalaga.org\/wp-content\/uploads\/2017\/07\/escudo-CIM-poli.png","contentUrl":"https:\/\/cementerioinglesmalaga.org\/wp-content\/uploads\/2017\/07\/escudo-CIM-poli.png","width":313,"height":313,"caption":"Fundaci\u00f3n Cementerio Ingl\u00e9s de M\u00e1laga"},"image":{"@id":"https:\/\/cementerioinglesmalaga.org\/#\/schema\/logo\/image\/"}},{"@type":"WebSite","@id":"https:\/\/cementerioinglesmalaga.org\/#website","url":"https:\/\/cementerioinglesmalaga.org\/","name":"Cementerio Ingl\u00e9s de M\u00e1laga","description":"P\u00e1gina oficial del primer cementerio protestante de la Espa\u00f1a Peninsular","publisher":{"@id":"https:\/\/cementerioinglesmalaga.org\/#organization"},"potentialAction":[{"@type":"SearchAction","target":{"@type":"EntryPoint","urlTemplate":"https:\/\/cementerioinglesmalaga.org\/?s={search_term_string}"},"query-input":"required name=search_term_string"}],"inLanguage":"de"},{"@type":"WebPage","@id":"https:\/\/cementerioinglesmalaga.org\/en\/registro-donaciones\/#webpage","url":"https:\/\/cementerioinglesmalaga.org\/en\/registro-donaciones\/","name":"Registro : Donaciones - Cementerio Ingl\u00e9s de M\u00e1laga","isPartOf":{"@id":"https:\/\/cementerioinglesmalaga.org\/#website"},"datePublished":"2017-06-22T11:11:03+00:00","dateModified":"2017-06-22T11:11:03+00:00","breadcrumb":{"@id":"https:\/\/cementerioinglesmalaga.org\/en\/registro-donaciones\/#breadcrumb"},"inLanguage":"de","potentialAction":[{"@type":"ReadAction","target":["https:\/\/cementerioinglesmalaga.org\/en\/registro-donaciones\/"]}]},{"@type":"BreadcrumbList","@id":"https:\/\/cementerioinglesmalaga.org\/en\/registro-donaciones\/#breadcrumb","itemListElement":[{"@type":"ListItem","position":1,"name":"Portada","item":"https:\/\/cementerioinglesmalaga.org\/"},{"@type":"ListItem","position":2,"name":"Registro : Donaciones"}]}]}},"_links":{"self":[{"href":"https:\/\/cementerioinglesmalaga.org\/de\/wp-json\/wp\/v2\/pages\/390"}],"collection":[{"href":"https:\/\/cementerioinglesmalaga.org\/de\/wp-json\/wp\/v2\/pages"}],"about":[{"href":"https:\/\/cementerioinglesmalaga.org\/de\/wp-json\/wp\/v2\/types\/page"}],"author":[{"embeddable":true,"href":"https:\/\/cementerioinglesmalaga.org\/de\/wp-json\/wp\/v2\/users\/7"}],"replies":[{"embeddable":true,"href":"https:\/\/cementerioinglesmalaga.org\/de\/wp-json\/wp\/v2\/comments?post=390"}],"version-history":[{"count":1,"href":"https:\/\/cementerioinglesmalaga.org\/de\/wp-json\/wp\/v2\/pages\/390\/revisions"}],"predecessor-version":[{"id":391,"href":"https:\/\/cementerioinglesmalaga.org\/de\/wp-json\/wp\/v2\/pages\/390\/revisions\/391"}],"wp:attachment":[{"href":"https:\/\/cementerioinglesmalaga.org\/de\/wp-json\/wp\/v2\/media?parent=390"}],"curies":[{"name":"wp","href":"https:\/\/api.w.org\/{rel}","templated":true}]}}