{"id":751,"date":"2017-09-20T12:28:49","date_gmt":"2017-09-20T10:28:49","guid":{"rendered":"http:\/\/cementerioinglesmalaga.org\/?page_id=751"},"modified":"2024-02-27T14:30:49","modified_gmt":"2024-02-27T12:30:49","slug":"area-didactica","status":"publish","type":"page","link":"https:\/\/cementerioinglesmalaga.org\/de\/visitas\/area-didactica\/","title":{"rendered":"Didaktischer Bereich"},"content":{"rendered":"<div class=\"wpb-content-wrapper\"><p>[vc_row][vc_column][vc_single_image image=&#8220;279&#8243; img_size=&#8220;large&#8220; css=&#8220;.vc_custom_1497611442779{border-top-width: 6px !important;border-right-width: 6px !important;border-bottom-width: 6px !important;border-left-width: 6px !important;border-left-color: #c6b796 !important;border-left-style: solid !important;border-right-color: #c6b796 !important;border-right-style: solid !important;border-top-color: #c6b796 !important;border-top-style: solid !important;border-bottom-color: #c6b796 !important;border-bottom-style: solid !important;}&#8220;][vc_empty_space height=&#8220;1px&#8220;][vc_custom_heading text=&#8220;\u00c1REA DID\u00c1CTICA&#8220; font_container=&#8220;tag:h3|text_align:left&#8220; use_theme_fonts=&#8220;yes&#8220;][vc_column_text]Fiel al ideario de la Fundaci\u00f3n, el <strong>\u00c1rea de Did\u00e1ctica <\/strong>del Cementerio Ingl\u00e9s de M\u00e1laga, ofrece actividades educativas de diversa tem\u00e1tica para <strong>grupos escolares <\/strong>con el objetivo de dar a conocer esta olvidada parte de la historia de la ciudad de forma simple y directa a trav\u00e9s de <strong>actividades did\u00e1cticas, l\u00fadicas y activas<\/strong>.<\/p>\n<p>Estas actividades est\u00e1n adaptadas a cada nivel educativo y complementan los conocimientos b\u00e1sicos que adquieren los\/as alumnos\/as en el <strong>temario escolar<\/strong>, al mismo tiempo que se pretende dar a conocer y despertar el inter\u00e9s del alumnado por el maravilloso mundo de la historia.<\/p>\n<p>Con las visitas se pretende aproximar la <strong>historia<\/strong> del Cementerio Ingl\u00e9s de M\u00e1laga al alumnado de manera que no solo aprendan sino que tambi\u00e9n se <strong>interesen<\/strong> por conocer mejor su ciudad.<\/p>\n<p>Las actividades, que se ofrecen tanto <strong>en ingl\u00e9s<\/strong> como <strong>en espa\u00f1ol<\/strong>, se adaptar\u00e1n a la edad y necesidades del grupo para hacerla atractiva en todo momento de manera que cada grupo disfrute al m\u00e1ximo la actividad.<\/p>\n<p>A continuaci\u00f3n exponemos una peque\u00f1a descripci\u00f3n de las principales actividades que ofertamos y que pod\u00e9is ver de una manera m\u00e1s detallada en nuestro <strong>dossier<\/strong> que pod\u00e9is descargar\u00a0<a href=\"http:\/\/cementerioinglesmalaga.org\/wp-content\/uploads\/2017\/09\/Dossier-Did\u00e1ctica-CIM-\u00b7-2017.pdf\">AQU\u00cd.<\/a>[\/vc_column_text][vc_separator color=&#8220;custom&#8220; style=&#8220;double&#8220; accent_color=&#8220;#c6b796&#8243;][vc_custom_heading text=&#8220;ACTIVIDADES&#8220; font_container=&#8220;tag:h3|text_align:left&#8220; use_theme_fonts=&#8220;yes&#8220;][vc_custom_heading text=&#8220;VISITA LIBRE&#8220; font_container=&#8220;tag:h4|text_align:left|color:%23ffffff&#8220; use_theme_fonts=&#8220;yes&#8220; css=&#8220;.vc_custom_1505902208952{padding-top: 20px !important;padding-right: 20px !important;padding-bottom: 20px !important;padding-left: 20px !important;background-color: #997e43 !important;}&#8220;][vc_column_text]Entrada libre al Cementerio para visitar el espacio al ritmo de la clase sin ninguna actividad programada por parte del equipo de did\u00e1ctica de la Fundaci\u00f3n.<\/p>\n<ul>\n<li><em><strong>Duraci\u00f3n:<\/strong> libre durante el horario de apertura<\/em><\/li>\n<li><em><strong>N\u00famero de alumnos:<\/strong> Menos de 50 alumnos<\/em><\/li>\n<li><em><strong>Precio:<\/strong> 2,50 \u20ac por alumno, los profesores entrar\u00e1n gratis.<\/em><\/li>\n<\/ul>\n<p>[\/vc_column_text][vc_empty_space height=&#8220;1px&#8220;][vc_custom_heading text=&#8220;VISITA GUIADA&#8220; font_container=&#8220;tag:h4|text_align:left|color:%23ffffff&#8220; use_theme_fonts=&#8220;yes&#8220; css=&#8220;.vc_custom_1505902221197{padding-top: 20px !important;padding-right: 20px !important;padding-bottom: 20px !important;padding-left: 20px !important;background-color: #997e43 !important;}&#8220;][vc_column_text]Visita guiada a lo largo del camposanto mostrando a los\/as alumnos\/as las distintas historias que guardan los personajes enterrados en el cementerio, as\u00ed como la relaci\u00f3n de cada uno de ellos con la historia de la ciudad.<\/p>\n<ul>\n<li><em><strong>Duraci\u00f3n:<\/strong> 1 hora<\/em><\/li>\n<li><em><strong>N\u00famero de alumnos:<\/strong> Entre 15 y 30 personas<\/em><\/li>\n<li><em><strong>Precio:<\/strong> 3\u20ac por alumno, los profesores entrar\u00e1n gratis.<\/em><\/li>\n<\/ul>\n<p>[\/vc_column_text][vc_empty_space height=&#8220;1px&#8220;][vc_custom_heading text=&#8220;VISITA ACTIVA \u2022 El Gran Juego del Cementerio Ingl\u00e9s&#8220; font_container=&#8220;tag:h4|text_align:left|color:%23ffffff&#8220; use_theme_fonts=&#8220;yes&#8220; css=&#8220;.vc_custom_1505902371199{padding-top: 20px !important;padding-right: 20px !important;padding-bottom: 20px !important;padding-left: 20px !important;background-color: #997e43 !important;}&#8220;][vc_column_text]Con esta actividad, y a trav\u00e9s del juego, se pretende aproximar la historia del Cementerio Ingl\u00e9s de M\u00e1laga a los distintos educandos, de manera que no solo aprendan, sino que tambi\u00e9n se interesen por conocer mejor su ciudad. Tambi\u00e9n se trabajan de manera transversal contenidos como la organizaci\u00f3n del tiempo, la gesti\u00f3n del trabajo en equipo y las capacidades de observaci\u00f3n y asociaci\u00f3n de ideas.<\/p>\n<p>En la gymkhana se relacionan los acontecimientos m\u00e1s relevantes de la M\u00e1laga del siglo XIX y XX con los distintos personajes enterrados en el camposanto, as\u00ed como la relaci\u00f3n del mismo con los lemas del escudo de la ciudad.<\/p>\n<ul>\n<li><em><strong>Duraci\u00f3n:<\/strong> 1 hora y media<\/em><\/li>\n<li><em><strong>N\u00famero de alumnos:<\/strong> Entre 20 y 30 personas<\/em><\/li>\n<li><em><strong>Precio:<\/strong> 3\u20ac por alumno, los profesores entrar\u00e1n gratis.<\/em><\/li>\n<\/ul>\n<p>[\/vc_column_text][vc_empty_space height=&#8220;1px&#8220;][vc_separator color=&#8220;custom&#8220; style=&#8220;double&#8220; accent_color=&#8220;#c6b796&#8243;][vc_custom_heading text=&#8220;INFORMACI\u00d3N DE INTER\u00c9S&#8220; font_container=&#8220;tag:h3|text_align:left&#8220; use_theme_fonts=&#8220;yes&#8220;][vc_column_text css=&#8220;.vc_custom_1505902630268{padding-top: 20px !important;padding-right: 20px !important;padding-bottom: 20px !important;padding-left: 20px !important;background-color: #0a4a35 !important;}&#8220; el_class=&#8220;text-white&#8220;]<\/p>\n<ul>\n<li>Cada modalidad de actividad est\u00e1 dise\u00f1ada para una cantidad de alumnos determinada que hay que respetar<\/li>\n<li>Todas las actividades se ofertan en ingl\u00e9s y en espa\u00f1ol.<\/li>\n<li>Los profesores de cada grupo realizar\u00e1n la visita de manera gratuita.<\/li>\n<li>Las fechas est\u00e1n sujetas a disponibilidad. Contacte con nosotros a trav\u00e9s del formulario de contacto para reservar fecha para su visita.<\/li>\n<li>Los profesores podr\u00e1n proponer actividades espec\u00edficas para sus alumnos\/as en coordinaci\u00f3n con la direcci\u00f3n de did\u00e1ctica del Cementerio Ingl\u00e9s de M\u00e1laga.<\/li>\n<\/ul>\n<p>[\/vc_column_text][vc_empty_space height=&#8220;1px&#8220;][vc_separator color=&#8220;custom&#8220; style=&#8220;double&#8220; accent_color=&#8220;#c6b796&#8243;][vc_custom_heading text=&#8220;\u00bfC\u00d3MO LLEGAR?&#8220; font_container=&#8220;tag:h3|text_align:left&#8220; use_theme_fonts=&#8220;yes&#8220;][vc_column_text]El Cementerio Ingl\u00e9s de M\u00e1laga est\u00e1 situado en el n\u00famero 1 de la Avenida de Pries, justo detr\u00e1s del nuevo hotel Miramar al final del Paseo de Reding.<\/p>\n<p>Situado apenas a 5 minutos andando desde el Pompidou o a 15 minutos desde Calle Larios, es una manera genial de empezar o terminar una visita escolar al centro hist\u00f3rico de la ciudad.[\/vc_column_text][vc_btn title=&#8220;VER MAPA&#8220; style=&#8220;flat&#8220; color=&#8220;success&#8220; align=&#8220;left&#8220; link=&#8220;url:https%3A%2F%2Fwww.google.es%2Fmaps%2Fplace%2FCementerio%2Bingl%25C3%25A9s%2F%4036.7213609%2C-4.4090071%2C17z%2Fdata%3D!3m1!4b1!4m5!3m4!1s0xd72f7e7ef3083cb%3A0x71b05d9b52875d0c!8m2!3d36.7213609!4d-4.4068184%3Fhl%3Des||target:%20_blank|&#8220; el_class=&#8220;boton-marron&#8220;][vc_column_text]<em>Si ven\u00eds en bus (contratado), os recomendamos bajar con la clase a la altura de calle Cervantes, al lado de la Plaza de Toros.\u00a0<\/em><\/p>\n<p><em>Si por el contrario ven\u00eds con la EMT, os recomendamos bajar en la parada del Hotel Miramar (lineas 3 y 11).<\/em>[\/vc_column_text][\/vc_column][\/vc_row]<\/p>\n<\/div>","protected":false},"excerpt":{"rendered":"<p>[vc_row][vc_column][vc_single_image image=&#8220;279&#8243; img_size=&#8220;large&#8220; css=&#8220;.vc_custom_1497611442779{border-top-width: 6px !important;border-right-width: 6px !important;border-bottom-width: 6px !important;border-left-width: 6px !important;border-left-color: #c6b796 !important;border-left-style: solid !important;border-right-color: #c6b796 !important;border-right-style: solid !important;border-top-color: #c6b796 !important;border-top-style: solid !important;border-bottom-color: #c6b796 !important;border-bottom-style: solid !important;}&#8220;][vc_empty_space height=&#8220;1px&#8220;][vc_custom_heading text=&#8220;\u00c1REA DID\u00c1CTICA&#8220; font_container=&#8220;tag:h3|text_align:left&#8220; use_theme_fonts=&#8220;yes&#8220;][vc_column_text]Fiel al ideario de la Fundaci\u00f3n, el \u00c1rea de Did\u00e1ctica del Cementerio Ingl\u00e9s de M\u00e1laga, ofrece actividades educativas<span class=\"excerpt-hellip\"> [\u2026]<\/span><\/p>\n","protected":false},"author":4,"featured_media":0,"parent":14,"menu_order":2,"comment_status":"closed","ping_status":"closed","template":"","meta":[],"yoast_head":"<!-- This site is optimized with the Yoast SEO plugin v19.1 - https:\/\/yoast.com\/wordpress\/plugins\/seo\/ -->\n<title><\/title>\n<meta name=\"description\" content=\"{:es}Si est\u00e1s interesado\/a en que tu clase visite el Cementerio Ingl\u00e9s de M\u00e1laga, inf\u00f3rmate aqu\u00ed de la oferta de actividades educativas de la Fundaci\u00f3n.{:}\" \/>\n<meta name=\"robots\" content=\"index, follow, max-snippet:-1, max-image-preview:large, max-video-preview:-1\" \/>\n<link rel=\"canonical\" href=\"https:\/\/cementerioinglesmalaga.org\/visitas\/area-didactica\/\" \/>\n<meta property=\"og:locale\" content=\"de_DE\" \/>\n<meta property=\"og:type\" content=\"article\" \/>\n<meta property=\"og:title\" content=\"[:es]\u00c1rea Did\u00e1ctica \u00b7 Visitas al Cementerio Ingl\u00e9s de M\u00e1laga[:]\" \/>\n<meta property=\"og:description\" content=\"{:es}Si est\u00e1s interesado\/a en que tu clase visite el Cementerio Ingl\u00e9s de M\u00e1laga, inf\u00f3rmate aqu\u00ed de la oferta de actividades educativas de la Fundaci\u00f3n.{:}\" \/>\n<meta property=\"og:url\" content=\"https:\/\/cementerioinglesmalaga.org\/visitas\/area-didactica\/\" \/>\n<meta property=\"og:site_name\" content=\"Cementerio Ingl\u00e9s de M\u00e1laga\" \/>\n<meta property=\"article:publisher\" content=\"https:\/\/facebook.com\/CemIngMalaga\/\" \/>\n<meta property=\"article:modified_time\" content=\"2024-02-27T12:30:49+00:00\" \/>\n<meta property=\"og:image\" content=\"https:\/\/cementerioinglesmalaga.org\/wp-content\/uploads\/2019\/06\/ISOLOGO-Principal.png\" \/>\n\t<meta property=\"og:image:width\" content=\"1000\" \/>\n\t<meta property=\"og:image:height\" content=\"650\" \/>\n\t<meta property=\"og:image:type\" content=\"image\/png\" \/>\n<meta name=\"twitter:card\" content=\"summary\" \/>\n<meta name=\"twitter:site\" content=\"@ceminglesmlg\" \/>\n<meta name=\"twitter:label1\" content=\"Gesch\u00e4tzte Lesezeit\" \/>\n\t<meta name=\"twitter:data1\" content=\"4\u00a0Minuten\" \/>\n<script type=\"application\/ld+json\" class=\"yoast-schema-graph\">{\"@context\":\"https:\/\/schema.org\",\"@graph\":[{\"@type\":\"Organization\",\"@id\":\"https:\/\/cementerioinglesmalaga.org\/#organization\",\"name\":\"Fundaci\u00f3n Cementerio Ingl\u00e9s de M\u00e1laga\",\"url\":\"https:\/\/cementerioinglesmalaga.org\/\",\"sameAs\":[\"https:\/\/facebook.com\/CemIngMalaga\/\",\"https:\/\/twitter.com\/ceminglesmlg\"],\"logo\":{\"@type\":\"ImageObject\",\"inLanguage\":\"de\",\"@id\":\"https:\/\/cementerioinglesmalaga.org\/#\/schema\/logo\/image\/\",\"url\":\"https:\/\/cementerioinglesmalaga.org\/wp-content\/uploads\/2017\/07\/escudo-CIM-poli.png\",\"contentUrl\":\"https:\/\/cementerioinglesmalaga.org\/wp-content\/uploads\/2017\/07\/escudo-CIM-poli.png\",\"width\":313,\"height\":313,\"caption\":\"Fundaci\u00f3n Cementerio Ingl\u00e9s de M\u00e1laga\"},\"image\":{\"@id\":\"https:\/\/cementerioinglesmalaga.org\/#\/schema\/logo\/image\/\"}},{\"@type\":\"WebSite\",\"@id\":\"https:\/\/cementerioinglesmalaga.org\/#website\",\"url\":\"https:\/\/cementerioinglesmalaga.org\/\",\"name\":\"Cementerio Ingl\u00e9s de M\u00e1laga\",\"description\":\"P\u00e1gina oficial del primer cementerio protestante de la Espa\u00f1a Peninsular\",\"publisher\":{\"@id\":\"https:\/\/cementerioinglesmalaga.org\/#organization\"},\"potentialAction\":[{\"@type\":\"SearchAction\",\"target\":{\"@type\":\"EntryPoint\",\"urlTemplate\":\"https:\/\/cementerioinglesmalaga.org\/?s={search_term_string}\"},\"query-input\":\"required name=search_term_string\"}],\"inLanguage\":\"de\"},{\"@type\":\"WebPage\",\"@id\":\"https:\/\/cementerioinglesmalaga.org\/visitas\/area-didactica\/#webpage\",\"url\":\"https:\/\/cementerioinglesmalaga.org\/visitas\/area-didactica\/\",\"name\":\"[:es]\u00c1rea Did\u00e1ctica \u00b7 Visitas al Cementerio Ingl\u00e9s de M\u00e1laga[:]\",\"isPartOf\":{\"@id\":\"https:\/\/cementerioinglesmalaga.org\/#website\"},\"datePublished\":\"2017-09-20T10:28:49+00:00\",\"dateModified\":\"2024-02-27T12:30:49+00:00\",\"description\":\"{:es}Si est\u00e1s interesado\/a en que tu clase visite el Cementerio Ingl\u00e9s de M\u00e1laga, inf\u00f3rmate aqu\u00ed de la oferta de actividades educativas de la Fundaci\u00f3n.{:}\",\"breadcrumb\":{\"@id\":\"https:\/\/cementerioinglesmalaga.org\/visitas\/area-didactica\/#breadcrumb\"},\"inLanguage\":\"de\",\"potentialAction\":[{\"@type\":\"ReadAction\",\"target\":[\"https:\/\/cementerioinglesmalaga.org\/visitas\/area-didactica\/\"]}]},{\"@type\":\"BreadcrumbList\",\"@id\":\"https:\/\/cementerioinglesmalaga.org\/visitas\/area-didactica\/#breadcrumb\",\"itemListElement\":[{\"@type\":\"ListItem\",\"position\":1,\"name\":\"Portada\",\"item\":\"https:\/\/cementerioinglesmalaga.org\/\"},{\"@type\":\"ListItem\",\"position\":2,\"name\":\"Horarios y Tarifas\",\"item\":\"https:\/\/cementerioinglesmalaga.org\/visitas\/\"},{\"@type\":\"ListItem\",\"position\":3,\"name\":\"Educational Activities\"}]}]}<\/script>\n<!-- \/ Yoast SEO plugin. -->","yoast_head_json":{"title":"[:es]\u00c1rea Did\u00e1ctica \u00b7 Visitas al Cementerio Ingl\u00e9s de M\u00e1laga[:]","description":"{:es}Si est\u00e1s interesado\/a en que tu clase visite el Cementerio Ingl\u00e9s de M\u00e1laga, inf\u00f3rmate aqu\u00ed de la oferta de actividades educativas de la Fundaci\u00f3n.{:}","robots":{"index":"index","follow":"follow","max-snippet":"max-snippet:-1","max-image-preview":"max-image-preview:large","max-video-preview":"max-video-preview:-1"},"canonical":"https:\/\/cementerioinglesmalaga.org\/visitas\/area-didactica\/","og_locale":"de_DE","og_type":"article","og_title":"[:es]\u00c1rea Did\u00e1ctica \u00b7 Visitas al Cementerio Ingl\u00e9s de M\u00e1laga[:]","og_description":"{:es}Si est\u00e1s interesado\/a en que tu clase visite el Cementerio Ingl\u00e9s de M\u00e1laga, inf\u00f3rmate aqu\u00ed de la oferta de actividades educativas de la Fundaci\u00f3n.{:}","og_url":"https:\/\/cementerioinglesmalaga.org\/visitas\/area-didactica\/","og_site_name":"Cementerio Ingl\u00e9s de M\u00e1laga","article_publisher":"https:\/\/facebook.com\/CemIngMalaga\/","article_modified_time":"2024-02-27T12:30:49+00:00","og_image":[{"width":1000,"height":650,"url":"https:\/\/cementerioinglesmalaga.org\/wp-content\/uploads\/2019\/06\/ISOLOGO-Principal.png","type":"image\/png"}],"twitter_card":"summary","twitter_site":"@ceminglesmlg","twitter_misc":{"Gesch\u00e4tzte Lesezeit":"4\u00a0Minuten"},"schema":{"@context":"https:\/\/schema.org","@graph":[{"@type":"Organization","@id":"https:\/\/cementerioinglesmalaga.org\/#organization","name":"Fundaci\u00f3n Cementerio Ingl\u00e9s de M\u00e1laga","url":"https:\/\/cementerioinglesmalaga.org\/","sameAs":["https:\/\/facebook.com\/CemIngMalaga\/","https:\/\/twitter.com\/ceminglesmlg"],"logo":{"@type":"ImageObject","inLanguage":"de","@id":"https:\/\/cementerioinglesmalaga.org\/#\/schema\/logo\/image\/","url":"https:\/\/cementerioinglesmalaga.org\/wp-content\/uploads\/2017\/07\/escudo-CIM-poli.png","contentUrl":"https:\/\/cementerioinglesmalaga.org\/wp-content\/uploads\/2017\/07\/escudo-CIM-poli.png","width":313,"height":313,"caption":"Fundaci\u00f3n Cementerio Ingl\u00e9s de M\u00e1laga"},"image":{"@id":"https:\/\/cementerioinglesmalaga.org\/#\/schema\/logo\/image\/"}},{"@type":"WebSite","@id":"https:\/\/cementerioinglesmalaga.org\/#website","url":"https:\/\/cementerioinglesmalaga.org\/","name":"Cementerio Ingl\u00e9s de M\u00e1laga","description":"P\u00e1gina oficial del primer cementerio protestante de la Espa\u00f1a Peninsular","publisher":{"@id":"https:\/\/cementerioinglesmalaga.org\/#organization"},"potentialAction":[{"@type":"SearchAction","target":{"@type":"EntryPoint","urlTemplate":"https:\/\/cementerioinglesmalaga.org\/?s={search_term_string}"},"query-input":"required name=search_term_string"}],"inLanguage":"de"},{"@type":"WebPage","@id":"https:\/\/cementerioinglesmalaga.org\/visitas\/area-didactica\/#webpage","url":"https:\/\/cementerioinglesmalaga.org\/visitas\/area-didactica\/","name":"[:es]\u00c1rea Did\u00e1ctica \u00b7 Visitas al Cementerio Ingl\u00e9s de M\u00e1laga[:]","isPartOf":{"@id":"https:\/\/cementerioinglesmalaga.org\/#website"},"datePublished":"2017-09-20T10:28:49+00:00","dateModified":"2024-02-27T12:30:49+00:00","description":"{:es}Si est\u00e1s interesado\/a en que tu clase visite el Cementerio Ingl\u00e9s de M\u00e1laga, inf\u00f3rmate aqu\u00ed de la oferta de actividades educativas de la Fundaci\u00f3n.{:}","breadcrumb":{"@id":"https:\/\/cementerioinglesmalaga.org\/visitas\/area-didactica\/#breadcrumb"},"inLanguage":"de","potentialAction":[{"@type":"ReadAction","target":["https:\/\/cementerioinglesmalaga.org\/visitas\/area-didactica\/"]}]},{"@type":"BreadcrumbList","@id":"https:\/\/cementerioinglesmalaga.org\/visitas\/area-didactica\/#breadcrumb","itemListElement":[{"@type":"ListItem","position":1,"name":"Portada","item":"https:\/\/cementerioinglesmalaga.org\/"},{"@type":"ListItem","position":2,"name":"Horarios y Tarifas","item":"https:\/\/cementerioinglesmalaga.org\/visitas\/"},{"@type":"ListItem","position":3,"name":"Educational Activities"}]}]}},"_links":{"self":[{"href":"https:\/\/cementerioinglesmalaga.org\/de\/wp-json\/wp\/v2\/pages\/751"}],"collection":[{"href":"https:\/\/cementerioinglesmalaga.org\/de\/wp-json\/wp\/v2\/pages"}],"about":[{"href":"https:\/\/cementerioinglesmalaga.org\/de\/wp-json\/wp\/v2\/types\/page"}],"author":[{"embeddable":true,"href":"https:\/\/cementerioinglesmalaga.org\/de\/wp-json\/wp\/v2\/users\/4"}],"replies":[{"embeddable":true,"href":"https:\/\/cementerioinglesmalaga.org\/de\/wp-json\/wp\/v2\/comments?post=751"}],"version-history":[{"count":19,"href":"https:\/\/cementerioinglesmalaga.org\/de\/wp-json\/wp\/v2\/pages\/751\/revisions"}],"predecessor-version":[{"id":1873,"href":"https:\/\/cementerioinglesmalaga.org\/de\/wp-json\/wp\/v2\/pages\/751\/revisions\/1873"}],"up":[{"embeddable":true,"href":"https:\/\/cementerioinglesmalaga.org\/de\/wp-json\/wp\/v2\/pages\/14"}],"wp:attachment":[{"href":"https:\/\/cementerioinglesmalaga.org\/de\/wp-json\/wp\/v2\/media?parent=751"}],"curies":[{"name":"wp","href":"https:\/\/api.w.org\/{rel}","templated":true}]}}