{"id":937,"date":"2019-01-08T14:04:41","date_gmt":"2019-01-08T12:04:41","guid":{"rendered":"https:\/\/cementerioinglesmalaga.org\/?page_id=937"},"modified":"2021-08-02T16:08:16","modified_gmt":"2021-08-02T14:08:16","slug":"servicios-funerarios","status":"publish","type":"page","link":"https:\/\/cementerioinglesmalaga.org\/de\/cementerio\/servicios-funerarios\/","title":{"rendered":"Bestattungs &#8211; Dienstleistungen"},"content":{"rendered":"<div class=\"wpb-content-wrapper\"><p>[vc_row][vc_column][vc_single_image image=&#8220;151&#8243; img_size=&#8220;full&#8220;][vc_custom_heading text=&#8220;DER FRIEDHOF&#8220; font_container=&#8220;tag:h5|text_align:left&#8220; use_theme_fonts=&#8220;yes&#8220;][vc_column_text]Mit der Gr\u00fcndung des Englischen Friedhofs verwirklichte William Mark sein Vorhaben f\u00fcr britische Untertanen, die innerhalb seines Konsularbezirks starben, eine friedliche und w\u00fcrdige Begr\u00e4bnisst\u00e4tte zu schaffen. Bald nach seiner Er\u00f6ffnung wurde der Friedhof auch f\u00fcr Protestanten aller Nationalit\u00e4ten ge\u00f6ffnet und ab den 1950er Jahren wurde die \u00d6ffnung auf Katholiken und Andersgl\u00e4ubige ausgeweitet. In den 190 Jahren seines Bestehens haben mehr als tausend Menschen unterschiedlicher Nationalit\u00e4ten und Religionen auf den Englischen Friedhof von M\u00e1laga ihre ewige Ruhest\u00e4tte gefunden.<\/p>\n<p>Die Stiftung bietet auch weiterhin einen Bestattungsdienst im Rahmen der r\u00e4umlichen M\u00f6glichkeiten f\u00fcr alle Anwohner der Costa del Sol an.[\/vc_column_text][vc_custom_heading text=&#8220;UNSER ANGEBOT&#8220; font_container=&#8220;tag:h5|text_align:left&#8220; use_theme_fonts=&#8220;yes&#8220;][vc_column_text]Da die andalusische Landesregierung den Friedhof zur St\u00e4tte von historischem und kulturellem Interesse erkl\u00e4rt hat, beschr\u00e4nken sich die Bestattungsdienstleistungen auf die Hinterlegung von Urnen.<\/p>\n<p>Die Stiftung bietet derzeit zwei Bestattungsarten auf dem Englischen Friedhof von M\u00e1laga an, die an eine tempor\u00e4re \u00dcberlassung der Urnengr\u00e4ber mit einen Zeitraum von 25, 50 oder 75 Jahren gebunden ist:<\/p>\n<ol>\n<li><span style=\"color: #339966;\"><strong>Urnengrab: <\/strong><\/span>Wo der Platz es erlaubt, kann diese Bestattungsart auf den verschiedenen Terrassen des Friedhofes gew\u00e4hlt werden. \u00a0Die Gestaltung des Grabes wird vorgegeben und gliedert sich in \u00a0den vorhandenen Gr\u00e4berstil ein.<\/li>\n<li><span style=\"color: #339966;\"><strong>Urnenmauer<\/strong>:<\/span> Die Stiftung bietet Ihnen auch die M\u00f6glichkeit, die sterblichen \u00dcberreste Ihrer Angeh\u00f6rigen in Nischen der Urnenmauer des neuen vertikalen Gartens einzubetten.<\/li>\n<\/ol>\n<p>Dies sind einige Beispiele f\u00fcr Urnengr\u00e4ber auf dem Englischen Friedhof von M\u00e1laga:[\/vc_column_text][\/vc_column][vc_column][vc_row_inner][vc_column_inner width=&#8220;1\/2&#8243;]<div class=\"team team_vertical\"><div class=\"image_frame photo no_link scale-with-grid\"><div class=\"image_wrapper\"><img class=\"scale-with-grid\" src=\"https:\/\/cementerioinglesmalaga.org\/wp-content\/uploads\/2021\/02\/Columbario-01.jpg\" alt=\"Columbario 01\" width=\"1772\" height=\"1772\"\/><\/div><\/div><div class=\"desc_wrapper clearfix\"><h4 class=\"desc_wrappper_title\">Urnenmauer<\/h4><hr class=\"hr_color\" \/><div class=\"desc\"><\/div><\/div><\/div>\n[\/vc_column_inner][vc_column_inner width=&#8220;1\/2&#8243;]<div class=\"team team_vertical\"><div class=\"image_frame photo no_link scale-with-grid\"><div class=\"image_wrapper\"><img class=\"scale-with-grid\" src=\"https:\/\/cementerioinglesmalaga.org\/wp-content\/uploads\/2021\/02\/Columbario-02.jpg\" alt=\"Columbario 02\" width=\"1772\" height=\"1772\"\/><\/div><\/div><div class=\"desc_wrapper clearfix\"><h4 class=\"desc_wrappper_title\">Urnengrab<\/h4><hr class=\"hr_color\" \/><div class=\"desc\"><\/div><\/div><\/div>\n[\/vc_column_inner][\/vc_row_inner][\/vc_column][\/vc_row][vc_row][vc_column][vc_separator color=&#8220;custom&#8220; align=&#8220;align_left&#8220; style=&#8220;double&#8220; accent_color=&#8220;#c6b796&#8243;][vc_custom_heading text=&#8220;KOSTEN&#8220; font_container=&#8220;tag:h5|text_align:left&#8220; use_theme_fonts=&#8220;yes&#8220;][vc_column_text]Die in der Gesch\u00e4ftsordnung der Stiftung Englischer Friedhof von M\u00e1laga ver\u00f6ffentliche Liste der Geb\u00fchren und Leistungen k\u00f6nnen Sie <a href=\"https:\/\/cementerioinglesmalaga.org\/wp-content\/uploads\/2021\/02\/REGLAMENTO-DE-REGIMEN-INTERIOR-DEL-CEMENTERIO-INGLES.pdf\">hier<\/a> herunterladen. Nachfolgend finden Sie eine Orientierungshilfe mit den Preisen der verschiedenen auf dem Friedhof verf\u00fcgbaren Bestattungsarten:<\/p>\n<ul>\n<li><span style=\"color: #339966;\"><strong>Urnenmauer<\/strong><\/span> (25 Jahre) \u00b7 995,00 \u20ac.<\/li>\n<li><strong><span style=\"color: #339966;\">Urnenmauer<\/span><\/strong> (50 Jahre) \u00b7 1.895,00 \u20ac.<\/li>\n<li><strong><span style=\"color: #339966;\">Urnenmauer <\/span><\/strong>(75 Jahre) \u00b7 2.795,00 \u20ac.<\/li>\n<\/ul>\n<p>&nbsp;<\/p>\n<ul>\n<li><span style=\"color: #339966;\"><strong>Urnengra<\/strong><strong>b<\/strong><\/span> (25 Jahre) \u00b7 895,00 \u20ac.<\/li>\n<li><strong><span style=\"color: #339966;\">Urnengrab<\/span><\/strong> (50 Jahre) \u00b7 1.795,00 \u20ac.<\/li>\n<li><span style=\"color: #339966;\"><strong>Urnengrab<\/strong><\/span> (75 Jahre) \u00b7 2.595,00 \u20ac.<\/li>\n<\/ul>\n<p><em>Diese Preise verstehen sich ohne MwSt. und enthalten auch keine Geb\u00fchren f\u00fcr sonstige Serviceleistungen.<\/em>[\/vc_column_text][vc_separator color=&#8220;custom&#8220; align=&#8220;align_left&#8220; style=&#8220;double&#8220; accent_color=&#8220;#c6b796&#8243;][vc_custom_heading text=&#8220;KONTAKTDATEN&#8220; font_container=&#8220;tag:h5|text_align:left&#8220; use_theme_fonts=&#8220;yes&#8220;][vc_column_text]Wenn Sie am Kauf einer unserer Bestattungseinheiten interessiert sind, k\u00f6nnen Sie uns entweder \u00fcber <a href=\"https:\/\/cementerioinglesmalaga.org\/contacto\/\">formulario web <\/a>kontaktieren\u00a0 Wie beantworten Ihnen gerne alle Fragen.[\/vc_column_text][\/vc_column][\/vc_row]<\/p>\n<\/div>","protected":false},"excerpt":{"rendered":"<p>[vc_row][vc_column][vc_single_image image=&#8220;151&#8243; img_size=&#8220;full&#8220;][vc_custom_heading text=&#8220;DER FRIEDHOF&#8220; font_container=&#8220;tag:h5|text_align:left&#8220; use_theme_fonts=&#8220;yes&#8220;][vc_column_text]Mit der Gr\u00fcndung des Englischen Friedhofs verwirklichte William Mark sein Vorhaben f\u00fcr britische Untertanen, die innerhalb seines Konsularbezirks starben, eine friedliche und w\u00fcrdige Begr\u00e4bnisst\u00e4tte zu schaffen. Bald nach seiner Er\u00f6ffnung wurde der Friedhof auch f\u00fcr Protestanten aller Nationalit\u00e4ten ge\u00f6ffnet und ab den 1950er Jahren<span class=\"excerpt-hellip\"> [\u2026]<\/span><\/p>\n","protected":false},"author":4,"featured_media":151,"parent":100,"menu_order":3,"comment_status":"closed","ping_status":"closed","template":"","meta":[],"yoast_head":"<!-- This site is optimized with the Yoast SEO plugin v19.1 - https:\/\/yoast.com\/wordpress\/plugins\/seo\/ -->\n<title>Bestattungs - Dienstleistungen - Cementerio Ingl\u00e9s de M\u00e1laga<\/title>\n<meta name=\"robots\" content=\"index, follow, max-snippet:-1, max-image-preview:large, max-video-preview:-1\" \/>\n<link rel=\"canonical\" href=\"https:\/\/cementerioinglesmalaga.org\/cementerio\/servicios-funerarios\/\" \/>\n<meta property=\"og:locale\" content=\"de_DE\" \/>\n<meta property=\"og:type\" content=\"article\" \/>\n<meta property=\"og:title\" content=\"[:es]Servicios Funerarios[:en]Funeral Services[:de]Bestattungs - Dienstleistungen[:] - Cementerio Ingl\u00e9s de M\u00e1laga\" \/>\n<meta property=\"og:description\" content=\"[vc_row][vc_column][vc_single_image image=&#8220;151&#8243; img_size=&#8220;full&#8220;][vc_custom_heading text=&#8220;DER FRIEDHOF&#8220; font_container=&#8220;tag:h5|text_align:left&#8220; use_theme_fonts=&#8220;yes&#8220;][vc_column_text]Mit der Gr\u00fcndung des Englischen Friedhofs verwirklichte William Mark sein Vorhaben f\u00fcr britische Untertanen, die innerhalb seines Konsularbezirks starben, eine friedliche und w\u00fcrdige Begr\u00e4bnisst\u00e4tte zu schaffen. Bald nach seiner Er\u00f6ffnung wurde der Friedhof auch f\u00fcr Protestanten aller Nationalit\u00e4ten ge\u00f6ffnet und ab den 1950er Jahren [\u2026]\" \/>\n<meta property=\"og:url\" content=\"https:\/\/cementerioinglesmalaga.org\/cementerio\/servicios-funerarios\/\" \/>\n<meta property=\"og:site_name\" content=\"Cementerio Ingl\u00e9s de M\u00e1laga\" \/>\n<meta property=\"article:publisher\" content=\"https:\/\/facebook.com\/CemIngMalaga\/\" \/>\n<meta property=\"article:modified_time\" content=\"2021-08-02T14:08:16+00:00\" \/>\n<meta property=\"og:image\" content=\"https:\/\/cementerioinglesmalaga.org\/wp-content\/uploads\/2017\/06\/slide-3.jpg\" \/>\n\t<meta property=\"og:image:width\" content=\"1600\" \/>\n\t<meta property=\"og:image:height\" content=\"1066\" \/>\n\t<meta property=\"og:image:type\" content=\"image\/jpeg\" \/>\n<meta name=\"twitter:card\" content=\"summary\" \/>\n<meta name=\"twitter:site\" content=\"@ceminglesmlg\" \/>\n<meta name=\"twitter:label1\" content=\"Gesch\u00e4tzte Lesezeit\" \/>\n\t<meta name=\"twitter:data1\" content=\"2\u00a0Minuten\" \/>\n<script type=\"application\/ld+json\" class=\"yoast-schema-graph\">{\"@context\":\"https:\/\/schema.org\",\"@graph\":[{\"@type\":\"Organization\",\"@id\":\"https:\/\/cementerioinglesmalaga.org\/#organization\",\"name\":\"Fundaci\u00f3n Cementerio Ingl\u00e9s de M\u00e1laga\",\"url\":\"https:\/\/cementerioinglesmalaga.org\/\",\"sameAs\":[\"https:\/\/facebook.com\/CemIngMalaga\/\",\"https:\/\/twitter.com\/ceminglesmlg\"],\"logo\":{\"@type\":\"ImageObject\",\"inLanguage\":\"de\",\"@id\":\"https:\/\/cementerioinglesmalaga.org\/#\/schema\/logo\/image\/\",\"url\":\"https:\/\/cementerioinglesmalaga.org\/wp-content\/uploads\/2017\/07\/escudo-CIM-poli.png\",\"contentUrl\":\"https:\/\/cementerioinglesmalaga.org\/wp-content\/uploads\/2017\/07\/escudo-CIM-poli.png\",\"width\":313,\"height\":313,\"caption\":\"Fundaci\u00f3n Cementerio Ingl\u00e9s de M\u00e1laga\"},\"image\":{\"@id\":\"https:\/\/cementerioinglesmalaga.org\/#\/schema\/logo\/image\/\"}},{\"@type\":\"WebSite\",\"@id\":\"https:\/\/cementerioinglesmalaga.org\/#website\",\"url\":\"https:\/\/cementerioinglesmalaga.org\/\",\"name\":\"Cementerio Ingl\u00e9s de M\u00e1laga\",\"description\":\"P\u00e1gina oficial del primer cementerio protestante de la Espa\u00f1a Peninsular\",\"publisher\":{\"@id\":\"https:\/\/cementerioinglesmalaga.org\/#organization\"},\"potentialAction\":[{\"@type\":\"SearchAction\",\"target\":{\"@type\":\"EntryPoint\",\"urlTemplate\":\"https:\/\/cementerioinglesmalaga.org\/?s={search_term_string}\"},\"query-input\":\"required name=search_term_string\"}],\"inLanguage\":\"de\"},{\"@type\":\"ImageObject\",\"inLanguage\":\"de\",\"@id\":\"https:\/\/cementerioinglesmalaga.org\/cementerio\/servicios-funerarios\/#primaryimage\",\"url\":\"https:\/\/cementerioinglesmalaga.org\/wp-content\/uploads\/2017\/06\/slide-3.jpg\",\"contentUrl\":\"https:\/\/cementerioinglesmalaga.org\/wp-content\/uploads\/2017\/06\/slide-3.jpg\",\"width\":1600,\"height\":1066,\"caption\":\"Cementerio Ingl\u00e9s de M\u00e1laga - 3\"},{\"@type\":\"WebPage\",\"@id\":\"https:\/\/cementerioinglesmalaga.org\/cementerio\/servicios-funerarios\/#webpage\",\"url\":\"https:\/\/cementerioinglesmalaga.org\/cementerio\/servicios-funerarios\/\",\"name\":\"[:es]Servicios Funerarios[:en]Funeral Services[:de]Bestattungs - Dienstleistungen[:] - Cementerio Ingl\u00e9s de M\u00e1laga\",\"isPartOf\":{\"@id\":\"https:\/\/cementerioinglesmalaga.org\/#website\"},\"primaryImageOfPage\":{\"@id\":\"https:\/\/cementerioinglesmalaga.org\/cementerio\/servicios-funerarios\/#primaryimage\"},\"datePublished\":\"2019-01-08T12:04:41+00:00\",\"dateModified\":\"2021-08-02T14:08:16+00:00\",\"breadcrumb\":{\"@id\":\"https:\/\/cementerioinglesmalaga.org\/cementerio\/servicios-funerarios\/#breadcrumb\"},\"inLanguage\":\"de\",\"potentialAction\":[{\"@type\":\"ReadAction\",\"target\":[\"https:\/\/cementerioinglesmalaga.org\/cementerio\/servicios-funerarios\/\"]}]},{\"@type\":\"BreadcrumbList\",\"@id\":\"https:\/\/cementerioinglesmalaga.org\/cementerio\/servicios-funerarios\/#breadcrumb\",\"itemListElement\":[{\"@type\":\"ListItem\",\"position\":1,\"name\":\"Portada\",\"item\":\"https:\/\/cementerioinglesmalaga.org\/\"},{\"@type\":\"ListItem\",\"position\":2,\"name\":\"Cementerio\",\"item\":\"https:\/\/cementerioinglesmalaga.org\/cementerio\/\"},{\"@type\":\"ListItem\",\"position\":3,\"name\":\"Servicios Funerarios\"}]}]}<\/script>\n<!-- \/ Yoast SEO plugin. -->","yoast_head_json":{"title":"[:es]Servicios Funerarios[:en]Funeral Services[:de]Bestattungs - Dienstleistungen[:] - Cementerio Ingl\u00e9s de M\u00e1laga","robots":{"index":"index","follow":"follow","max-snippet":"max-snippet:-1","max-image-preview":"max-image-preview:large","max-video-preview":"max-video-preview:-1"},"canonical":"https:\/\/cementerioinglesmalaga.org\/cementerio\/servicios-funerarios\/","og_locale":"de_DE","og_type":"article","og_title":"[:es]Servicios Funerarios[:en]Funeral Services[:de]Bestattungs - Dienstleistungen[:] - Cementerio Ingl\u00e9s de M\u00e1laga","og_description":"[vc_row][vc_column][vc_single_image image=&#8220;151&#8243; img_size=&#8220;full&#8220;][vc_custom_heading text=&#8220;DER FRIEDHOF&#8220; font_container=&#8220;tag:h5|text_align:left&#8220; use_theme_fonts=&#8220;yes&#8220;][vc_column_text]Mit der Gr\u00fcndung des Englischen Friedhofs verwirklichte William Mark sein Vorhaben f\u00fcr britische Untertanen, die innerhalb seines Konsularbezirks starben, eine friedliche und w\u00fcrdige Begr\u00e4bnisst\u00e4tte zu schaffen. Bald nach seiner Er\u00f6ffnung wurde der Friedhof auch f\u00fcr Protestanten aller Nationalit\u00e4ten ge\u00f6ffnet und ab den 1950er Jahren [\u2026]","og_url":"https:\/\/cementerioinglesmalaga.org\/cementerio\/servicios-funerarios\/","og_site_name":"Cementerio Ingl\u00e9s de M\u00e1laga","article_publisher":"https:\/\/facebook.com\/CemIngMalaga\/","article_modified_time":"2021-08-02T14:08:16+00:00","og_image":[{"width":1600,"height":1066,"url":"https:\/\/cementerioinglesmalaga.org\/wp-content\/uploads\/2017\/06\/slide-3.jpg","type":"image\/jpeg"}],"twitter_card":"summary","twitter_site":"@ceminglesmlg","twitter_misc":{"Gesch\u00e4tzte Lesezeit":"2\u00a0Minuten"},"schema":{"@context":"https:\/\/schema.org","@graph":[{"@type":"Organization","@id":"https:\/\/cementerioinglesmalaga.org\/#organization","name":"Fundaci\u00f3n Cementerio Ingl\u00e9s de M\u00e1laga","url":"https:\/\/cementerioinglesmalaga.org\/","sameAs":["https:\/\/facebook.com\/CemIngMalaga\/","https:\/\/twitter.com\/ceminglesmlg"],"logo":{"@type":"ImageObject","inLanguage":"de","@id":"https:\/\/cementerioinglesmalaga.org\/#\/schema\/logo\/image\/","url":"https:\/\/cementerioinglesmalaga.org\/wp-content\/uploads\/2017\/07\/escudo-CIM-poli.png","contentUrl":"https:\/\/cementerioinglesmalaga.org\/wp-content\/uploads\/2017\/07\/escudo-CIM-poli.png","width":313,"height":313,"caption":"Fundaci\u00f3n Cementerio Ingl\u00e9s de M\u00e1laga"},"image":{"@id":"https:\/\/cementerioinglesmalaga.org\/#\/schema\/logo\/image\/"}},{"@type":"WebSite","@id":"https:\/\/cementerioinglesmalaga.org\/#website","url":"https:\/\/cementerioinglesmalaga.org\/","name":"Cementerio Ingl\u00e9s de M\u00e1laga","description":"P\u00e1gina oficial del primer cementerio protestante de la Espa\u00f1a Peninsular","publisher":{"@id":"https:\/\/cementerioinglesmalaga.org\/#organization"},"potentialAction":[{"@type":"SearchAction","target":{"@type":"EntryPoint","urlTemplate":"https:\/\/cementerioinglesmalaga.org\/?s={search_term_string}"},"query-input":"required name=search_term_string"}],"inLanguage":"de"},{"@type":"ImageObject","inLanguage":"de","@id":"https:\/\/cementerioinglesmalaga.org\/cementerio\/servicios-funerarios\/#primaryimage","url":"https:\/\/cementerioinglesmalaga.org\/wp-content\/uploads\/2017\/06\/slide-3.jpg","contentUrl":"https:\/\/cementerioinglesmalaga.org\/wp-content\/uploads\/2017\/06\/slide-3.jpg","width":1600,"height":1066,"caption":"Cementerio Ingl\u00e9s de M\u00e1laga - 3"},{"@type":"WebPage","@id":"https:\/\/cementerioinglesmalaga.org\/cementerio\/servicios-funerarios\/#webpage","url":"https:\/\/cementerioinglesmalaga.org\/cementerio\/servicios-funerarios\/","name":"[:es]Servicios Funerarios[:en]Funeral Services[:de]Bestattungs - Dienstleistungen[:] - Cementerio Ingl\u00e9s de M\u00e1laga","isPartOf":{"@id":"https:\/\/cementerioinglesmalaga.org\/#website"},"primaryImageOfPage":{"@id":"https:\/\/cementerioinglesmalaga.org\/cementerio\/servicios-funerarios\/#primaryimage"},"datePublished":"2019-01-08T12:04:41+00:00","dateModified":"2021-08-02T14:08:16+00:00","breadcrumb":{"@id":"https:\/\/cementerioinglesmalaga.org\/cementerio\/servicios-funerarios\/#breadcrumb"},"inLanguage":"de","potentialAction":[{"@type":"ReadAction","target":["https:\/\/cementerioinglesmalaga.org\/cementerio\/servicios-funerarios\/"]}]},{"@type":"BreadcrumbList","@id":"https:\/\/cementerioinglesmalaga.org\/cementerio\/servicios-funerarios\/#breadcrumb","itemListElement":[{"@type":"ListItem","position":1,"name":"Portada","item":"https:\/\/cementerioinglesmalaga.org\/"},{"@type":"ListItem","position":2,"name":"Cementerio","item":"https:\/\/cementerioinglesmalaga.org\/cementerio\/"},{"@type":"ListItem","position":3,"name":"Servicios Funerarios"}]}]}},"_links":{"self":[{"href":"https:\/\/cementerioinglesmalaga.org\/de\/wp-json\/wp\/v2\/pages\/937"}],"collection":[{"href":"https:\/\/cementerioinglesmalaga.org\/de\/wp-json\/wp\/v2\/pages"}],"about":[{"href":"https:\/\/cementerioinglesmalaga.org\/de\/wp-json\/wp\/v2\/types\/page"}],"author":[{"embeddable":true,"href":"https:\/\/cementerioinglesmalaga.org\/de\/wp-json\/wp\/v2\/users\/4"}],"replies":[{"embeddable":true,"href":"https:\/\/cementerioinglesmalaga.org\/de\/wp-json\/wp\/v2\/comments?post=937"}],"version-history":[{"count":49,"href":"https:\/\/cementerioinglesmalaga.org\/de\/wp-json\/wp\/v2\/pages\/937\/revisions"}],"predecessor-version":[{"id":1398,"href":"https:\/\/cementerioinglesmalaga.org\/de\/wp-json\/wp\/v2\/pages\/937\/revisions\/1398"}],"up":[{"embeddable":true,"href":"https:\/\/cementerioinglesmalaga.org\/de\/wp-json\/wp\/v2\/pages\/100"}],"wp:featuredmedia":[{"embeddable":true,"href":"https:\/\/cementerioinglesmalaga.org\/de\/wp-json\/wp\/v2\/media\/151"}],"wp:attachment":[{"href":"https:\/\/cementerioinglesmalaga.org\/de\/wp-json\/wp\/v2\/media?parent=937"}],"curies":[{"name":"wp","href":"https:\/\/api.w.org\/{rel}","templated":true}]}}