{"id":12,"date":"2016-03-21T10:20:39","date_gmt":"2016-03-21T10:20:39","guid":{"rendered":"http:\/\/cementerioinglesmalaga.org\/?page_id=12"},"modified":"2021-02-27T12:37:05","modified_gmt":"2021-02-27T10:37:05","slug":"la-fundacion","status":"publish","type":"page","link":"https:\/\/cementerioinglesmalaga.org\/en\/la-fundacion\/","title":{"rendered":"About the foundation"},"content":{"rendered":"<div class=\"wpb-content-wrapper\"><p>[vc_row][vc_column][vc_column_text]<strong>Since 2006<\/strong>, the management of the English Cemetery has been in the hands of a Foundation. Normally, in Spain, public entities would look after the running of any spaces connected with death, but this is not the case here.<\/p>\n<p>The &#8216;Fundaci\u00f3n Cementerio Ingl\u00e9s de M\u00e1laga&#8217;, a non profit making organisation, works very hard to <strong>preserve, maintain and restore the oldest protestant cemetery on the Spanish mainland<\/strong> and an important part of the city&#8217;s heritage.<\/p>\n<p>Like all Foundations, the organisation is <strong>dependent on corporate sponsorship and private donations<\/strong> in order to carry out its function. We would like to invite you to help the Foundation to continue its work.[\/vc_column_text][vc_custom_heading text=&#8221;&#8230;A little can go a long way.&#8221; font_container=&#8221;tag:h4|font_size:24px|text_align:left&#8221; google_fonts=&#8221;font_family:Vollkorn%3Aregular%2Citalic%2C700%2C700italic|font_style:400%20italic%3A400%3Aitalic&#8221;][vc_empty_space height=&#8221;2px&#8221;][vc_separator color=&#8221;custom&#8221; style=&#8221;double&#8221; accent_color=&#8221;#c6b796&#8243;][\/vc_column][\/vc_row][vc_row][vc_column][vc_empty_space height=&#8221;2px&#8221;][vc_custom_heading text=&#8221;The Trustees&#8221; font_container=&#8221;tag:h2|text_align:left|color:%23444444&#8243; google_fonts=&#8221;font_family:Vollkorn%3Aregular%2Citalic%2C700%2C700italic|font_style:400%20regular%3A400%3Anormal&#8221;][vc_empty_space height=&#8221;2px&#8221;][vc_column_text]The &#8216;Patronato&#8217; is the board of trustees which runs the foundation. It is committed to fulfilling the aims of the Foundation and properly administering the property and rights which make up the Foundation&#8217;s patrimony.<\/p>\n<p>There are currently ten trustees including the president, vice president and secretary. They are:[\/vc_column_text][\/vc_column][\/vc_row][vc_row][vc_column width=&#8221;1\/3&#8243;]<div class=\"team team_vertical\"><div class=\"image_frame photo no_link scale-with-grid\"><div class=\"image_wrapper\"><img class=\"scale-with-grid\" src=\"https:\/\/cementerioinglesmalaga.org\/wp-content\/uploads\/2016\/03\/patronato-bruce-1.jpg\" alt=\"patronato-bruce\" width=\"300\" height=\"300\"\/><\/div><\/div><div class=\"desc_wrapper clearfix\"><h4 class=\"desc_wrappper_title\">Bruce McIntyre<\/h4><p class=\"subtitle\">President<\/p><hr class=\"hr_color\" \/><div class=\"desc\"><\/div><\/div><\/div>\n[\/vc_column][vc_column width=&#8221;1\/3&#8243;]<div class=\"team team_vertical\"><div class=\"image_frame photo no_link scale-with-grid\"><div class=\"image_wrapper\"><img class=\"scale-with-grid\" src=\"https:\/\/cementerioinglesmalaga.org\/wp-content\/uploads\/2016\/03\/patronato-guillermo.jpg\" alt=\"patronato-jaime\" width=\"300\" height=\"300\"\/><\/div><\/div><div class=\"desc_wrapper clearfix\"><h4 class=\"desc_wrappper_title\">Jaime Aguilera<\/h4><p class=\"subtitle\">Vice President<\/p><hr class=\"hr_color\" \/><div class=\"desc\"><\/div><\/div><\/div>\n[\/vc_column][vc_column width=&#8221;1\/3&#8243;]<div class=\"team team_vertical\"><div class=\"image_frame photo no_link scale-with-grid\"><div class=\"image_wrapper\"><img class=\"scale-with-grid\" src=\"https:\/\/cementerioinglesmalaga.org\/wp-content\/uploads\/2016\/03\/patronato-liz.jpg\" alt=\"patronato-liz\" width=\"300\" height=\"300\"\/><\/div><\/div><div class=\"desc_wrapper clearfix\"><h4 class=\"desc_wrappper_title\">Liz Parry<\/h4><p class=\"subtitle\">Secretary<\/p><hr class=\"hr_color\" \/><div class=\"desc\"><\/div><\/div><\/div>\n[\/vc_column][\/vc_row][vc_row][vc_column width=&#8221;1\/3&#8243;]<div class=\"team team_vertical\"><div class=\"image_frame photo no_link scale-with-grid\"><div class=\"image_wrapper\"><img class=\"scale-with-grid\" src=\"https:\/\/cementerioinglesmalaga.org\/wp-content\/uploads\/2016\/03\/Eckhard.jpg\" alt=\"Eckhard\" width=\"300\" height=\"300\"\/><\/div><\/div><div class=\"desc_wrapper clearfix\"><h4 class=\"desc_wrappper_title\">Eckhard Seelig<\/h4><p class=\"subtitle\">Treasurer<\/p><hr class=\"hr_color\" \/><div class=\"desc\"><\/div><\/div><\/div>\n[\/vc_column][vc_column width=&#8221;1\/3&#8243;]<div class=\"team team_vertical\"><div class=\"image_frame photo no_link scale-with-grid\"><div class=\"image_wrapper\"><img class=\"scale-with-grid\" src=\"https:\/\/cementerioinglesmalaga.org\/wp-content\/uploads\/2016\/03\/patronato-victoria.jpg\" alt=\"patronato-victoria\" width=\"300\" height=\"300\"\/><\/div><\/div><div class=\"desc_wrapper clearfix\"><h4 class=\"desc_wrappper_title\">Victoria Ord\u00f3\u00f1ez<\/h4><p class=\"subtitle\">Member responsible for Gardens<\/p><hr class=\"hr_color\" \/><div class=\"desc\"><\/div><\/div><\/div>\n[\/vc_column][vc_column width=&#8221;1\/3&#8243;]<div class=\"team team_vertical\"><div class=\"image_frame photo no_link scale-with-grid\"><div class=\"image_wrapper\"><img class=\"scale-with-grid\" src=\"https:\/\/cementerioinglesmalaga.org\/wp-content\/uploads\/2018\/03\/isabelmaria2.jpg\" alt=\"isabelmaria2\" width=\"480\" height=\"480\"\/><\/div><\/div><div class=\"desc_wrapper clearfix\"><h4 class=\"desc_wrappper_title\">Isabel Mu\u00f1oz<\/h4><p class=\"subtitle\">Member responsible for Conservation and Restoration<\/p><hr class=\"hr_color\" \/><div class=\"desc\"><\/div><\/div><\/div>\n[\/vc_column][\/vc_row][vc_row][vc_column width=&#8221;1\/3&#8243;]<div class=\"team team_vertical\"><div class=\"image_frame photo no_link scale-with-grid\"><div class=\"image_wrapper\"><img class=\"scale-with-grid\" src=\"https:\/\/cementerioinglesmalaga.org\/wp-content\/uploads\/2016\/03\/patronato-alex.jpg\" alt=\"patronato-alex\" width=\"300\" height=\"300\"\/><\/div><\/div><div class=\"desc_wrapper clearfix\"><h4 class=\"desc_wrappper_title\">Alex Radford<\/h4><p class=\"subtitle\">Legal advisor<\/p><hr class=\"hr_color\" \/><div class=\"desc\"><\/div><\/div><\/div>\n[\/vc_column][vc_column width=&#8221;1\/3&#8243;]<div class=\"team team_vertical\"><div class=\"image_frame photo no_link scale-with-grid\"><div class=\"image_wrapper\"><img class=\"scale-with-grid\" src=\"https:\/\/cementerioinglesmalaga.org\/wp-content\/uploads\/2016\/03\/patronato-sandra.jpg\" alt=\"patronato-sandra\" width=\"300\" height=\"300\"\/><\/div><\/div><div class=\"desc_wrapper clearfix\"><h4 class=\"desc_wrappper_title\">Sandra Wrightson<\/h4><p class=\"subtitle\">Legal advisor<\/p><hr class=\"hr_color\" \/><div class=\"desc\"><\/div><\/div><\/div>\n[\/vc_column][vc_column width=&#8221;1\/3&#8243;]<div class=\"team team_vertical\"><div class=\"image_frame photo no_link scale-with-grid\"><div class=\"image_wrapper\"><img class=\"scale-with-grid\" src=\"https:\/\/cementerioinglesmalaga.org\/wp-content\/uploads\/2016\/03\/patronato-Rosslyn.jpg\" alt=\"patronato-Rosslyn\" width=\"300\" height=\"300\"\/><\/div><\/div><div class=\"desc_wrapper clearfix\"><h4 class=\"desc_wrappper_title\">Rosslyn Crotty<\/h4><p class=\"subtitle\">Member<\/p><hr class=\"hr_color\" \/><div class=\"desc\"><\/div><\/div><\/div>\n[\/vc_column][\/vc_row]<\/p>\n<\/div>","protected":false},"excerpt":{"rendered":"<p>[vc_row][vc_column][vc_column_text]Since 2006, the management of the English Cemetery has been in the hands of a Foundation. Normally, in Spain, public entities would look after the running of any spaces connected with death, but this is not the case here. The &#8216;Fundaci\u00f3n Cementerio Ingl\u00e9s de M\u00e1laga&#8217;, a non profit making organisation,<span class=\"excerpt-hellip\"> [\u2026]<\/span><\/p>\n","protected":false},"author":4,"featured_media":0,"parent":0,"menu_order":3,"comment_status":"closed","ping_status":"closed","template":"","meta":[],"yoast_head":"<!-- This site is optimized with the Yoast SEO plugin v19.1 - https:\/\/yoast.com\/wordpress\/plugins\/seo\/ -->\n<title>About the foundation - Cementerio Ingl\u00e9s de M\u00e1laga<\/title>\n<meta name=\"robots\" content=\"index, follow, max-snippet:-1, max-image-preview:large, max-video-preview:-1\" \/>\n<link rel=\"canonical\" href=\"https:\/\/cementerioinglesmalaga.org\/la-fundacion\/\" \/>\n<meta property=\"og:locale\" content=\"en_US\" \/>\n<meta property=\"og:type\" content=\"article\" \/>\n<meta property=\"og:title\" content=\"[:es]La Fundaci\u00f3n[:en]About the foundation[:de]Die Stiftung[:] - Cementerio Ingl\u00e9s de M\u00e1laga\" \/>\n<meta property=\"og:description\" content=\"[vc_row][vc_column][vc_column_text]Since 2006, the management of the English Cemetery has been in the hands of a Foundation. Normally, in Spain, public entities would look after the running of any spaces connected with death, but this is not the case here. The &#8216;Fundaci\u00f3n Cementerio Ingl\u00e9s de M\u00e1laga&#8217;, a non profit making organisation, [\u2026]\" \/>\n<meta property=\"og:url\" content=\"https:\/\/cementerioinglesmalaga.org\/la-fundacion\/\" \/>\n<meta property=\"og:site_name\" content=\"Cementerio Ingl\u00e9s de M\u00e1laga\" \/>\n<meta property=\"article:publisher\" content=\"https:\/\/facebook.com\/CemIngMalaga\/\" \/>\n<meta property=\"article:modified_time\" content=\"2021-02-27T10:37:05+00:00\" \/>\n<meta property=\"og:image\" content=\"https:\/\/cementerioinglesmalaga.org\/wp-content\/uploads\/2019\/06\/ISOLOGO-Principal.png\" \/>\n\t<meta property=\"og:image:width\" content=\"1000\" \/>\n\t<meta property=\"og:image:height\" content=\"650\" \/>\n\t<meta property=\"og:image:type\" content=\"image\/png\" \/>\n<meta name=\"twitter:card\" content=\"summary\" \/>\n<meta name=\"twitter:site\" content=\"@ceminglesmlg\" \/>\n<meta name=\"twitter:label1\" content=\"Est. reading time\" \/>\n\t<meta name=\"twitter:data1\" content=\"7 minutes\" \/>\n<script type=\"application\/ld+json\" class=\"yoast-schema-graph\">{\"@context\":\"https:\/\/schema.org\",\"@graph\":[{\"@type\":\"Organization\",\"@id\":\"https:\/\/cementerioinglesmalaga.org\/#organization\",\"name\":\"Fundaci\u00f3n Cementerio Ingl\u00e9s de M\u00e1laga\",\"url\":\"https:\/\/cementerioinglesmalaga.org\/\",\"sameAs\":[\"https:\/\/facebook.com\/CemIngMalaga\/\",\"https:\/\/twitter.com\/ceminglesmlg\"],\"logo\":{\"@type\":\"ImageObject\",\"inLanguage\":\"en-US\",\"@id\":\"https:\/\/cementerioinglesmalaga.org\/#\/schema\/logo\/image\/\",\"url\":\"https:\/\/cementerioinglesmalaga.org\/wp-content\/uploads\/2017\/07\/escudo-CIM-poli.png\",\"contentUrl\":\"https:\/\/cementerioinglesmalaga.org\/wp-content\/uploads\/2017\/07\/escudo-CIM-poli.png\",\"width\":313,\"height\":313,\"caption\":\"Fundaci\u00f3n Cementerio Ingl\u00e9s de M\u00e1laga\"},\"image\":{\"@id\":\"https:\/\/cementerioinglesmalaga.org\/#\/schema\/logo\/image\/\"}},{\"@type\":\"WebSite\",\"@id\":\"https:\/\/cementerioinglesmalaga.org\/#website\",\"url\":\"https:\/\/cementerioinglesmalaga.org\/\",\"name\":\"Cementerio Ingl\u00e9s de M\u00e1laga\",\"description\":\"P\u00e1gina oficial del primer cementerio protestante de la Espa\u00f1a Peninsular\",\"publisher\":{\"@id\":\"https:\/\/cementerioinglesmalaga.org\/#organization\"},\"potentialAction\":[{\"@type\":\"SearchAction\",\"target\":{\"@type\":\"EntryPoint\",\"urlTemplate\":\"https:\/\/cementerioinglesmalaga.org\/?s={search_term_string}\"},\"query-input\":\"required name=search_term_string\"}],\"inLanguage\":\"en-US\"},{\"@type\":\"WebPage\",\"@id\":\"https:\/\/cementerioinglesmalaga.org\/la-fundacion\/#webpage\",\"url\":\"https:\/\/cementerioinglesmalaga.org\/la-fundacion\/\",\"name\":\"[:es]La Fundaci\u00f3n[:en]About the foundation[:de]Die Stiftung[:] - Cementerio Ingl\u00e9s de M\u00e1laga\",\"isPartOf\":{\"@id\":\"https:\/\/cementerioinglesmalaga.org\/#website\"},\"datePublished\":\"2016-03-21T10:20:39+00:00\",\"dateModified\":\"2021-02-27T10:37:05+00:00\",\"breadcrumb\":{\"@id\":\"https:\/\/cementerioinglesmalaga.org\/la-fundacion\/#breadcrumb\"},\"inLanguage\":\"en-US\",\"potentialAction\":[{\"@type\":\"ReadAction\",\"target\":[\"https:\/\/cementerioinglesmalaga.org\/la-fundacion\/\"]}]},{\"@type\":\"BreadcrumbList\",\"@id\":\"https:\/\/cementerioinglesmalaga.org\/la-fundacion\/#breadcrumb\",\"itemListElement\":[{\"@type\":\"ListItem\",\"position\":1,\"name\":\"Portada\",\"item\":\"https:\/\/cementerioinglesmalaga.org\/\"},{\"@type\":\"ListItem\",\"position\":2,\"name\":\"La Fundaci\u00f3n\"}]}]}<\/script>\n<!-- \/ Yoast SEO plugin. -->","yoast_head_json":{"title":"[:es]La Fundaci\u00f3n[:en]About the foundation[:de]Die Stiftung[:] - Cementerio Ingl\u00e9s de M\u00e1laga","robots":{"index":"index","follow":"follow","max-snippet":"max-snippet:-1","max-image-preview":"max-image-preview:large","max-video-preview":"max-video-preview:-1"},"canonical":"https:\/\/cementerioinglesmalaga.org\/la-fundacion\/","og_locale":"en_US","og_type":"article","og_title":"[:es]La Fundaci\u00f3n[:en]About the foundation[:de]Die Stiftung[:] - Cementerio Ingl\u00e9s de M\u00e1laga","og_description":"[vc_row][vc_column][vc_column_text]Since 2006, the management of the English Cemetery has been in the hands of a Foundation. Normally, in Spain, public entities would look after the running of any spaces connected with death, but this is not the case here. The &#8216;Fundaci\u00f3n Cementerio Ingl\u00e9s de M\u00e1laga&#8217;, a non profit making organisation, [\u2026]","og_url":"https:\/\/cementerioinglesmalaga.org\/la-fundacion\/","og_site_name":"Cementerio Ingl\u00e9s de M\u00e1laga","article_publisher":"https:\/\/facebook.com\/CemIngMalaga\/","article_modified_time":"2021-02-27T10:37:05+00:00","og_image":[{"width":1000,"height":650,"url":"https:\/\/cementerioinglesmalaga.org\/wp-content\/uploads\/2019\/06\/ISOLOGO-Principal.png","type":"image\/png"}],"twitter_card":"summary","twitter_site":"@ceminglesmlg","twitter_misc":{"Est. reading time":"7 minutes"},"schema":{"@context":"https:\/\/schema.org","@graph":[{"@type":"Organization","@id":"https:\/\/cementerioinglesmalaga.org\/#organization","name":"Fundaci\u00f3n Cementerio Ingl\u00e9s de M\u00e1laga","url":"https:\/\/cementerioinglesmalaga.org\/","sameAs":["https:\/\/facebook.com\/CemIngMalaga\/","https:\/\/twitter.com\/ceminglesmlg"],"logo":{"@type":"ImageObject","inLanguage":"en-US","@id":"https:\/\/cementerioinglesmalaga.org\/#\/schema\/logo\/image\/","url":"https:\/\/cementerioinglesmalaga.org\/wp-content\/uploads\/2017\/07\/escudo-CIM-poli.png","contentUrl":"https:\/\/cementerioinglesmalaga.org\/wp-content\/uploads\/2017\/07\/escudo-CIM-poli.png","width":313,"height":313,"caption":"Fundaci\u00f3n Cementerio Ingl\u00e9s de M\u00e1laga"},"image":{"@id":"https:\/\/cementerioinglesmalaga.org\/#\/schema\/logo\/image\/"}},{"@type":"WebSite","@id":"https:\/\/cementerioinglesmalaga.org\/#website","url":"https:\/\/cementerioinglesmalaga.org\/","name":"Cementerio Ingl\u00e9s de M\u00e1laga","description":"P\u00e1gina oficial del primer cementerio protestante de la Espa\u00f1a Peninsular","publisher":{"@id":"https:\/\/cementerioinglesmalaga.org\/#organization"},"potentialAction":[{"@type":"SearchAction","target":{"@type":"EntryPoint","urlTemplate":"https:\/\/cementerioinglesmalaga.org\/?s={search_term_string}"},"query-input":"required name=search_term_string"}],"inLanguage":"en-US"},{"@type":"WebPage","@id":"https:\/\/cementerioinglesmalaga.org\/la-fundacion\/#webpage","url":"https:\/\/cementerioinglesmalaga.org\/la-fundacion\/","name":"[:es]La Fundaci\u00f3n[:en]About the foundation[:de]Die Stiftung[:] - Cementerio Ingl\u00e9s de M\u00e1laga","isPartOf":{"@id":"https:\/\/cementerioinglesmalaga.org\/#website"},"datePublished":"2016-03-21T10:20:39+00:00","dateModified":"2021-02-27T10:37:05+00:00","breadcrumb":{"@id":"https:\/\/cementerioinglesmalaga.org\/la-fundacion\/#breadcrumb"},"inLanguage":"en-US","potentialAction":[{"@type":"ReadAction","target":["https:\/\/cementerioinglesmalaga.org\/la-fundacion\/"]}]},{"@type":"BreadcrumbList","@id":"https:\/\/cementerioinglesmalaga.org\/la-fundacion\/#breadcrumb","itemListElement":[{"@type":"ListItem","position":1,"name":"Portada","item":"https:\/\/cementerioinglesmalaga.org\/"},{"@type":"ListItem","position":2,"name":"La Fundaci\u00f3n"}]}]}},"_links":{"self":[{"href":"https:\/\/cementerioinglesmalaga.org\/en\/wp-json\/wp\/v2\/pages\/12"}],"collection":[{"href":"https:\/\/cementerioinglesmalaga.org\/en\/wp-json\/wp\/v2\/pages"}],"about":[{"href":"https:\/\/cementerioinglesmalaga.org\/en\/wp-json\/wp\/v2\/types\/page"}],"author":[{"embeddable":true,"href":"https:\/\/cementerioinglesmalaga.org\/en\/wp-json\/wp\/v2\/users\/4"}],"replies":[{"embeddable":true,"href":"https:\/\/cementerioinglesmalaga.org\/en\/wp-json\/wp\/v2\/comments?post=12"}],"version-history":[{"count":56,"href":"https:\/\/cementerioinglesmalaga.org\/en\/wp-json\/wp\/v2\/pages\/12\/revisions"}],"predecessor-version":[{"id":1340,"href":"https:\/\/cementerioinglesmalaga.org\/en\/wp-json\/wp\/v2\/pages\/12\/revisions\/1340"}],"wp:attachment":[{"href":"https:\/\/cementerioinglesmalaga.org\/en\/wp-json\/wp\/v2\/media?parent=12"}],"curies":[{"name":"wp","href":"https:\/\/api.w.org\/{rel}","templated":true}]}}