{"id":14,"date":"2016-03-21T10:21:43","date_gmt":"2016-03-21T10:21:43","guid":{"rendered":"http:\/\/cementerioinglesmalaga.org\/?page_id=14"},"modified":"2021-12-01T11:12:33","modified_gmt":"2021-12-01T09:12:33","slug":"visitas","status":"publish","type":"page","link":"https:\/\/cementerioinglesmalaga.org\/en\/visitas\/","title":{"rendered":"Visits"},"content":{"rendered":"<div class=\"wpb-content-wrapper\"><p><\/p>\n<p>[vc_row][vc_column][vc_column_text][\/vc_column_text][\/vc_column][\/vc_row][vc_row][vc_column][vc_single_image image=&#8221;279&#8243; img_size=&#8221;large&#8221; css=&#8221;.vc_custom_1497611442779{border-top-width: 6px !important;border-right-width: 6px !important;border-bottom-width: 6px !important;border-left-width: 6px !important;border-left-color: #c6b796 !important;border-left-style: solid !important;border-right-color: #c6b796 !important;border-right-style: solid !important;border-top-color: #c6b796 !important;border-top-style: solid !important;border-bottom-color: #c6b796 !important;border-bottom-style: solid !important;}&#8221;][vc_empty_space height=&#8221;1px&#8221;][vc_custom_heading text=&#8221;FINDING THE CEMETERY&#8221; font_container=&#8221;tag:h3|text_align:left&#8221; use_theme_fonts=&#8221;yes&#8221;][vc_column_text]The English Cemetery in Malaga is at number 1 Avenida de Pries, across the road from the new hotel Miramar at the end of Paseo de Reding.<\/p>\n<p>It is a 5 minute minute walk from the Pompidou museum, or 15 minutes from the city&#8217;s main street Calle Larios, so it is within easy reach for anyone spending a morning visiting the sights.[\/vc_column_text][vc_btn title=&#8221;OPEN MAP&#8221; style=&#8221;flat&#8221; color=&#8221;success&#8221; align=&#8221;left&#8221; link=&#8221;url:https%3A%2F%2Fwww.google.es%2Fmaps%2Fplace%2FCementerio%2Bingl%25C3%25A9s%2F%4036.7213609%2C-4.4090071%2C17z%2Fdata%3D!3m1!4b1!4m5!3m4!1s0xd72f7e7ef3083cb%3A0x71b05d9b52875d0c!8m2!3d36.7213609!4d-4.4068184%3Fhl%3Des||target:%20_blank|&#8221; el_class=&#8221;boton-marron&#8221;][vc_column_text]<em>If you are coming by car, we recommend parking in the municipal &#8216;Aparcamiento Cervantes&#8217; car park which also serves the bullring.<\/em>[\/vc_column_text][vc_separator color=&#8221;custom&#8221; style=&#8221;double&#8221; accent_color=&#8221;#c6b796&#8243;][vc_custom_heading text=&#8221;OPENING HOURS&#8221; font_container=&#8221;tag:h3|text_align:left&#8221; use_theme_fonts=&#8221;yes&#8221;][vc_column_text]The cemetery is open to the public:[\/vc_column_text][vc_custom_heading text=&#8221;Open Tuesday to Sunday, 09.00 to 14.00<br \/>\nClosed Monday (except public holidays)&#8221; font_container=&#8221;tag:h3|text_align:left|color:%23ffffff&#8221; use_theme_fonts=&#8221;yes&#8221; css=&#8221;.vc_custom_1638349888233{padding-top: 20px !important;padding-right: 20px !important;padding-bottom: 20px !important;padding-left: 20px !important;background-color: #997e43 !important;}&#8221;][vc_column_text]<em>Ticket sales cease 30 minutes before closing time.<\/em>[\/vc_column_text][vc_empty_space height=&#8221;1px&#8221;][vc_separator color=&#8221;custom&#8221; style=&#8221;double&#8221; accent_color=&#8221;#c6b796&#8243;][vc_custom_heading text=&#8221;ENTRANCE FEES&#8221; font_container=&#8221;tag:h3|text_align:left&#8221; use_theme_fonts=&#8221;yes&#8221;][vc_column_text css=&#8221;.vc_custom_1612268892576{padding-top: 20px !important;padding-right: 20px !important;padding-bottom: 20px !important;padding-left: 20px !important;background-color: #0a4a35 !important;}&#8221; el_class=&#8221;text-white&#8221;]<\/p>\n<h4><strong>GENERAL: 5\u20ac<\/strong><\/h4>\n<p>[\/vc_column_text][vc_column_text css=&#8221;.vc_custom_1612268904780{padding-top: 20px !important;padding-right: 20px !important;padding-bottom: 20px !important;padding-left: 20px !important;background-color: #0a4a35 !important;}&#8221; el_class=&#8221;text-white&#8221;]<\/p>\n<h4><strong>CONCESSIONS: 4\u20ac<\/strong><\/h4>\n<ul>\n<li>Retired people<\/li>\n<li>Students<\/li>\n<\/ul>\n<p>[\/vc_column_text][vc_column_text css=&#8221;.vc_custom_1502181974426{padding-top: 20px !important;padding-right: 20px !important;padding-bottom: 20px !important;padding-left: 20px !important;background-color: #0a4a35 !important;}&#8221; el_class=&#8221;text-white&#8221;]<\/p>\n<h4><strong>FREE: 0\u20ac<\/strong><\/h4>\n<ul>\n<li>Visitors to family graves.<\/li>\n<li>Churchgoers attending St. George&#8217;s for services or other events.<\/li>\n<li>Children under 12.<\/li>\n<\/ul>\n<p>[\/vc_column_text][\/vc_column][\/vc_row][vc_row][vc_column][vc_column_text][\/vc_column_text][\/vc_column][\/vc_row]<\/p>\n<p><\/p>\n<\/div>","protected":false},"excerpt":{"rendered":"<p>[vc_row][vc_column][vc_column_text][\/vc_column_text][\/vc_column][\/vc_row][vc_row][vc_column][vc_single_image image=&#8221;279&#8243; img_size=&#8221;large&#8221; css=&#8221;.vc_custom_1497611442779{border-top-width: 6px !important;border-right-width: 6px !important;border-bottom-width: 6px !important;border-left-width: 6px !important;border-left-color: #c6b796 !important;border-left-style: solid !important;border-right-color: #c6b796 !important;border-right-style: solid !important;border-top-color: #c6b796 !important;border-top-style: solid !important;border-bottom-color: #c6b796 !important;border-bottom-style: solid !important;}&#8221;][vc_empty_space height=&#8221;1px&#8221;][vc_custom_heading text=&#8221;FINDING THE CEMETERY&#8221; font_container=&#8221;tag:h3|text_align:left&#8221; use_theme_fonts=&#8221;yes&#8221;][vc_column_text]The English Cemetery in Malaga is at number 1 Avenida de Pries, across the road from the<span class=\"excerpt-hellip\"> [\u2026]<\/span><\/p>\n","protected":false},"author":4,"featured_media":0,"parent":0,"menu_order":2,"comment_status":"closed","ping_status":"closed","template":"","meta":[],"yoast_head":"<!-- This site is optimized with the Yoast SEO plugin v19.1 - https:\/\/yoast.com\/wordpress\/plugins\/seo\/ -->\n<title>Visits - Cementerio Ingl\u00e9s de M\u00e1laga<\/title>\n<meta name=\"robots\" content=\"index, follow, max-snippet:-1, max-image-preview:large, max-video-preview:-1\" \/>\n<link rel=\"canonical\" href=\"https:\/\/cementerioinglesmalaga.org\/visitas\/\" \/>\n<meta property=\"og:locale\" content=\"en_US\" \/>\n<meta property=\"og:type\" content=\"article\" \/>\n<meta property=\"og:title\" content=\"[:es]Horarios y Tarifas[:en]Visits[:de]Besucherinformation[:] - Cementerio Ingl\u00e9s de M\u00e1laga\" \/>\n<meta property=\"og:description\" content=\"[vc_row][vc_column][vc_column_text][\/vc_column_text][\/vc_column][\/vc_row][vc_row][vc_column][vc_single_image image=&#8221;279&#8243; img_size=&#8221;large&#8221; css=&#8221;.vc_custom_1497611442779{border-top-width: 6px !important;border-right-width: 6px !important;border-bottom-width: 6px !important;border-left-width: 6px !important;border-left-color: #c6b796 !important;border-left-style: solid !important;border-right-color: #c6b796 !important;border-right-style: solid !important;border-top-color: #c6b796 !important;border-top-style: solid !important;border-bottom-color: #c6b796 !important;border-bottom-style: solid !important;}&#8221;][vc_empty_space height=&#8221;1px&#8221;][vc_custom_heading text=&#8221;FINDING THE CEMETERY&#8221; font_container=&#8221;tag:h3|text_align:left&#8221; use_theme_fonts=&#8221;yes&#8221;][vc_column_text]The English Cemetery in Malaga is at number 1 Avenida de Pries, across the road from the [\u2026]\" \/>\n<meta property=\"og:url\" content=\"https:\/\/cementerioinglesmalaga.org\/visitas\/\" \/>\n<meta property=\"og:site_name\" content=\"Cementerio Ingl\u00e9s de M\u00e1laga\" \/>\n<meta property=\"article:publisher\" content=\"https:\/\/facebook.com\/CemIngMalaga\/\" \/>\n<meta property=\"article:modified_time\" content=\"2021-12-01T09:12:33+00:00\" \/>\n<meta property=\"og:image\" content=\"https:\/\/cementerioinglesmalaga.org\/wp-content\/uploads\/2019\/06\/ISOLOGO-Principal.png\" \/>\n\t<meta property=\"og:image:width\" content=\"1000\" \/>\n\t<meta property=\"og:image:height\" content=\"650\" \/>\n\t<meta property=\"og:image:type\" content=\"image\/png\" \/>\n<meta name=\"twitter:card\" content=\"summary\" \/>\n<meta name=\"twitter:site\" content=\"@ceminglesmlg\" \/>\n<meta name=\"twitter:label1\" content=\"Est. reading time\" \/>\n\t<meta name=\"twitter:data1\" content=\"4 minutes\" \/>\n<script type=\"application\/ld+json\" class=\"yoast-schema-graph\">{\"@context\":\"https:\/\/schema.org\",\"@graph\":[{\"@type\":\"Organization\",\"@id\":\"https:\/\/cementerioinglesmalaga.org\/#organization\",\"name\":\"Fundaci\u00f3n Cementerio Ingl\u00e9s de M\u00e1laga\",\"url\":\"https:\/\/cementerioinglesmalaga.org\/\",\"sameAs\":[\"https:\/\/facebook.com\/CemIngMalaga\/\",\"https:\/\/twitter.com\/ceminglesmlg\"],\"logo\":{\"@type\":\"ImageObject\",\"inLanguage\":\"en-US\",\"@id\":\"https:\/\/cementerioinglesmalaga.org\/#\/schema\/logo\/image\/\",\"url\":\"https:\/\/cementerioinglesmalaga.org\/wp-content\/uploads\/2017\/07\/escudo-CIM-poli.png\",\"contentUrl\":\"https:\/\/cementerioinglesmalaga.org\/wp-content\/uploads\/2017\/07\/escudo-CIM-poli.png\",\"width\":313,\"height\":313,\"caption\":\"Fundaci\u00f3n Cementerio Ingl\u00e9s de M\u00e1laga\"},\"image\":{\"@id\":\"https:\/\/cementerioinglesmalaga.org\/#\/schema\/logo\/image\/\"}},{\"@type\":\"WebSite\",\"@id\":\"https:\/\/cementerioinglesmalaga.org\/#website\",\"url\":\"https:\/\/cementerioinglesmalaga.org\/\",\"name\":\"Cementerio Ingl\u00e9s de M\u00e1laga\",\"description\":\"P\u00e1gina oficial del primer cementerio protestante de la Espa\u00f1a Peninsular\",\"publisher\":{\"@id\":\"https:\/\/cementerioinglesmalaga.org\/#organization\"},\"potentialAction\":[{\"@type\":\"SearchAction\",\"target\":{\"@type\":\"EntryPoint\",\"urlTemplate\":\"https:\/\/cementerioinglesmalaga.org\/?s={search_term_string}\"},\"query-input\":\"required name=search_term_string\"}],\"inLanguage\":\"en-US\"},{\"@type\":\"WebPage\",\"@id\":\"https:\/\/cementerioinglesmalaga.org\/visitas\/#webpage\",\"url\":\"https:\/\/cementerioinglesmalaga.org\/visitas\/\",\"name\":\"[:es]Horarios y Tarifas[:en]Visits[:de]Besucherinformation[:] - Cementerio Ingl\u00e9s de M\u00e1laga\",\"isPartOf\":{\"@id\":\"https:\/\/cementerioinglesmalaga.org\/#website\"},\"datePublished\":\"2016-03-21T10:21:43+00:00\",\"dateModified\":\"2021-12-01T09:12:33+00:00\",\"breadcrumb\":{\"@id\":\"https:\/\/cementerioinglesmalaga.org\/visitas\/#breadcrumb\"},\"inLanguage\":\"en-US\",\"potentialAction\":[{\"@type\":\"ReadAction\",\"target\":[\"https:\/\/cementerioinglesmalaga.org\/visitas\/\"]}]},{\"@type\":\"BreadcrumbList\",\"@id\":\"https:\/\/cementerioinglesmalaga.org\/visitas\/#breadcrumb\",\"itemListElement\":[{\"@type\":\"ListItem\",\"position\":1,\"name\":\"Portada\",\"item\":\"https:\/\/cementerioinglesmalaga.org\/\"},{\"@type\":\"ListItem\",\"position\":2,\"name\":\"Horarios y Tarifas\"}]}]}<\/script>\n<!-- \/ Yoast SEO plugin. -->","yoast_head_json":{"title":"[:es]Horarios y Tarifas[:en]Visits[:de]Besucherinformation[:] - Cementerio Ingl\u00e9s de M\u00e1laga","robots":{"index":"index","follow":"follow","max-snippet":"max-snippet:-1","max-image-preview":"max-image-preview:large","max-video-preview":"max-video-preview:-1"},"canonical":"https:\/\/cementerioinglesmalaga.org\/visitas\/","og_locale":"en_US","og_type":"article","og_title":"[:es]Horarios y Tarifas[:en]Visits[:de]Besucherinformation[:] - Cementerio Ingl\u00e9s de M\u00e1laga","og_description":"[vc_row][vc_column][vc_column_text][\/vc_column_text][\/vc_column][\/vc_row][vc_row][vc_column][vc_single_image image=&#8221;279&#8243; img_size=&#8221;large&#8221; css=&#8221;.vc_custom_1497611442779{border-top-width: 6px !important;border-right-width: 6px !important;border-bottom-width: 6px !important;border-left-width: 6px !important;border-left-color: #c6b796 !important;border-left-style: solid !important;border-right-color: #c6b796 !important;border-right-style: solid !important;border-top-color: #c6b796 !important;border-top-style: solid !important;border-bottom-color: #c6b796 !important;border-bottom-style: solid !important;}&#8221;][vc_empty_space height=&#8221;1px&#8221;][vc_custom_heading text=&#8221;FINDING THE CEMETERY&#8221; font_container=&#8221;tag:h3|text_align:left&#8221; use_theme_fonts=&#8221;yes&#8221;][vc_column_text]The English Cemetery in Malaga is at number 1 Avenida de Pries, across the road from the [\u2026]","og_url":"https:\/\/cementerioinglesmalaga.org\/visitas\/","og_site_name":"Cementerio Ingl\u00e9s de M\u00e1laga","article_publisher":"https:\/\/facebook.com\/CemIngMalaga\/","article_modified_time":"2021-12-01T09:12:33+00:00","og_image":[{"width":1000,"height":650,"url":"https:\/\/cementerioinglesmalaga.org\/wp-content\/uploads\/2019\/06\/ISOLOGO-Principal.png","type":"image\/png"}],"twitter_card":"summary","twitter_site":"@ceminglesmlg","twitter_misc":{"Est. reading time":"4 minutes"},"schema":{"@context":"https:\/\/schema.org","@graph":[{"@type":"Organization","@id":"https:\/\/cementerioinglesmalaga.org\/#organization","name":"Fundaci\u00f3n Cementerio Ingl\u00e9s de M\u00e1laga","url":"https:\/\/cementerioinglesmalaga.org\/","sameAs":["https:\/\/facebook.com\/CemIngMalaga\/","https:\/\/twitter.com\/ceminglesmlg"],"logo":{"@type":"ImageObject","inLanguage":"en-US","@id":"https:\/\/cementerioinglesmalaga.org\/#\/schema\/logo\/image\/","url":"https:\/\/cementerioinglesmalaga.org\/wp-content\/uploads\/2017\/07\/escudo-CIM-poli.png","contentUrl":"https:\/\/cementerioinglesmalaga.org\/wp-content\/uploads\/2017\/07\/escudo-CIM-poli.png","width":313,"height":313,"caption":"Fundaci\u00f3n Cementerio Ingl\u00e9s de M\u00e1laga"},"image":{"@id":"https:\/\/cementerioinglesmalaga.org\/#\/schema\/logo\/image\/"}},{"@type":"WebSite","@id":"https:\/\/cementerioinglesmalaga.org\/#website","url":"https:\/\/cementerioinglesmalaga.org\/","name":"Cementerio Ingl\u00e9s de M\u00e1laga","description":"P\u00e1gina oficial del primer cementerio protestante de la Espa\u00f1a Peninsular","publisher":{"@id":"https:\/\/cementerioinglesmalaga.org\/#organization"},"potentialAction":[{"@type":"SearchAction","target":{"@type":"EntryPoint","urlTemplate":"https:\/\/cementerioinglesmalaga.org\/?s={search_term_string}"},"query-input":"required name=search_term_string"}],"inLanguage":"en-US"},{"@type":"WebPage","@id":"https:\/\/cementerioinglesmalaga.org\/visitas\/#webpage","url":"https:\/\/cementerioinglesmalaga.org\/visitas\/","name":"[:es]Horarios y Tarifas[:en]Visits[:de]Besucherinformation[:] - Cementerio Ingl\u00e9s de M\u00e1laga","isPartOf":{"@id":"https:\/\/cementerioinglesmalaga.org\/#website"},"datePublished":"2016-03-21T10:21:43+00:00","dateModified":"2021-12-01T09:12:33+00:00","breadcrumb":{"@id":"https:\/\/cementerioinglesmalaga.org\/visitas\/#breadcrumb"},"inLanguage":"en-US","potentialAction":[{"@type":"ReadAction","target":["https:\/\/cementerioinglesmalaga.org\/visitas\/"]}]},{"@type":"BreadcrumbList","@id":"https:\/\/cementerioinglesmalaga.org\/visitas\/#breadcrumb","itemListElement":[{"@type":"ListItem","position":1,"name":"Portada","item":"https:\/\/cementerioinglesmalaga.org\/"},{"@type":"ListItem","position":2,"name":"Horarios y Tarifas"}]}]}},"_links":{"self":[{"href":"https:\/\/cementerioinglesmalaga.org\/en\/wp-json\/wp\/v2\/pages\/14"}],"collection":[{"href":"https:\/\/cementerioinglesmalaga.org\/en\/wp-json\/wp\/v2\/pages"}],"about":[{"href":"https:\/\/cementerioinglesmalaga.org\/en\/wp-json\/wp\/v2\/types\/page"}],"author":[{"embeddable":true,"href":"https:\/\/cementerioinglesmalaga.org\/en\/wp-json\/wp\/v2\/users\/4"}],"replies":[{"embeddable":true,"href":"https:\/\/cementerioinglesmalaga.org\/en\/wp-json\/wp\/v2\/comments?post=14"}],"version-history":[{"count":65,"href":"https:\/\/cementerioinglesmalaga.org\/en\/wp-json\/wp\/v2\/pages\/14\/revisions"}],"predecessor-version":[{"id":1436,"href":"https:\/\/cementerioinglesmalaga.org\/en\/wp-json\/wp\/v2\/pages\/14\/revisions\/1436"}],"wp:attachment":[{"href":"https:\/\/cementerioinglesmalaga.org\/en\/wp-json\/wp\/v2\/media?parent=14"}],"curies":[{"name":"wp","href":"https:\/\/api.w.org\/{rel}","templated":true}]}}