{"id":2,"date":"2016-02-03T04:08:41","date_gmt":"2016-02-03T04:08:41","guid":{"rendered":"http:\/\/wp442m.a10-52-158-154.qa.plesk.ru\/wordpress\/?page_id=2"},"modified":"2024-06-12T19:52:39","modified_gmt":"2024-06-12T17:52:39","slug":"sample-page","status":"publish","type":"page","link":"https:\/\/cementerioinglesmalaga.org\/en\/","title":{"rendered":"Home"},"content":{"rendered":"<div class=\"wpb-content-wrapper\"><p>[vc_row full_width=&#8221;stretch_row&#8221; css=&#8221;.vc_custom_1497453209692{background-color: #115740 !important;}&#8221; el_id=&#8221;intro-text&#8221;][vc_column][vc_empty_space height=&#8221;5px&#8221;][vc_column_text]<\/p>\n<h1 class=\"home-title\" style=\"text-align: center;\"><strong>Welcome to the\u00a0<\/strong>ENGLISH CEMETERY IN MALAGA<\/h1>\n<p>[\/vc_column_text][vc_custom_heading text=&#8221;THIS IS THE OFFICIAL WEBSITE FOR THE FIRST PROTESTANT CEMETERY ON THE SPANISH PENINSULA&#8221; font_container=&#8221;tag:h4|text_align:center|color:%2393b2a9&#8243; use_theme_fonts=&#8221;yes&#8221;][vc_empty_space height=&#8221;45px&#8221;][\/vc_column][\/vc_row][vc_row disable_element=&#8221;yes&#8221; css=&#8221;.vc_custom_1718214753298{background: #115740 url(https:\/\/cementerioinglesmalaga.org\/wp-content\/uploads\/2024\/04\/English-Cemetery-Illustration.jpg?id=1881) !important;}&#8221;][vc_column][vc_empty_space height=&#8221;5px&#8221;][vc_column_text]<\/p>\n<h1 class=\"home-title\" style=\"text-align: center;\"><a href=\"https:\/\/cementerioinglesmalaga.org\/en\/english-english-cemetery-of-malaga-foundation-gala-dinner\/\"><span style=\"color: #000000;\">Gala Dinner<\/span><\/a><\/h1>\n<h3 style=\"text-align: center;\"><span style=\"color: #000000;\"><strong>June 6, 2024 at 19:30<\/strong><\/span><\/h3>\n<h1 class=\"home-title\" style=\"text-align: center;\"><span style=\"color: #000000;\">SOLD OUT<\/span><\/h1>\n<p>[\/vc_column_text][vc_empty_space height=&#8221;45px&#8221;][\/vc_column][\/vc_row][vc_row full_width=&#8221;stretch_row&#8221; css=&#8221;.vc_custom_1497538492562{background-color: #023c29 !important;}&#8221; el_id=&#8221;franja-tumba&#8221;][vc_column][vc_empty_space height=&#8221;15px&#8221;][vc_row_inner][vc_column_inner width=&#8221;1\/2&#8243;][vc_custom_heading text=&#8221;The English Cemetery in Malaga, the oldest Protestant cemetery on mainland Spain (1831). A beautiful, monumental garden, offering key insights into the 19th and 20th century history of a cosmopolitan city, open to the world&#8221; font_container=&#8221;tag:h3|text_align:left|color:%2393b2a9&#8243; google_fonts=&#8221;font_family:Vollkorn%3Aregular%2Citalic%2C700%2C700italic|font_style:400%20italic%3A400%3Aitalic&#8221; css=&#8221;.vc_custom_1612345857927{margin-bottom: 40px !important;}&#8221;][vc_custom_heading text=&#8221;ENGLISH CEMETERY IN MALAGA FOUNDATION&#8221; font_container=&#8221;tag:h5|text_align:left|color:%23c6b796&#8243; use_theme_fonts=&#8221;yes&#8221;][\/vc_column_inner][vc_column_inner width=&#8221;1\/2&#8243;][vc_column_text el_class=&#8221;text-white&#8221;]Welcome to the official website of English Cemetery in Malaga. Here you will find information to enhance your visit to this peaceful corner of the capital of the Costa del Sol.<\/p>\n<p>The Foundation invites you to visit this fascinating historic garden and to discover its mysteries, and would like to thank you for helping us to preserve it for future generations.[\/vc_column_text][\/vc_column_inner][\/vc_row_inner][vc_empty_space height=&#8221;35px&#8221;][\/vc_column][\/vc_row][vc_row][vc_column][vc_empty_space height=&#8221;65px&#8221;][vc_custom_heading text=&#8221;Discover the English Cemetery in Malaga&#8221; font_container=&#8221;tag:h2|text_align:center|color:%23444444&#8243; use_theme_fonts=&#8221;yes&#8221;][vc_separator color=&#8221;custom&#8221; style=&#8221;double&#8221; el_width=&#8221;10&#8243; accent_color=&#8221;#c6b796&#8243;][vc_column_text]<\/p>\n<p style=\"text-align: center;\">Visit the oldest Protestant burial place on mainland Spain. Admire its lovely gardens and discover fascinating facts about the international history of Malaga<\/p>\n<p>[\/vc_column_text][vc_empty_space height=&#8221;15px&#8221;][vc_row_inner][vc_column_inner width=&#8221;1\/3&#8243;]<div class=\"sliding_box\"><a href=\"\/cementerio\/historia\/\"  title=\"\"><div class=\"photo_wrapper\"><img class=\"scale-with-grid\" src=\"https:\/\/cementerioinglesmalaga.org\/wp-content\/uploads\/2016\/02\/home-1.jpg\" alt=\"home-1\" width=\"640\" height=\"600\"\/><\/div><div class=\"desc_wrapper\"><h4 class=\"title\">HISTORY AND HERITAGE<\/h4><\/div><\/a><\/div>\n[\/vc_column_inner][vc_column_inner width=&#8221;1\/3&#8243;]<div class=\"sliding_box\"><a href=\"http:\/\/cementerio\/calendario-de-eventos\/\"  title=\"\"><div class=\"photo_wrapper\"><img class=\"scale-with-grid\" src=\"https:\/\/cementerioinglesmalaga.org\/wp-content\/uploads\/2017\/06\/home-4.jpg\" alt=\"home-4\" width=\"640\" height=\"600\"\/><\/div><div class=\"desc_wrapper\"><h4 class=\"title\">WHAT'S ON<\/h4><\/div><\/a><\/div>\n[\/vc_column_inner][vc_column_inner width=&#8221;1\/3&#8243;]<div class=\"sliding_box\"><a href=\"\/visitas\"  title=\"\"><div class=\"photo_wrapper\"><img class=\"scale-with-grid\" src=\"https:\/\/cementerioinglesmalaga.org\/wp-content\/uploads\/2016\/02\/home-2.jpg\" alt=\"home-2\" width=\"640\" height=\"600\"\/><\/div><div class=\"desc_wrapper\"><h4 class=\"title\">OPENING TIMES AND TOURS<\/h4><\/div><\/a><\/div>\n[\/vc_column_inner][\/vc_row_inner][vc_empty_space height=&#8221;25px&#8221;][\/vc_column][\/vc_row][vc_row full_width=&#8221;stretch_row&#8221; css=&#8221;.vc_custom_1502908748249{background: #023c29 url(https:\/\/cementerioinglesmalaga.org\/wp-content\/uploads\/2016\/02\/franja-conchas.jpg?id=193) !important;background-position: center !important;background-repeat: no-repeat !important;background-size: cover !important;}&#8221; el_id=&#8221;franja-angel&#8221;][vc_column][vc_empty_space height=&#8221;15px&#8221;][vc_row_inner][vc_column_inner width=&#8221;1\/2&#8243;][vc_custom_heading text=&#8221;Donations&#8221; font_container=&#8221;tag:h2|text_align:left|color:%23ffffff&#8221; use_theme_fonts=&#8221;yes&#8221;][vc_separator color=&#8221;custom&#8221; align=&#8221;align_left&#8221; style=&#8221;double&#8221; el_width=&#8221;10&#8243; accent_color=&#8221;#c6b796&#8243;][vc_column_text el_class=&#8221;text-white&#8221;]Help us to preserve and maintain this historic site for the enjoyment of future generations.[\/vc_column_text][vc_btn title=&#8221;DONATE&#8221; style=&#8221;flat&#8221; size=&#8221;lg&#8221; align=&#8221;left&#8221; link=&#8221;url:https%3A%2F%2Fcementerioinglesmalaga.org%2Fen%2Fcampaigns%2Fdonations-to-the-foundation%2Fdonate%2F|||&#8221; el_class=&#8221;boton-marron&#8221;][\/vc_column_inner][vc_column_inner width=&#8221;1\/2&#8243;][\/vc_column_inner][\/vc_row_inner][vc_empty_space height=&#8221;35px&#8221;][\/vc_column][\/vc_row][vc_row][vc_column][vc_empty_space height=&#8221;45px&#8221;][vc_custom_heading text=&#8221;News and views&#8221; font_container=&#8221;tag:h2|text_align:center|color:%23444444&#8243; use_theme_fonts=&#8221;yes&#8221;][vc_separator color=&#8221;custom&#8221; style=&#8221;double&#8221; el_width=&#8221;10&#8243; accent_color=&#8221;#c6b796&#8243;][vc_column_text]<\/p>\n<p style=\"text-align: center;\">The English Cemetery in the media<\/p>\n<p>[\/vc_column_text][vc_empty_space height=&#8221;2px&#8221;]<div class=\"blog_slider clearfix  flat\" data-count=\"3\"><div class=\"blog_slider_header clearfix\"><div class=\"slider_navigation\"><\/div><\/div><ul class=\"blog_slider_ul\"><li class=\"post-2106 post type-post status-publish format-standard has-post-thumbnail hentry category-cementerio-ingles\"><div class=\"item_wrapper\"><div class=\"image_frame scale-with-grid\"><div class=\"image_wrapper\"><a href=\"https:\/\/cementerioinglesmalaga.org\/en\/visita-guiada-23-de-mayo\/\"><img width=\"959\" height=\"676\" src=\"https:\/\/cementerioinglesmalaga.org\/wp-content\/uploads\/2026\/04\/CEMENTERIO-INGLES_VISITAS-GUIADAS_WEB_960x676px.jpg\" class=\"scale-with-grid wp-post-image\" alt=\"\" loading=\"lazy\" srcset=\"https:\/\/cementerioinglesmalaga.org\/wp-content\/uploads\/2026\/04\/CEMENTERIO-INGLES_VISITAS-GUIADAS_WEB_960x676px.jpg 959w, https:\/\/cementerioinglesmalaga.org\/wp-content\/uploads\/2026\/04\/CEMENTERIO-INGLES_VISITAS-GUIADAS_WEB_960x676px-300x211.jpg 300w, https:\/\/cementerioinglesmalaga.org\/wp-content\/uploads\/2026\/04\/CEMENTERIO-INGLES_VISITAS-GUIADAS_WEB_960x676px-768x541.jpg 768w, https:\/\/cementerioinglesmalaga.org\/wp-content\/uploads\/2026\/04\/CEMENTERIO-INGLES_VISITAS-GUIADAS_WEB_960x676px-106x75.jpg 106w, https:\/\/cementerioinglesmalaga.org\/wp-content\/uploads\/2026\/04\/CEMENTERIO-INGLES_VISITAS-GUIADAS_WEB_960x676px-700x493.jpg 700w\" sizes=\"(max-width:767px) 700px, (max-width:959px) 100vw, 959px\" \/><\/a><\/div><\/div><div class=\"date_label\">Tuesday April 28th, 2026<\/div><div class=\"desc\"><h4><a href=\"https:\/\/cementerioinglesmalaga.org\/en\/visita-guiada-23-de-mayo\/\">Guided Tour- 23 May<\/a><\/h4><hr class=\"hr_color\" \/><a href=\"https:\/\/cementerioinglesmalaga.org\/en\/visita-guiada-23-de-mayo\/\" class=\"button button_left has-icon\"><span class=\"button_icon\"><i class=\"icon-layout\" aria-hidden=\"true\"><\/i><\/span><span class=\"button_label\">Read more<\/span><\/a><\/div><\/div><\/li><li class=\"post-2101 post type-post status-publish format-standard has-post-thumbnail hentry category-cementerio-ingles\"><div class=\"item_wrapper\"><div class=\"image_frame scale-with-grid\"><div class=\"image_wrapper\"><a href=\"https:\/\/cementerioinglesmalaga.org\/en\/coral-santa-cecilia-de-alhaurin-de-la-torre-30-de-mayo\/\"><img width=\"960\" height=\"676\" src=\"https:\/\/cementerioinglesmalaga.org\/wp-content\/uploads\/2026\/04\/CEMENTERIO_INGLES_CONCIERTO_CORAL_WEB.jpg\" class=\"scale-with-grid wp-post-image\" alt=\"\" loading=\"lazy\" srcset=\"https:\/\/cementerioinglesmalaga.org\/wp-content\/uploads\/2026\/04\/CEMENTERIO_INGLES_CONCIERTO_CORAL_WEB.jpg 960w, https:\/\/cementerioinglesmalaga.org\/wp-content\/uploads\/2026\/04\/CEMENTERIO_INGLES_CONCIERTO_CORAL_WEB-300x211.jpg 300w, https:\/\/cementerioinglesmalaga.org\/wp-content\/uploads\/2026\/04\/CEMENTERIO_INGLES_CONCIERTO_CORAL_WEB-768x541.jpg 768w, https:\/\/cementerioinglesmalaga.org\/wp-content\/uploads\/2026\/04\/CEMENTERIO_INGLES_CONCIERTO_CORAL_WEB-107x75.jpg 107w, https:\/\/cementerioinglesmalaga.org\/wp-content\/uploads\/2026\/04\/CEMENTERIO_INGLES_CONCIERTO_CORAL_WEB-700x493.jpg 700w\" sizes=\"(max-width:767px) 700px, (max-width:960px) 100vw, 960px\" \/><\/a><\/div><\/div><div class=\"date_label\">Monday April 27th, 2026<\/div><div class=\"desc\"><h4><a href=\"https:\/\/cementerioinglesmalaga.org\/en\/coral-santa-cecilia-de-alhaurin-de-la-torre-30-de-mayo\/\">(Espa\u00f1ol) Coral Santa Cecilia de Alhaur\u00edn de la Torre &#8211; 30 de mayo<\/a><\/h4><hr class=\"hr_color\" \/><a href=\"https:\/\/cementerioinglesmalaga.org\/en\/coral-santa-cecilia-de-alhaurin-de-la-torre-30-de-mayo\/\" class=\"button button_left has-icon\"><span class=\"button_icon\"><i class=\"icon-layout\" aria-hidden=\"true\"><\/i><\/span><span class=\"button_label\">Read more<\/span><\/a><\/div><\/div><\/li><li class=\"post-2094 post type-post status-publish format-standard has-post-thumbnail hentry category-cementerio-ingles\"><div class=\"item_wrapper\"><div class=\"image_frame scale-with-grid\"><div class=\"image_wrapper\"><a href=\"https:\/\/cementerioinglesmalaga.org\/en\/la-noche-en-blanco-cementerio-ingles-e-historia-viva-malaga\/\"><img width=\"960\" height=\"676\" src=\"https:\/\/cementerioinglesmalaga.org\/wp-content\/uploads\/2026\/04\/VISITAS_TEATRALIZADAS_WEB_960x676px.jpg\" class=\"scale-with-grid wp-post-image\" alt=\"\" loading=\"lazy\" srcset=\"https:\/\/cementerioinglesmalaga.org\/wp-content\/uploads\/2026\/04\/VISITAS_TEATRALIZADAS_WEB_960x676px.jpg 960w, https:\/\/cementerioinglesmalaga.org\/wp-content\/uploads\/2026\/04\/VISITAS_TEATRALIZADAS_WEB_960x676px-300x211.jpg 300w, https:\/\/cementerioinglesmalaga.org\/wp-content\/uploads\/2026\/04\/VISITAS_TEATRALIZADAS_WEB_960x676px-768x541.jpg 768w, https:\/\/cementerioinglesmalaga.org\/wp-content\/uploads\/2026\/04\/VISITAS_TEATRALIZADAS_WEB_960x676px-107x75.jpg 107w, https:\/\/cementerioinglesmalaga.org\/wp-content\/uploads\/2026\/04\/VISITAS_TEATRALIZADAS_WEB_960x676px-700x493.jpg 700w\" sizes=\"(max-width:767px) 700px, (max-width:960px) 100vw, 960px\" \/><\/a><\/div><\/div><div class=\"date_label\">Monday April 20th, 2026<\/div><div class=\"desc\"><h4><a href=\"https:\/\/cementerioinglesmalaga.org\/en\/la-noche-en-blanco-cementerio-ingles-e-historia-viva-malaga\/\">(Espa\u00f1ol) La Noche en Blanco- CEMENTERIO INGL\u00c9S E HISTORIA VIVA M\u00c1LAGA<\/a><\/h4><hr class=\"hr_color\" \/><a href=\"https:\/\/cementerioinglesmalaga.org\/en\/la-noche-en-blanco-cementerio-ingles-e-historia-viva-malaga\/\" class=\"button button_left has-icon\"><span class=\"button_icon\"><i class=\"icon-layout\" aria-hidden=\"true\"><\/i><\/span><span class=\"button_label\">Read more<\/span><\/a><\/div><\/div><\/li><\/ul><div class=\"slider_pager slider_pagination\"><\/div><\/div>\n[vc_empty_space height=&#8221;45px&#8221;][\/vc_column][\/vc_row]<\/p>\n<\/div>","protected":false},"excerpt":{"rendered":"<p>[vc_row full_width=&#8221;stretch_row&#8221; css=&#8221;.vc_custom_1497453209692{background-color: #115740 !important;}&#8221; el_id=&#8221;intro-text&#8221;][vc_column][vc_empty_space height=&#8221;5px&#8221;][vc_column_text] Welcome to the\u00a0ENGLISH CEMETERY IN MALAGA [\/vc_column_text][vc_custom_heading text=&#8221;THIS IS THE OFFICIAL WEBSITE FOR THE FIRST PROTESTANT CEMETERY ON THE SPANISH PENINSULA&#8221; font_container=&#8221;tag:h4|text_align:center|color:%2393b2a9&#8243; use_theme_fonts=&#8221;yes&#8221;][vc_empty_space height=&#8221;45px&#8221;][\/vc_column][\/vc_row][vc_row disable_element=&#8221;yes&#8221; css=&#8221;.vc_custom_1718214753298{background: #115740 url(https:\/\/cementerioinglesmalaga.org\/wp-content\/uploads\/2024\/04\/English-Cemetery-Illustration.jpg?id=1881) !important;}&#8221;][vc_column][vc_empty_space height=&#8221;5px&#8221;][vc_column_text] Gala Dinner June 6, 2024 at 19:30 SOLD OUT [\/vc_column_text][vc_empty_space height=&#8221;45px&#8221;][\/vc_column][\/vc_row][vc_row full_width=&#8221;stretch_row&#8221; css=&#8221;.vc_custom_1497538492562{background-color:<span class=\"excerpt-hellip\"> [\u2026]<\/span><\/p>\n","protected":false},"author":7,"featured_media":0,"parent":0,"menu_order":0,"comment_status":"closed","ping_status":"closed","template":"","meta":[],"yoast_head":"<!-- This site is optimized with the Yoast SEO plugin v19.1 - https:\/\/yoast.com\/wordpress\/plugins\/seo\/ -->\n<title>Home - Cementerio Ingl\u00e9s de M\u00e1laga<\/title>\n<meta name=\"description\" content=\"{:es}P\u00e1gina oficial del primer cementerio protestante de la Espa\u00f1a Peninsular{:}\" \/>\n<meta name=\"robots\" content=\"index, follow, max-snippet:-1, max-image-preview:large, max-video-preview:-1\" \/>\n<link rel=\"canonical\" href=\"https:\/\/cementerioinglesmalaga.org\/\" \/>\n<meta property=\"og:locale\" content=\"en_US\" \/>\n<meta property=\"og:type\" content=\"article\" \/>\n<meta property=\"og:title\" content=\"[:es]Inicio[:en]Home[:de]Start[:] - Cementerio Ingl\u00e9s de M\u00e1laga\" \/>\n<meta property=\"og:description\" content=\"{:es}P\u00e1gina oficial del primer cementerio protestante de la Espa\u00f1a Peninsular{:}\" \/>\n<meta property=\"og:url\" content=\"https:\/\/cementerioinglesmalaga.org\/\" \/>\n<meta property=\"og:site_name\" content=\"Cementerio Ingl\u00e9s de M\u00e1laga\" \/>\n<meta property=\"article:publisher\" content=\"https:\/\/facebook.com\/CemIngMalaga\/\" \/>\n<meta property=\"article:modified_time\" content=\"2024-06-12T17:52:39+00:00\" \/>\n<meta property=\"og:image\" content=\"https:\/\/cementerioinglesmalaga.org\/wp-content\/uploads\/2019\/06\/ISOLOGO-Principal.png\" \/>\n\t<meta property=\"og:image:width\" content=\"1000\" \/>\n\t<meta property=\"og:image:height\" content=\"650\" \/>\n\t<meta property=\"og:image:type\" content=\"image\/png\" \/>\n<meta name=\"twitter:card\" content=\"summary\" \/>\n<meta name=\"twitter:site\" content=\"@ceminglesmlg\" \/>\n<meta name=\"twitter:label1\" content=\"Est. reading time\" \/>\n\t<meta name=\"twitter:data1\" content=\"2 minutes\" \/>\n<script type=\"application\/ld+json\" class=\"yoast-schema-graph\">{\"@context\":\"https:\/\/schema.org\",\"@graph\":[{\"@type\":\"Organization\",\"@id\":\"https:\/\/cementerioinglesmalaga.org\/#organization\",\"name\":\"Fundaci\u00f3n Cementerio Ingl\u00e9s de M\u00e1laga\",\"url\":\"https:\/\/cementerioinglesmalaga.org\/\",\"sameAs\":[\"https:\/\/facebook.com\/CemIngMalaga\/\",\"https:\/\/twitter.com\/ceminglesmlg\"],\"logo\":{\"@type\":\"ImageObject\",\"inLanguage\":\"en-US\",\"@id\":\"https:\/\/cementerioinglesmalaga.org\/#\/schema\/logo\/image\/\",\"url\":\"https:\/\/cementerioinglesmalaga.org\/wp-content\/uploads\/2017\/07\/escudo-CIM-poli.png\",\"contentUrl\":\"https:\/\/cementerioinglesmalaga.org\/wp-content\/uploads\/2017\/07\/escudo-CIM-poli.png\",\"width\":313,\"height\":313,\"caption\":\"Fundaci\u00f3n Cementerio Ingl\u00e9s de M\u00e1laga\"},\"image\":{\"@id\":\"https:\/\/cementerioinglesmalaga.org\/#\/schema\/logo\/image\/\"}},{\"@type\":\"WebSite\",\"@id\":\"https:\/\/cementerioinglesmalaga.org\/#website\",\"url\":\"https:\/\/cementerioinglesmalaga.org\/\",\"name\":\"Cementerio Ingl\u00e9s de M\u00e1laga\",\"description\":\"P\u00e1gina oficial del primer cementerio protestante de la Espa\u00f1a Peninsular\",\"publisher\":{\"@id\":\"https:\/\/cementerioinglesmalaga.org\/#organization\"},\"potentialAction\":[{\"@type\":\"SearchAction\",\"target\":{\"@type\":\"EntryPoint\",\"urlTemplate\":\"https:\/\/cementerioinglesmalaga.org\/?s={search_term_string}\"},\"query-input\":\"required name=search_term_string\"}],\"inLanguage\":\"en-US\"},{\"@type\":\"WebPage\",\"@id\":\"https:\/\/cementerioinglesmalaga.org\/#webpage\",\"url\":\"https:\/\/cementerioinglesmalaga.org\/\",\"name\":\"[:es]Inicio[:en]Home[:de]Start[:] - Cementerio Ingl\u00e9s de M\u00e1laga\",\"isPartOf\":{\"@id\":\"https:\/\/cementerioinglesmalaga.org\/#website\"},\"datePublished\":\"2016-02-03T04:08:41+00:00\",\"dateModified\":\"2024-06-12T17:52:39+00:00\",\"description\":\"{:es}P\u00e1gina oficial del primer cementerio protestante de la Espa\u00f1a Peninsular{:}\",\"breadcrumb\":{\"@id\":\"https:\/\/cementerioinglesmalaga.org\/#breadcrumb\"},\"inLanguage\":\"en-US\",\"potentialAction\":[{\"@type\":\"ReadAction\",\"target\":[\"https:\/\/cementerioinglesmalaga.org\/\"]}]},{\"@type\":\"BreadcrumbList\",\"@id\":\"https:\/\/cementerioinglesmalaga.org\/#breadcrumb\",\"itemListElement\":[{\"@type\":\"ListItem\",\"position\":1,\"name\":\"Portada\",\"item\":\"https:\/\/cementerioinglesmalaga.org\/\"},{\"@type\":\"ListItem\",\"position\":2,\"name\":\"Home\"}]}]}<\/script>\n<!-- \/ Yoast SEO plugin. -->","yoast_head_json":{"title":"[:es]Inicio[:en]Home[:de]Start[:] - Cementerio Ingl\u00e9s de M\u00e1laga","description":"{:es}P\u00e1gina oficial del primer cementerio protestante de la Espa\u00f1a Peninsular{:}","robots":{"index":"index","follow":"follow","max-snippet":"max-snippet:-1","max-image-preview":"max-image-preview:large","max-video-preview":"max-video-preview:-1"},"canonical":"https:\/\/cementerioinglesmalaga.org\/","og_locale":"en_US","og_type":"article","og_title":"[:es]Inicio[:en]Home[:de]Start[:] - Cementerio Ingl\u00e9s de M\u00e1laga","og_description":"{:es}P\u00e1gina oficial del primer cementerio protestante de la Espa\u00f1a Peninsular{:}","og_url":"https:\/\/cementerioinglesmalaga.org\/","og_site_name":"Cementerio Ingl\u00e9s de M\u00e1laga","article_publisher":"https:\/\/facebook.com\/CemIngMalaga\/","article_modified_time":"2024-06-12T17:52:39+00:00","og_image":[{"width":1000,"height":650,"url":"https:\/\/cementerioinglesmalaga.org\/wp-content\/uploads\/2019\/06\/ISOLOGO-Principal.png","type":"image\/png"}],"twitter_card":"summary","twitter_site":"@ceminglesmlg","twitter_misc":{"Est. reading time":"2 minutes"},"schema":{"@context":"https:\/\/schema.org","@graph":[{"@type":"Organization","@id":"https:\/\/cementerioinglesmalaga.org\/#organization","name":"Fundaci\u00f3n Cementerio Ingl\u00e9s de M\u00e1laga","url":"https:\/\/cementerioinglesmalaga.org\/","sameAs":["https:\/\/facebook.com\/CemIngMalaga\/","https:\/\/twitter.com\/ceminglesmlg"],"logo":{"@type":"ImageObject","inLanguage":"en-US","@id":"https:\/\/cementerioinglesmalaga.org\/#\/schema\/logo\/image\/","url":"https:\/\/cementerioinglesmalaga.org\/wp-content\/uploads\/2017\/07\/escudo-CIM-poli.png","contentUrl":"https:\/\/cementerioinglesmalaga.org\/wp-content\/uploads\/2017\/07\/escudo-CIM-poli.png","width":313,"height":313,"caption":"Fundaci\u00f3n Cementerio Ingl\u00e9s de M\u00e1laga"},"image":{"@id":"https:\/\/cementerioinglesmalaga.org\/#\/schema\/logo\/image\/"}},{"@type":"WebSite","@id":"https:\/\/cementerioinglesmalaga.org\/#website","url":"https:\/\/cementerioinglesmalaga.org\/","name":"Cementerio Ingl\u00e9s de M\u00e1laga","description":"P\u00e1gina oficial del primer cementerio protestante de la Espa\u00f1a Peninsular","publisher":{"@id":"https:\/\/cementerioinglesmalaga.org\/#organization"},"potentialAction":[{"@type":"SearchAction","target":{"@type":"EntryPoint","urlTemplate":"https:\/\/cementerioinglesmalaga.org\/?s={search_term_string}"},"query-input":"required name=search_term_string"}],"inLanguage":"en-US"},{"@type":"WebPage","@id":"https:\/\/cementerioinglesmalaga.org\/#webpage","url":"https:\/\/cementerioinglesmalaga.org\/","name":"[:es]Inicio[:en]Home[:de]Start[:] - Cementerio Ingl\u00e9s de M\u00e1laga","isPartOf":{"@id":"https:\/\/cementerioinglesmalaga.org\/#website"},"datePublished":"2016-02-03T04:08:41+00:00","dateModified":"2024-06-12T17:52:39+00:00","description":"{:es}P\u00e1gina oficial del primer cementerio protestante de la Espa\u00f1a Peninsular{:}","breadcrumb":{"@id":"https:\/\/cementerioinglesmalaga.org\/#breadcrumb"},"inLanguage":"en-US","potentialAction":[{"@type":"ReadAction","target":["https:\/\/cementerioinglesmalaga.org\/"]}]},{"@type":"BreadcrumbList","@id":"https:\/\/cementerioinglesmalaga.org\/#breadcrumb","itemListElement":[{"@type":"ListItem","position":1,"name":"Portada","item":"https:\/\/cementerioinglesmalaga.org\/"},{"@type":"ListItem","position":2,"name":"Home"}]}]}},"_links":{"self":[{"href":"https:\/\/cementerioinglesmalaga.org\/en\/wp-json\/wp\/v2\/pages\/2"}],"collection":[{"href":"https:\/\/cementerioinglesmalaga.org\/en\/wp-json\/wp\/v2\/pages"}],"about":[{"href":"https:\/\/cementerioinglesmalaga.org\/en\/wp-json\/wp\/v2\/types\/page"}],"author":[{"embeddable":true,"href":"https:\/\/cementerioinglesmalaga.org\/en\/wp-json\/wp\/v2\/users\/7"}],"replies":[{"embeddable":true,"href":"https:\/\/cementerioinglesmalaga.org\/en\/wp-json\/wp\/v2\/comments?post=2"}],"version-history":[{"count":123,"href":"https:\/\/cementerioinglesmalaga.org\/en\/wp-json\/wp\/v2\/pages\/2\/revisions"}],"predecessor-version":[{"id":1926,"href":"https:\/\/cementerioinglesmalaga.org\/en\/wp-json\/wp\/v2\/pages\/2\/revisions\/1926"}],"wp:attachment":[{"href":"https:\/\/cementerioinglesmalaga.org\/en\/wp-json\/wp\/v2\/media?parent=2"}],"curies":[{"name":"wp","href":"https:\/\/api.w.org\/{rel}","templated":true}]}}