{"id":29,"date":"2016-03-21T10:35:17","date_gmt":"2016-03-21T08:35:17","guid":{"rendered":"http:\/\/cementerioinglesmalaga.org\/?page_id=29"},"modified":"2023-12-21T15:00:31","modified_gmt":"2023-12-21T13:00:31","slug":"amigos-del-cementerio","status":"publish","type":"page","link":"https:\/\/cementerioinglesmalaga.org\/en\/cementerio\/amigos-del-cementerio\/","title":{"rendered":"Friends of the Cemetery"},"content":{"rendered":"<div class=\"wpb-content-wrapper\"><p>[vc_row][vc_column][vc_column_text]Once the English Cemetery Foundation had been set up, the next step was to create a group of Friends to help meet its aims. The <strong><span style=\"color: #339966;\">\u201cFriends of the English Cemetery\u201d<\/span><\/strong> assist in caring for the cemetery through paying a regular fee and also if they can by contributing their time and expertise.[\/vc_column_text][vc_custom_heading text=&#8221;What are the advantages of being a Friend?&#8221; font_container=&#8221;tag:h5|text_align:left&#8221; use_theme_fonts=&#8221;yes&#8221;][vc_column_text]Friends of the English Cemetery take satisfaction in knowing that they are helping to preserve an important part of Malaga\u2019s history and to maintain, promote and care for an integral part of local culture.<\/p>\n<p>In addition, being a Friend entitles you to<\/p>\n<ul>\n<li><strong><span style=\"color: #339966;\">Free admission<\/span><\/strong> during opening hours on presentation of your member\u2019s card<\/li>\n<li><strong><span style=\"color: #339966;\">A discount<\/span><\/strong> on the price of entry for your companions<\/li>\n<li>A quarterly <strong><span style=\"color: #339966;\">newsletter<\/span><\/strong><\/li>\n<li>Discounts on entry to <strong><span style=\"color: #339966;\">cultural events<\/span><\/strong> organised by the Foundation<\/li>\n<\/ul>\n<p>[\/vc_column_text][vc_custom_heading text=&#8221;How to become a \u201cFriend of the English Cemetery\u201d&#8221; font_container=&#8221;tag:h5|text_align:left&#8221; use_theme_fonts=&#8221;yes&#8221;][vc_column_text]Download and complete our application form from this<strong><span style=\"color: #339966;\"> link<\/span><\/strong>: <strong><a href=\"https:\/\/cementerioinglesmalaga.org\/wp-content\/uploads\/2020\/07\/FORMULARIO-ACIM-English.pdf\">&#8220;Become a Friend&#8221;<\/a><\/strong><\/p>\n<p><span style=\"color: #339966;\"><strong>Send<\/strong><\/span> a signed copy to <a href=\"mailto:amigos@cementerioinglesmalaga.org\">amigos@cementerioinglesmalaga.org<\/a>\u00a0 or bring it to the office in the gatehouse (Avenida de Pries 1)<\/p>\n<p>Once you have made your first donation, your \u201cFriend of the English Cemetery\u201d <strong><span style=\"color: #339966;\">membership card<\/span><\/strong> will be sent to your address.<\/p>\n<p>All donations made to the Foundation are eligible for <strong><span style=\"color: #339966;\">Spanish tax benefits<\/span><\/strong> and tax certificates can be issued on request.[\/vc_column_text][vc_custom_heading text=&#8221;How much does it cost?&#8221; font_container=&#8221;tag:h5|text_align:left&#8221; use_theme_fonts=&#8221;yes&#8221;][vc_column_text]All contributions are very welcome and go towards the maintenance of this historic monument and garden, but to become a Friend we ask for a minimum annual fee of twenty euros.<\/p>\n<p>Children whose parents are both Friends of the English Cemetery can claim free membership until they are 18.[\/vc_column_text][vc_separator color=&#8221;custom&#8221; align=&#8221;align_left&#8221; style=&#8221;double&#8221; accent_color=&#8221;#c6b796&#8243;][vc_custom_heading text=&#8221;Donate 20 euros or more to become a Friend of the English Cemetery for a year&#8221; font_container=&#8221;tag:h5|text_align:left&#8221; use_theme_fonts=&#8221;yes&#8221;][vc_empty_space height=&#8221;2px&#8221;][vc_column_text]<style type=\"text\/css\" media=\"screen\">\n@media only screen and (max-width: 768px) {\n\t.campaign-loop.campaign-grid.masonry { -moz-column-count: 1; -webkit-column-count: 1; column-count: 1; }\n\t.campaign-loop.campaign-grid .campaign,.campaign-loop.campaign-grid .campaign.hentry { width: 100% !important; }\n}\n<\/style>\n\t\t<ol class=\"campaign-loop campaign-grid campaign-grid-2\">\n\n<li id=\"campaign-645\" class=\"post-645 campaign type-campaign status-publish hentry campaign-has-no-goal campaign-is-endless\">\n\t<a href=\"https:\/\/cementerioinglesmalaga.org\/en\/campaigns\/donations-to-the-foundation\/\">\n\t\t\n\t\t<h3>Donations to the Foundation<\/h3>\n\n\t\t\t<\/a>\n\t<div class=\"campaign-description\">\n\t<p>All donations are used for the maintenance and preservation of the cemetery.<\/p>\n<\/div>\n<div class=\"campaign-donation-stats\">\n<span class=\"amount\">&euro;378,00<\/span> donados<\/div>\n<div class=\"campaign-donation\">\n\t<a class=\"button charitable-button donate-button button-primary\"\n\t\thref=\"https:\/\/cementerioinglesmalaga.org\/en\/campaigns\/donations-to-the-foundation\/\"\n\t\taria-label=\"Haz una donaci\u00f3n para Donations to the Foundation\"\n\t>\n\t\tDonar\t<\/a>\n<\/div>\n<\/li>\n<\/ol>\n[\/vc_column_text][\/vc_column][\/vc_row]<\/p>\n<\/div>","protected":false},"excerpt":{"rendered":"<p>[vc_row][vc_column][vc_column_text]Once the English Cemetery Foundation had been set up, the next step was to create a group of Friends to help meet its aims. The \u201cFriends of the English Cemetery\u201d assist in caring for the cemetery through paying a regular fee and also if they can by contributing their time<span class=\"excerpt-hellip\"> [\u2026]<\/span><\/p>\n","protected":false},"author":4,"featured_media":0,"parent":100,"menu_order":3,"comment_status":"closed","ping_status":"closed","template":"","meta":[],"yoast_head":"<!-- This site is optimized with the Yoast SEO plugin v19.1 - https:\/\/yoast.com\/wordpress\/plugins\/seo\/ -->\n<title>Friends of the Cemetery - Cementerio Ingl\u00e9s de M\u00e1laga<\/title>\n<meta name=\"robots\" content=\"index, follow, max-snippet:-1, max-image-preview:large, max-video-preview:-1\" \/>\n<link rel=\"canonical\" href=\"https:\/\/cementerioinglesmalaga.org\/cementerio\/amigos-del-cementerio\/\" \/>\n<meta property=\"og:locale\" content=\"en_US\" \/>\n<meta property=\"og:type\" content=\"article\" \/>\n<meta property=\"og:title\" content=\"[:es]Amigos del Cementerio[:en]Friends of the Cemetery[:de]Der freundeskreis des friedhofs[:] - Cementerio Ingl\u00e9s de M\u00e1laga\" \/>\n<meta property=\"og:description\" content=\"[vc_row][vc_column][vc_column_text]Once the English Cemetery Foundation had been set up, the next step was to create a group of Friends to help meet its aims. The \u201cFriends of the English Cemetery\u201d assist in caring for the cemetery through paying a regular fee and also if they can by contributing their time [\u2026]\" \/>\n<meta property=\"og:url\" content=\"https:\/\/cementerioinglesmalaga.org\/cementerio\/amigos-del-cementerio\/\" \/>\n<meta property=\"og:site_name\" content=\"Cementerio Ingl\u00e9s de M\u00e1laga\" \/>\n<meta property=\"article:publisher\" content=\"https:\/\/facebook.com\/CemIngMalaga\/\" \/>\n<meta property=\"article:modified_time\" content=\"2023-12-21T13:00:31+00:00\" \/>\n<meta property=\"og:image\" content=\"https:\/\/cementerioinglesmalaga.org\/wp-content\/uploads\/2019\/06\/ISOLOGO-Principal.png\" \/>\n\t<meta property=\"og:image:width\" content=\"1000\" \/>\n\t<meta property=\"og:image:height\" content=\"650\" \/>\n\t<meta property=\"og:image:type\" content=\"image\/png\" \/>\n<meta name=\"twitter:card\" content=\"summary\" \/>\n<meta name=\"twitter:site\" content=\"@ceminglesmlg\" \/>\n<meta name=\"twitter:label1\" content=\"Est. reading time\" \/>\n\t<meta name=\"twitter:data1\" content=\"2 minutes\" \/>\n<script type=\"application\/ld+json\" class=\"yoast-schema-graph\">{\"@context\":\"https:\/\/schema.org\",\"@graph\":[{\"@type\":\"Organization\",\"@id\":\"https:\/\/cementerioinglesmalaga.org\/#organization\",\"name\":\"Fundaci\u00f3n Cementerio Ingl\u00e9s de M\u00e1laga\",\"url\":\"https:\/\/cementerioinglesmalaga.org\/\",\"sameAs\":[\"https:\/\/facebook.com\/CemIngMalaga\/\",\"https:\/\/twitter.com\/ceminglesmlg\"],\"logo\":{\"@type\":\"ImageObject\",\"inLanguage\":\"en-US\",\"@id\":\"https:\/\/cementerioinglesmalaga.org\/#\/schema\/logo\/image\/\",\"url\":\"https:\/\/cementerioinglesmalaga.org\/wp-content\/uploads\/2017\/07\/escudo-CIM-poli.png\",\"contentUrl\":\"https:\/\/cementerioinglesmalaga.org\/wp-content\/uploads\/2017\/07\/escudo-CIM-poli.png\",\"width\":313,\"height\":313,\"caption\":\"Fundaci\u00f3n Cementerio Ingl\u00e9s de M\u00e1laga\"},\"image\":{\"@id\":\"https:\/\/cementerioinglesmalaga.org\/#\/schema\/logo\/image\/\"}},{\"@type\":\"WebSite\",\"@id\":\"https:\/\/cementerioinglesmalaga.org\/#website\",\"url\":\"https:\/\/cementerioinglesmalaga.org\/\",\"name\":\"Cementerio Ingl\u00e9s de M\u00e1laga\",\"description\":\"P\u00e1gina oficial del primer cementerio protestante de la Espa\u00f1a Peninsular\",\"publisher\":{\"@id\":\"https:\/\/cementerioinglesmalaga.org\/#organization\"},\"potentialAction\":[{\"@type\":\"SearchAction\",\"target\":{\"@type\":\"EntryPoint\",\"urlTemplate\":\"https:\/\/cementerioinglesmalaga.org\/?s={search_term_string}\"},\"query-input\":\"required name=search_term_string\"}],\"inLanguage\":\"en-US\"},{\"@type\":\"WebPage\",\"@id\":\"https:\/\/cementerioinglesmalaga.org\/cementerio\/amigos-del-cementerio\/#webpage\",\"url\":\"https:\/\/cementerioinglesmalaga.org\/cementerio\/amigos-del-cementerio\/\",\"name\":\"[:es]Amigos del Cementerio[:en]Friends of the Cemetery[:de]Der freundeskreis des friedhofs[:] - Cementerio Ingl\u00e9s de M\u00e1laga\",\"isPartOf\":{\"@id\":\"https:\/\/cementerioinglesmalaga.org\/#website\"},\"datePublished\":\"2016-03-21T08:35:17+00:00\",\"dateModified\":\"2023-12-21T13:00:31+00:00\",\"breadcrumb\":{\"@id\":\"https:\/\/cementerioinglesmalaga.org\/cementerio\/amigos-del-cementerio\/#breadcrumb\"},\"inLanguage\":\"en-US\",\"potentialAction\":[{\"@type\":\"ReadAction\",\"target\":[\"https:\/\/cementerioinglesmalaga.org\/cementerio\/amigos-del-cementerio\/\"]}]},{\"@type\":\"BreadcrumbList\",\"@id\":\"https:\/\/cementerioinglesmalaga.org\/cementerio\/amigos-del-cementerio\/#breadcrumb\",\"itemListElement\":[{\"@type\":\"ListItem\",\"position\":1,\"name\":\"Portada\",\"item\":\"https:\/\/cementerioinglesmalaga.org\/\"},{\"@type\":\"ListItem\",\"position\":2,\"name\":\"Cementerio\",\"item\":\"https:\/\/cementerioinglesmalaga.org\/cementerio\/\"},{\"@type\":\"ListItem\",\"position\":3,\"name\":\"Amigos del Cementerio\"}]}]}<\/script>\n<!-- \/ Yoast SEO plugin. -->","yoast_head_json":{"title":"[:es]Amigos del Cementerio[:en]Friends of the Cemetery[:de]Der freundeskreis des friedhofs[:] - Cementerio Ingl\u00e9s de M\u00e1laga","robots":{"index":"index","follow":"follow","max-snippet":"max-snippet:-1","max-image-preview":"max-image-preview:large","max-video-preview":"max-video-preview:-1"},"canonical":"https:\/\/cementerioinglesmalaga.org\/cementerio\/amigos-del-cementerio\/","og_locale":"en_US","og_type":"article","og_title":"[:es]Amigos del Cementerio[:en]Friends of the Cemetery[:de]Der freundeskreis des friedhofs[:] - Cementerio Ingl\u00e9s de M\u00e1laga","og_description":"[vc_row][vc_column][vc_column_text]Once the English Cemetery Foundation had been set up, the next step was to create a group of Friends to help meet its aims. The \u201cFriends of the English Cemetery\u201d assist in caring for the cemetery through paying a regular fee and also if they can by contributing their time [\u2026]","og_url":"https:\/\/cementerioinglesmalaga.org\/cementerio\/amigos-del-cementerio\/","og_site_name":"Cementerio Ingl\u00e9s de M\u00e1laga","article_publisher":"https:\/\/facebook.com\/CemIngMalaga\/","article_modified_time":"2023-12-21T13:00:31+00:00","og_image":[{"width":1000,"height":650,"url":"https:\/\/cementerioinglesmalaga.org\/wp-content\/uploads\/2019\/06\/ISOLOGO-Principal.png","type":"image\/png"}],"twitter_card":"summary","twitter_site":"@ceminglesmlg","twitter_misc":{"Est. reading time":"2 minutes"},"schema":{"@context":"https:\/\/schema.org","@graph":[{"@type":"Organization","@id":"https:\/\/cementerioinglesmalaga.org\/#organization","name":"Fundaci\u00f3n Cementerio Ingl\u00e9s de M\u00e1laga","url":"https:\/\/cementerioinglesmalaga.org\/","sameAs":["https:\/\/facebook.com\/CemIngMalaga\/","https:\/\/twitter.com\/ceminglesmlg"],"logo":{"@type":"ImageObject","inLanguage":"en-US","@id":"https:\/\/cementerioinglesmalaga.org\/#\/schema\/logo\/image\/","url":"https:\/\/cementerioinglesmalaga.org\/wp-content\/uploads\/2017\/07\/escudo-CIM-poli.png","contentUrl":"https:\/\/cementerioinglesmalaga.org\/wp-content\/uploads\/2017\/07\/escudo-CIM-poli.png","width":313,"height":313,"caption":"Fundaci\u00f3n Cementerio Ingl\u00e9s de M\u00e1laga"},"image":{"@id":"https:\/\/cementerioinglesmalaga.org\/#\/schema\/logo\/image\/"}},{"@type":"WebSite","@id":"https:\/\/cementerioinglesmalaga.org\/#website","url":"https:\/\/cementerioinglesmalaga.org\/","name":"Cementerio Ingl\u00e9s de M\u00e1laga","description":"P\u00e1gina oficial del primer cementerio protestante de la Espa\u00f1a Peninsular","publisher":{"@id":"https:\/\/cementerioinglesmalaga.org\/#organization"},"potentialAction":[{"@type":"SearchAction","target":{"@type":"EntryPoint","urlTemplate":"https:\/\/cementerioinglesmalaga.org\/?s={search_term_string}"},"query-input":"required name=search_term_string"}],"inLanguage":"en-US"},{"@type":"WebPage","@id":"https:\/\/cementerioinglesmalaga.org\/cementerio\/amigos-del-cementerio\/#webpage","url":"https:\/\/cementerioinglesmalaga.org\/cementerio\/amigos-del-cementerio\/","name":"[:es]Amigos del Cementerio[:en]Friends of the Cemetery[:de]Der freundeskreis des friedhofs[:] - Cementerio Ingl\u00e9s de M\u00e1laga","isPartOf":{"@id":"https:\/\/cementerioinglesmalaga.org\/#website"},"datePublished":"2016-03-21T08:35:17+00:00","dateModified":"2023-12-21T13:00:31+00:00","breadcrumb":{"@id":"https:\/\/cementerioinglesmalaga.org\/cementerio\/amigos-del-cementerio\/#breadcrumb"},"inLanguage":"en-US","potentialAction":[{"@type":"ReadAction","target":["https:\/\/cementerioinglesmalaga.org\/cementerio\/amigos-del-cementerio\/"]}]},{"@type":"BreadcrumbList","@id":"https:\/\/cementerioinglesmalaga.org\/cementerio\/amigos-del-cementerio\/#breadcrumb","itemListElement":[{"@type":"ListItem","position":1,"name":"Portada","item":"https:\/\/cementerioinglesmalaga.org\/"},{"@type":"ListItem","position":2,"name":"Cementerio","item":"https:\/\/cementerioinglesmalaga.org\/cementerio\/"},{"@type":"ListItem","position":3,"name":"Amigos del Cementerio"}]}]}},"_links":{"self":[{"href":"https:\/\/cementerioinglesmalaga.org\/en\/wp-json\/wp\/v2\/pages\/29"}],"collection":[{"href":"https:\/\/cementerioinglesmalaga.org\/en\/wp-json\/wp\/v2\/pages"}],"about":[{"href":"https:\/\/cementerioinglesmalaga.org\/en\/wp-json\/wp\/v2\/types\/page"}],"author":[{"embeddable":true,"href":"https:\/\/cementerioinglesmalaga.org\/en\/wp-json\/wp\/v2\/users\/4"}],"replies":[{"embeddable":true,"href":"https:\/\/cementerioinglesmalaga.org\/en\/wp-json\/wp\/v2\/comments?post=29"}],"version-history":[{"count":47,"href":"https:\/\/cementerioinglesmalaga.org\/en\/wp-json\/wp\/v2\/pages\/29\/revisions"}],"predecessor-version":[{"id":1864,"href":"https:\/\/cementerioinglesmalaga.org\/en\/wp-json\/wp\/v2\/pages\/29\/revisions\/1864"}],"up":[{"embeddable":true,"href":"https:\/\/cementerioinglesmalaga.org\/en\/wp-json\/wp\/v2\/pages\/100"}],"wp:attachment":[{"href":"https:\/\/cementerioinglesmalaga.org\/en\/wp-json\/wp\/v2\/media?parent=29"}],"curies":[{"name":"wp","href":"https:\/\/api.w.org\/{rel}","templated":true}]}}