{"id":751,"date":"2017-09-20T12:28:49","date_gmt":"2017-09-20T10:28:49","guid":{"rendered":"http:\/\/cementerioinglesmalaga.org\/?page_id=751"},"modified":"2024-02-27T14:30:49","modified_gmt":"2024-02-27T12:30:49","slug":"area-didactica","status":"publish","type":"page","link":"https:\/\/cementerioinglesmalaga.org\/en\/visitas\/area-didactica\/","title":{"rendered":"Educational Activities"},"content":{"rendered":"<div class=\"wpb-content-wrapper\"><p>[vc_row][vc_column][vc_single_image image=&#8221;279&#8243; img_size=&#8221;large&#8221; css=&#8221;.vc_custom_1497611442779{border-top-width: 6px !important;border-right-width: 6px !important;border-bottom-width: 6px !important;border-left-width: 6px !important;border-left-color: #c6b796 !important;border-left-style: solid !important;border-right-color: #c6b796 !important;border-right-style: solid !important;border-top-color: #c6b796 !important;border-top-style: solid !important;border-bottom-color: #c6b796 !important;border-bottom-style: solid !important;}&#8221;][vc_empty_space height=&#8221;1px&#8221;][vc_custom_heading text=&#8221;EDUCATIONAL ACTIVITIES&#8221; font_container=&#8221;tag:h3|text_align:left&#8221; use_theme_fonts=&#8221;yes&#8221;][vc_column_text]The English Cemetery Foundation offers a series of educational activities for school groups, introducing pupils to the many aspects of the history and culture of Malaga which are exemplified within the cemetery\u2019s walls.<\/p>\n<p>Active participation and engagement are encouraged and the materials are adapted for each age group and the appropriate school curriculum. By learning about the history of the cemetery, pupils acquire a greater knowledge of, and interest in, the history of the city as a whole.<\/p>\n<p>Activities are presented in either English or Spanish and are adjusted to the particular needs of the group.<\/p>\n<p>The following are some of the main activities on offer. Please contact us for more details.[\/vc_column_text][vc_separator color=&#8221;custom&#8221; style=&#8221;double&#8221; accent_color=&#8221;#c6b796&#8243;][vc_custom_heading text=&#8221;ACTIVITIES&#8221; font_container=&#8221;tag:h3|text_align:left&#8221; use_theme_fonts=&#8221;yes&#8221;][vc_custom_heading text=&#8221;SELF-GUIDED TOUR&#8221; font_container=&#8221;tag:h4|text_align:left|color:%23ffffff&#8221; use_theme_fonts=&#8221;yes&#8221; css=&#8221;.vc_custom_1561977248466{padding-top: 20px !important;padding-right: 20px !important;padding-bottom: 20px !important;padding-left: 20px !important;background-color: #997e43 !important;}&#8221;][vc_column_text]Group entry to the English Cemetery.<\/p>\n<ul>\n<li><strong><em>Duration:<\/em><\/strong><em> Unrestricted, during opening hours<\/em><\/li>\n<li><strong><em>Number of pupils:<\/em><\/strong><em> Up to 50<\/em><\/li>\n<li><strong><em>Price:<\/em><\/strong><em> 2.50 \u20ac per pupil. Free entry for teachers<\/em><\/li>\n<\/ul>\n<p>[\/vc_column_text][vc_empty_space height=&#8221;1px&#8221;][vc_custom_heading text=&#8221;GUIDED TOUR&#8221; font_container=&#8221;tag:h4|text_align:left|color:%23ffffff&#8221; use_theme_fonts=&#8221;yes&#8221; css=&#8221;.vc_custom_1561977261513{padding-top: 20px !important;padding-right: 20px !important;padding-bottom: 20px !important;padding-left: 20px !important;background-color: #997e43 !important;}&#8221;][vc_column_text]A guide shows the group round the English Cemetery, recounting the stories of the people who are buried there and pointing out connections with the history of the city.<\/p>\n<ul>\n<li><strong><em>Duration:<\/em><\/strong><em> 1 hour<\/em><\/li>\n<li><strong><em>Group<\/em><\/strong> <strong><em>size:<\/em><\/strong><em> Between 15 and 30 people<\/em><\/li>\n<li><strong><em>Pr<\/em><\/strong><strong><em>ice<\/em><\/strong><strong><em>:<\/em><\/strong><em> 3\u20ac per pupil. Free for teachers<\/em><\/li>\n<\/ul>\n<p>[\/vc_column_text][vc_empty_space height=&#8221;1px&#8221;][vc_custom_heading text=&#8221;ACTIVE TOUR \u2022 The English Cemetery Game&#8221; font_container=&#8221;tag:h4|text_align:left|color:%23ffffff&#8221; use_theme_fonts=&#8221;yes&#8221; css=&#8221;.vc_custom_1561977419904{padding-top: 20px !important;padding-right: 20px !important;padding-bottom: 20px !important;padding-left: 20px !important;background-color: #997e43 !important;}&#8221;][vc_column_text]By engaging actively in this game, pupils and students learn not only about the history of the English Cemetery but also about its connections with the city of Malaga. The activity involves skills such as team work and time management along with observation and association of ideas.<\/p>\n<p>As part of this workshop, associations are made between important episodes in the history of Malaga in the 19th and 20th centuries and the people who are buried in the cemetery, with particular reference to the various mottoes on the city\u2019s coat of arms.<\/p>\n<ul>\n<li><strong><em>Duration:<\/em><\/strong><em>\u00a090 minutes<\/em><\/li>\n<li><strong><em>Number of participants:<\/em><\/strong><em> Between 20 and 30<\/em><\/li>\n<li><strong><em>Price:<\/em><\/strong><em>\u00a03\u20ac per pupil. Free for teachers<\/em><\/li>\n<\/ul>\n<p>[\/vc_column_text][vc_empty_space height=&#8221;1px&#8221;][vc_separator color=&#8221;custom&#8221; style=&#8221;double&#8221; accent_color=&#8221;#c6b796&#8243;][vc_custom_heading text=&#8221;PLEASE NOTE&#8221; font_container=&#8221;tag:h3|text_align:left&#8221; use_theme_fonts=&#8221;yes&#8221;][vc_column_text css=&#8221;.vc_custom_1562056566735{padding-top: 20px !important;padding-right: 20px !important;padding-bottom: 20px !important;padding-left: 20px !important;background-color: #0a4a35 !important;}&#8221;]<\/p>\n<ul>\n<li><span style=\"color: #ffffff;\">Each activity has been designed for groups of a certain size, and this must be adhered to.<\/span><\/li>\n<li><span style=\"color: #ffffff;\">All activities can be undertaken in English or Spanish.<\/span><\/li>\n<li><span style=\"color: #ffffff;\">There is no charge for teachers accompanying the groups.<\/span><\/li>\n<li><span style=\"color: #ffffff;\">Dates subject to availability. Please contact us via the online form to reserve a date.<\/span><\/li>\n<li><span style=\"color: #ffffff;\">Teachers are welcome to propose certain topics or activities to suit their group, in consultation with the staff at the English Cemetery.<\/span><\/li>\n<\/ul>\n<p>[\/vc_column_text][vc_empty_space height=&#8221;1px&#8221;][vc_separator color=&#8221;custom&#8221; style=&#8221;double&#8221; accent_color=&#8221;#c6b796&#8243;][vc_custom_heading text=&#8221;WHERE ARE WE?&#8221; font_container=&#8221;tag:h3|text_align:left&#8221; use_theme_fonts=&#8221;yes&#8221;][vc_column_text]The address of the English Cemetery in Malaga is number 1, Avenida de Pries, just behind the Miramar Hotel at the end of the Paseo de Reding. It is a five minute walk from the Pompidou\u00a0 Centre or 15 minutes from Calle Larios, making it an ideal place to start or end a school visit to the historic city centre.[\/vc_column_text][vc_btn title=&#8221;OPEN MAP&#8221; style=&#8221;flat&#8221; color=&#8221;success&#8221; align=&#8221;left&#8221; link=&#8221;url:https%3A%2F%2Fwww.google.es%2Fmaps%2Fplace%2FCementerio%2Bingl%25C3%25A9s%2F%4036.7213609%2C-4.4090071%2C17z%2Fdata%3D!3m1!4b1!4m5!3m4!1s0xd72f7e7ef3083cb%3A0x71b05d9b52875d0c!8m2!3d36.7213609!4d-4.4068184%3Fhl%3Des||target:%20_blank|&#8221; el_class=&#8221;boton-marron&#8221;][vc_column_text]<em>If you are coming by coach, we recommend you alight at the end of Calle Cervantes, next to the bull ring.\u00a0 <\/em><\/p>\n<p><em>If you are coming on the city bus, get off at the Hotel Miramar stop (heading east) or at Avda de Pries, Cementerio Ingl\u00e9s, right out the cemetery gate, if heading west. (The 3 and the 11 both cover this route).<\/em>[\/vc_column_text][\/vc_column][\/vc_row]<\/p>\n<\/div>","protected":false},"excerpt":{"rendered":"<p>[vc_row][vc_column][vc_single_image image=&#8221;279&#8243; img_size=&#8221;large&#8221; css=&#8221;.vc_custom_1497611442779{border-top-width: 6px !important;border-right-width: 6px !important;border-bottom-width: 6px !important;border-left-width: 6px !important;border-left-color: #c6b796 !important;border-left-style: solid !important;border-right-color: #c6b796 !important;border-right-style: solid !important;border-top-color: #c6b796 !important;border-top-style: solid !important;border-bottom-color: #c6b796 !important;border-bottom-style: solid !important;}&#8221;][vc_empty_space height=&#8221;1px&#8221;][vc_custom_heading text=&#8221;EDUCATIONAL ACTIVITIES&#8221; font_container=&#8221;tag:h3|text_align:left&#8221; use_theme_fonts=&#8221;yes&#8221;][vc_column_text]The English Cemetery Foundation offers a series of educational activities for school groups, introducing pupils to the many<span class=\"excerpt-hellip\"> [\u2026]<\/span><\/p>\n","protected":false},"author":4,"featured_media":0,"parent":14,"menu_order":2,"comment_status":"closed","ping_status":"closed","template":"","meta":[],"yoast_head":"<!-- This site is optimized with the Yoast SEO plugin v19.1 - https:\/\/yoast.com\/wordpress\/plugins\/seo\/ -->\n<title><\/title>\n<meta name=\"description\" content=\"{:es}Si est\u00e1s interesado\/a en que tu clase visite el Cementerio Ingl\u00e9s de M\u00e1laga, inf\u00f3rmate aqu\u00ed de la oferta de actividades educativas de la Fundaci\u00f3n.{:}\" \/>\n<meta name=\"robots\" content=\"index, follow, max-snippet:-1, max-image-preview:large, max-video-preview:-1\" \/>\n<link rel=\"canonical\" href=\"https:\/\/cementerioinglesmalaga.org\/visitas\/area-didactica\/\" \/>\n<meta property=\"og:locale\" content=\"en_US\" \/>\n<meta property=\"og:type\" content=\"article\" \/>\n<meta property=\"og:title\" content=\"[:es]\u00c1rea Did\u00e1ctica \u00b7 Visitas al Cementerio Ingl\u00e9s de M\u00e1laga[:]\" \/>\n<meta property=\"og:description\" content=\"{:es}Si est\u00e1s interesado\/a en que tu clase visite el Cementerio Ingl\u00e9s de M\u00e1laga, inf\u00f3rmate aqu\u00ed de la oferta de actividades educativas de la Fundaci\u00f3n.{:}\" \/>\n<meta property=\"og:url\" content=\"https:\/\/cementerioinglesmalaga.org\/visitas\/area-didactica\/\" \/>\n<meta property=\"og:site_name\" content=\"Cementerio Ingl\u00e9s de M\u00e1laga\" \/>\n<meta property=\"article:publisher\" content=\"https:\/\/facebook.com\/CemIngMalaga\/\" \/>\n<meta property=\"article:modified_time\" content=\"2024-02-27T12:30:49+00:00\" \/>\n<meta property=\"og:image\" content=\"https:\/\/cementerioinglesmalaga.org\/wp-content\/uploads\/2019\/06\/ISOLOGO-Principal.png\" \/>\n\t<meta property=\"og:image:width\" content=\"1000\" \/>\n\t<meta property=\"og:image:height\" content=\"650\" \/>\n\t<meta property=\"og:image:type\" content=\"image\/png\" \/>\n<meta name=\"twitter:card\" content=\"summary\" \/>\n<meta name=\"twitter:site\" content=\"@ceminglesmlg\" \/>\n<meta name=\"twitter:label1\" content=\"Est. reading time\" \/>\n\t<meta name=\"twitter:data1\" content=\"4 minutes\" \/>\n<script type=\"application\/ld+json\" class=\"yoast-schema-graph\">{\"@context\":\"https:\/\/schema.org\",\"@graph\":[{\"@type\":\"Organization\",\"@id\":\"https:\/\/cementerioinglesmalaga.org\/#organization\",\"name\":\"Fundaci\u00f3n Cementerio Ingl\u00e9s de M\u00e1laga\",\"url\":\"https:\/\/cementerioinglesmalaga.org\/\",\"sameAs\":[\"https:\/\/facebook.com\/CemIngMalaga\/\",\"https:\/\/twitter.com\/ceminglesmlg\"],\"logo\":{\"@type\":\"ImageObject\",\"inLanguage\":\"en-US\",\"@id\":\"https:\/\/cementerioinglesmalaga.org\/#\/schema\/logo\/image\/\",\"url\":\"https:\/\/cementerioinglesmalaga.org\/wp-content\/uploads\/2017\/07\/escudo-CIM-poli.png\",\"contentUrl\":\"https:\/\/cementerioinglesmalaga.org\/wp-content\/uploads\/2017\/07\/escudo-CIM-poli.png\",\"width\":313,\"height\":313,\"caption\":\"Fundaci\u00f3n Cementerio Ingl\u00e9s de M\u00e1laga\"},\"image\":{\"@id\":\"https:\/\/cementerioinglesmalaga.org\/#\/schema\/logo\/image\/\"}},{\"@type\":\"WebSite\",\"@id\":\"https:\/\/cementerioinglesmalaga.org\/#website\",\"url\":\"https:\/\/cementerioinglesmalaga.org\/\",\"name\":\"Cementerio Ingl\u00e9s de M\u00e1laga\",\"description\":\"P\u00e1gina oficial del primer cementerio protestante de la Espa\u00f1a Peninsular\",\"publisher\":{\"@id\":\"https:\/\/cementerioinglesmalaga.org\/#organization\"},\"potentialAction\":[{\"@type\":\"SearchAction\",\"target\":{\"@type\":\"EntryPoint\",\"urlTemplate\":\"https:\/\/cementerioinglesmalaga.org\/?s={search_term_string}\"},\"query-input\":\"required name=search_term_string\"}],\"inLanguage\":\"en-US\"},{\"@type\":\"WebPage\",\"@id\":\"https:\/\/cementerioinglesmalaga.org\/visitas\/area-didactica\/#webpage\",\"url\":\"https:\/\/cementerioinglesmalaga.org\/visitas\/area-didactica\/\",\"name\":\"[:es]\u00c1rea Did\u00e1ctica \u00b7 Visitas al Cementerio Ingl\u00e9s de M\u00e1laga[:]\",\"isPartOf\":{\"@id\":\"https:\/\/cementerioinglesmalaga.org\/#website\"},\"datePublished\":\"2017-09-20T10:28:49+00:00\",\"dateModified\":\"2024-02-27T12:30:49+00:00\",\"description\":\"{:es}Si est\u00e1s interesado\/a en que tu clase visite el Cementerio Ingl\u00e9s de M\u00e1laga, inf\u00f3rmate aqu\u00ed de la oferta de actividades educativas de la Fundaci\u00f3n.{:}\",\"breadcrumb\":{\"@id\":\"https:\/\/cementerioinglesmalaga.org\/visitas\/area-didactica\/#breadcrumb\"},\"inLanguage\":\"en-US\",\"potentialAction\":[{\"@type\":\"ReadAction\",\"target\":[\"https:\/\/cementerioinglesmalaga.org\/visitas\/area-didactica\/\"]}]},{\"@type\":\"BreadcrumbList\",\"@id\":\"https:\/\/cementerioinglesmalaga.org\/visitas\/area-didactica\/#breadcrumb\",\"itemListElement\":[{\"@type\":\"ListItem\",\"position\":1,\"name\":\"Portada\",\"item\":\"https:\/\/cementerioinglesmalaga.org\/\"},{\"@type\":\"ListItem\",\"position\":2,\"name\":\"Horarios y Tarifas\",\"item\":\"https:\/\/cementerioinglesmalaga.org\/visitas\/\"},{\"@type\":\"ListItem\",\"position\":3,\"name\":\"Educational Activities\"}]}]}<\/script>\n<!-- \/ Yoast SEO plugin. -->","yoast_head_json":{"title":"[:es]\u00c1rea Did\u00e1ctica \u00b7 Visitas al Cementerio Ingl\u00e9s de M\u00e1laga[:]","description":"{:es}Si est\u00e1s interesado\/a en que tu clase visite el Cementerio Ingl\u00e9s de M\u00e1laga, inf\u00f3rmate aqu\u00ed de la oferta de actividades educativas de la Fundaci\u00f3n.{:}","robots":{"index":"index","follow":"follow","max-snippet":"max-snippet:-1","max-image-preview":"max-image-preview:large","max-video-preview":"max-video-preview:-1"},"canonical":"https:\/\/cementerioinglesmalaga.org\/visitas\/area-didactica\/","og_locale":"en_US","og_type":"article","og_title":"[:es]\u00c1rea Did\u00e1ctica \u00b7 Visitas al Cementerio Ingl\u00e9s de M\u00e1laga[:]","og_description":"{:es}Si est\u00e1s interesado\/a en que tu clase visite el Cementerio Ingl\u00e9s de M\u00e1laga, inf\u00f3rmate aqu\u00ed de la oferta de actividades educativas de la Fundaci\u00f3n.{:}","og_url":"https:\/\/cementerioinglesmalaga.org\/visitas\/area-didactica\/","og_site_name":"Cementerio Ingl\u00e9s de M\u00e1laga","article_publisher":"https:\/\/facebook.com\/CemIngMalaga\/","article_modified_time":"2024-02-27T12:30:49+00:00","og_image":[{"width":1000,"height":650,"url":"https:\/\/cementerioinglesmalaga.org\/wp-content\/uploads\/2019\/06\/ISOLOGO-Principal.png","type":"image\/png"}],"twitter_card":"summary","twitter_site":"@ceminglesmlg","twitter_misc":{"Est. reading time":"4 minutes"},"schema":{"@context":"https:\/\/schema.org","@graph":[{"@type":"Organization","@id":"https:\/\/cementerioinglesmalaga.org\/#organization","name":"Fundaci\u00f3n Cementerio Ingl\u00e9s de M\u00e1laga","url":"https:\/\/cementerioinglesmalaga.org\/","sameAs":["https:\/\/facebook.com\/CemIngMalaga\/","https:\/\/twitter.com\/ceminglesmlg"],"logo":{"@type":"ImageObject","inLanguage":"en-US","@id":"https:\/\/cementerioinglesmalaga.org\/#\/schema\/logo\/image\/","url":"https:\/\/cementerioinglesmalaga.org\/wp-content\/uploads\/2017\/07\/escudo-CIM-poli.png","contentUrl":"https:\/\/cementerioinglesmalaga.org\/wp-content\/uploads\/2017\/07\/escudo-CIM-poli.png","width":313,"height":313,"caption":"Fundaci\u00f3n Cementerio Ingl\u00e9s de M\u00e1laga"},"image":{"@id":"https:\/\/cementerioinglesmalaga.org\/#\/schema\/logo\/image\/"}},{"@type":"WebSite","@id":"https:\/\/cementerioinglesmalaga.org\/#website","url":"https:\/\/cementerioinglesmalaga.org\/","name":"Cementerio Ingl\u00e9s de M\u00e1laga","description":"P\u00e1gina oficial del primer cementerio protestante de la Espa\u00f1a Peninsular","publisher":{"@id":"https:\/\/cementerioinglesmalaga.org\/#organization"},"potentialAction":[{"@type":"SearchAction","target":{"@type":"EntryPoint","urlTemplate":"https:\/\/cementerioinglesmalaga.org\/?s={search_term_string}"},"query-input":"required name=search_term_string"}],"inLanguage":"en-US"},{"@type":"WebPage","@id":"https:\/\/cementerioinglesmalaga.org\/visitas\/area-didactica\/#webpage","url":"https:\/\/cementerioinglesmalaga.org\/visitas\/area-didactica\/","name":"[:es]\u00c1rea Did\u00e1ctica \u00b7 Visitas al Cementerio Ingl\u00e9s de M\u00e1laga[:]","isPartOf":{"@id":"https:\/\/cementerioinglesmalaga.org\/#website"},"datePublished":"2017-09-20T10:28:49+00:00","dateModified":"2024-02-27T12:30:49+00:00","description":"{:es}Si est\u00e1s interesado\/a en que tu clase visite el Cementerio Ingl\u00e9s de M\u00e1laga, inf\u00f3rmate aqu\u00ed de la oferta de actividades educativas de la Fundaci\u00f3n.{:}","breadcrumb":{"@id":"https:\/\/cementerioinglesmalaga.org\/visitas\/area-didactica\/#breadcrumb"},"inLanguage":"en-US","potentialAction":[{"@type":"ReadAction","target":["https:\/\/cementerioinglesmalaga.org\/visitas\/area-didactica\/"]}]},{"@type":"BreadcrumbList","@id":"https:\/\/cementerioinglesmalaga.org\/visitas\/area-didactica\/#breadcrumb","itemListElement":[{"@type":"ListItem","position":1,"name":"Portada","item":"https:\/\/cementerioinglesmalaga.org\/"},{"@type":"ListItem","position":2,"name":"Horarios y Tarifas","item":"https:\/\/cementerioinglesmalaga.org\/visitas\/"},{"@type":"ListItem","position":3,"name":"Educational Activities"}]}]}},"_links":{"self":[{"href":"https:\/\/cementerioinglesmalaga.org\/en\/wp-json\/wp\/v2\/pages\/751"}],"collection":[{"href":"https:\/\/cementerioinglesmalaga.org\/en\/wp-json\/wp\/v2\/pages"}],"about":[{"href":"https:\/\/cementerioinglesmalaga.org\/en\/wp-json\/wp\/v2\/types\/page"}],"author":[{"embeddable":true,"href":"https:\/\/cementerioinglesmalaga.org\/en\/wp-json\/wp\/v2\/users\/4"}],"replies":[{"embeddable":true,"href":"https:\/\/cementerioinglesmalaga.org\/en\/wp-json\/wp\/v2\/comments?post=751"}],"version-history":[{"count":19,"href":"https:\/\/cementerioinglesmalaga.org\/en\/wp-json\/wp\/v2\/pages\/751\/revisions"}],"predecessor-version":[{"id":1873,"href":"https:\/\/cementerioinglesmalaga.org\/en\/wp-json\/wp\/v2\/pages\/751\/revisions\/1873"}],"up":[{"embeddable":true,"href":"https:\/\/cementerioinglesmalaga.org\/en\/wp-json\/wp\/v2\/pages\/14"}],"wp:attachment":[{"href":"https:\/\/cementerioinglesmalaga.org\/en\/wp-json\/wp\/v2\/media?parent=751"}],"curies":[{"name":"wp","href":"https:\/\/api.w.org\/{rel}","templated":true}]}}