{"id":937,"date":"2019-01-08T14:04:41","date_gmt":"2019-01-08T12:04:41","guid":{"rendered":"https:\/\/cementerioinglesmalaga.org\/?page_id=937"},"modified":"2021-08-02T16:08:16","modified_gmt":"2021-08-02T14:08:16","slug":"servicios-funerarios","status":"publish","type":"page","link":"https:\/\/cementerioinglesmalaga.org\/en\/cementerio\/servicios-funerarios\/","title":{"rendered":"Funeral Services"},"content":{"rendered":"<div class=\"wpb-content-wrapper\"><p>[vc_row][vc_column][vc_single_image image=&#8221;155&#8243; img_size=&#8221;full&#8221;][vc_custom_heading text=&#8221;FUNERARY SERVICES&#8221; font_container=&#8221;tag:h5|text_align:left&#8221; use_theme_fonts=&#8221;yes&#8221;][vc_column_text]William Mark\u2019s purpose in creating the <span style=\"color: #339966;\"><strong>English Cemetery<\/strong><\/span> was to provide a peaceful and dignified burial site for British Subjects who died within his Consular jurisdiction. Shortly after its inauguration, it was opened to Protestants of all nationalities and in the 1950 this was extended to those of the|Roman Catholic or other faiths. During the 190 years of its existence over a thousand persons of all nationalities and faiths have chosen the English Cemetery in Malaga as their final resting place. The English Cemetery in Malaga Foundation strives to continue offering this service to the communities of the Costa del Sol within the constraints imposed by space and modern day funerary practices.[\/vc_column_text][vc_custom_heading text=&#8221;OPTIONS AVAILABLE&#8221; font_container=&#8221;tag:h5|text_align:left&#8221; use_theme_fonts=&#8221;yes&#8221;][vc_column_text]Given that the cemetery is registered as an asset of historic and cultural interest (Bien de Interes Cultural), the cemetery can only accept cremated remains.<\/p>\n<p>The cemetery currently offers two alternatives for the deposit of ashes:<\/p>\n<ol>\n<li><strong><em>Columbarium on a wall: <\/em><\/strong><em>Integrated into the vertical garden, the Foundation offers the possibility of depositing the remains of your loved ones in this unique space of the cemetery.<\/em><\/li>\n<li><strong><em> Columbarium in the ground: <\/em><\/strong><em>Respecting the pre-existing styles, burials of this type can be made in different terrace of the cemetery where space permits.<\/em><\/li>\n<\/ol>\n<p>Facilities are available for the Advance Purchase, including purchase by installments.[\/vc_column_text][vc_separator][\/vc_column][\/vc_row][vc_row][vc_column width=&#8221;1\/2&#8243;]<div class=\"team team_vertical\"><div class=\"image_frame photo no_link scale-with-grid\"><div class=\"image_wrapper\"><img class=\"scale-with-grid\" src=\"https:\/\/cementerioinglesmalaga.org\/wp-content\/uploads\/2021\/02\/Columbario-01.jpg\" alt=\"Columbario 01\" width=\"1772\" height=\"1772\"\/><\/div><\/div><div class=\"desc_wrapper clearfix\"><h4 class=\"desc_wrappper_title\">Columbarium on a wall<\/h4><hr class=\"hr_color\" \/><div class=\"desc\"><\/div><\/div><\/div>\n[\/vc_column][vc_column width=&#8221;1\/2&#8243;]<div class=\"team team_vertical\"><div class=\"image_frame photo no_link scale-with-grid\"><div class=\"image_wrapper\"><img class=\"scale-with-grid\" src=\"https:\/\/cementerioinglesmalaga.org\/wp-content\/uploads\/2021\/02\/Columbario-02.jpg\" alt=\"Columbario 02\" width=\"1772\" height=\"1772\"\/><\/div><\/div><div class=\"desc_wrapper clearfix\"><h4 class=\"desc_wrappper_title\">Columbarium in the ground<\/h4><hr class=\"hr_color\" \/><div class=\"desc\"><\/div><\/div><\/div>\n[\/vc_column][\/vc_row][vc_row][vc_column][vc_separator][vc_custom_heading text=&#8221;CURRENT PRICES&#8221; font_container=&#8221;tag:h5|text_align:left&#8221; use_theme_fonts=&#8221;yes&#8221;][vc_column_text]Lease of a columbarium <span style=\"color: #339966;\"><strong>in the wall<\/strong><\/span> (25 years) \u00b7 995.00 \u20ac<\/p>\n<p>Lease of a columbarium <span style=\"color: #339966;\"><strong>in the wall<\/strong><\/span> (50 years) \u00b7 1895.00 \u20ac<\/p>\n<p>Lease of a columbarium <span style=\"color: #339966;\"><strong>in the wall<\/strong><\/span> (75 years) \u00b7 2795.00 \u20ac<\/p>\n<p>&nbsp;<\/p>\n<p>Lease of a columbarium<span style=\"color: #339966;\"><strong> in the ground<\/strong><\/span> (25 years) \u00b7 895.00 \u20ac<\/p>\n<p>Lease of a columbarium<span style=\"color: #339966;\"><strong> in the ground<\/strong><\/span> (50 years) \u00b7 1795.00 \u20ac<\/p>\n<p>Lease of a columbarium<span style=\"color: #339966;\"><strong> in the ground<\/strong><\/span> (75 years) \u00b7 2595.00 \u20ac<\/p>\n<p>&nbsp;<\/p>\n<p><em>Prices do not include taxes or general services costs, details of which will be provide upon application. Further information regarding types and designs of columbarium\u2019s, cemetery regulations etc. are available on application.\u00a0\u00a0\u00a0\u00a0\u00a0\u00a0\u00a0\u00a0\u00a0\u00a0\u00a0<\/em>[\/vc_column_text][vc_separator][vc_custom_heading text=&#8221;CONTACT US&#8221; font_container=&#8221;tag:h5|text_align:left&#8221; use_theme_fonts=&#8221;yes&#8221;][vc_column_text]Are you interested in <span style=\"color: #339966;\"><strong>acquirin<\/strong><strong>g<\/strong><\/span> any of our Burial Units? If so, contact us through <strong><span style=\"color: #339966;\">our web form<\/span><\/strong> from Monday to Friday so that we can respond directly.[\/vc_column_text][\/vc_column][\/vc_row]<\/p>\n<\/div>","protected":false},"excerpt":{"rendered":"<p>[vc_row][vc_column][vc_single_image image=&#8221;155&#8243; img_size=&#8221;full&#8221;][vc_custom_heading text=&#8221;FUNERARY SERVICES&#8221; font_container=&#8221;tag:h5|text_align:left&#8221; use_theme_fonts=&#8221;yes&#8221;][vc_column_text]William Mark\u2019s purpose in creating the English Cemetery was to provide a peaceful and dignified burial site for British Subjects who died within his Consular jurisdiction. Shortly after its inauguration, it was opened to Protestants of all nationalities and in the 1950 this was<span class=\"excerpt-hellip\"> [\u2026]<\/span><\/p>\n","protected":false},"author":4,"featured_media":151,"parent":100,"menu_order":3,"comment_status":"closed","ping_status":"closed","template":"","meta":[],"yoast_head":"<!-- This site is optimized with the Yoast SEO plugin v19.1 - https:\/\/yoast.com\/wordpress\/plugins\/seo\/ -->\n<title>Funeral Services - Cementerio Ingl\u00e9s de M\u00e1laga<\/title>\n<meta name=\"robots\" content=\"index, follow, max-snippet:-1, max-image-preview:large, max-video-preview:-1\" \/>\n<link rel=\"canonical\" href=\"https:\/\/cementerioinglesmalaga.org\/cementerio\/servicios-funerarios\/\" \/>\n<meta property=\"og:locale\" content=\"en_US\" \/>\n<meta property=\"og:type\" content=\"article\" \/>\n<meta property=\"og:title\" content=\"[:es]Servicios Funerarios[:en]Funeral Services[:de]Bestattungs - Dienstleistungen[:] - Cementerio Ingl\u00e9s de M\u00e1laga\" \/>\n<meta property=\"og:description\" content=\"[vc_row][vc_column][vc_single_image image=&#8221;155&#8243; img_size=&#8221;full&#8221;][vc_custom_heading text=&#8221;FUNERARY SERVICES&#8221; font_container=&#8221;tag:h5|text_align:left&#8221; use_theme_fonts=&#8221;yes&#8221;][vc_column_text]William Mark\u2019s purpose in creating the English Cemetery was to provide a peaceful and dignified burial site for British Subjects who died within his Consular jurisdiction. Shortly after its inauguration, it was opened to Protestants of all nationalities and in the 1950 this was [\u2026]\" \/>\n<meta property=\"og:url\" content=\"https:\/\/cementerioinglesmalaga.org\/cementerio\/servicios-funerarios\/\" \/>\n<meta property=\"og:site_name\" content=\"Cementerio Ingl\u00e9s de M\u00e1laga\" \/>\n<meta property=\"article:publisher\" content=\"https:\/\/facebook.com\/CemIngMalaga\/\" \/>\n<meta property=\"article:modified_time\" content=\"2021-08-02T14:08:16+00:00\" \/>\n<meta property=\"og:image\" content=\"https:\/\/cementerioinglesmalaga.org\/wp-content\/uploads\/2017\/06\/slide-3.jpg\" \/>\n\t<meta property=\"og:image:width\" content=\"1600\" \/>\n\t<meta property=\"og:image:height\" content=\"1066\" \/>\n\t<meta property=\"og:image:type\" content=\"image\/jpeg\" \/>\n<meta name=\"twitter:card\" content=\"summary\" \/>\n<meta name=\"twitter:site\" content=\"@ceminglesmlg\" \/>\n<meta name=\"twitter:label1\" content=\"Est. reading time\" \/>\n\t<meta name=\"twitter:data1\" content=\"2 minutes\" \/>\n<script type=\"application\/ld+json\" class=\"yoast-schema-graph\">{\"@context\":\"https:\/\/schema.org\",\"@graph\":[{\"@type\":\"Organization\",\"@id\":\"https:\/\/cementerioinglesmalaga.org\/#organization\",\"name\":\"Fundaci\u00f3n Cementerio Ingl\u00e9s de M\u00e1laga\",\"url\":\"https:\/\/cementerioinglesmalaga.org\/\",\"sameAs\":[\"https:\/\/facebook.com\/CemIngMalaga\/\",\"https:\/\/twitter.com\/ceminglesmlg\"],\"logo\":{\"@type\":\"ImageObject\",\"inLanguage\":\"en-US\",\"@id\":\"https:\/\/cementerioinglesmalaga.org\/#\/schema\/logo\/image\/\",\"url\":\"https:\/\/cementerioinglesmalaga.org\/wp-content\/uploads\/2017\/07\/escudo-CIM-poli.png\",\"contentUrl\":\"https:\/\/cementerioinglesmalaga.org\/wp-content\/uploads\/2017\/07\/escudo-CIM-poli.png\",\"width\":313,\"height\":313,\"caption\":\"Fundaci\u00f3n Cementerio Ingl\u00e9s de M\u00e1laga\"},\"image\":{\"@id\":\"https:\/\/cementerioinglesmalaga.org\/#\/schema\/logo\/image\/\"}},{\"@type\":\"WebSite\",\"@id\":\"https:\/\/cementerioinglesmalaga.org\/#website\",\"url\":\"https:\/\/cementerioinglesmalaga.org\/\",\"name\":\"Cementerio Ingl\u00e9s de M\u00e1laga\",\"description\":\"P\u00e1gina oficial del primer cementerio protestante de la Espa\u00f1a Peninsular\",\"publisher\":{\"@id\":\"https:\/\/cementerioinglesmalaga.org\/#organization\"},\"potentialAction\":[{\"@type\":\"SearchAction\",\"target\":{\"@type\":\"EntryPoint\",\"urlTemplate\":\"https:\/\/cementerioinglesmalaga.org\/?s={search_term_string}\"},\"query-input\":\"required name=search_term_string\"}],\"inLanguage\":\"en-US\"},{\"@type\":\"ImageObject\",\"inLanguage\":\"en-US\",\"@id\":\"https:\/\/cementerioinglesmalaga.org\/cementerio\/servicios-funerarios\/#primaryimage\",\"url\":\"https:\/\/cementerioinglesmalaga.org\/wp-content\/uploads\/2017\/06\/slide-3.jpg\",\"contentUrl\":\"https:\/\/cementerioinglesmalaga.org\/wp-content\/uploads\/2017\/06\/slide-3.jpg\",\"width\":1600,\"height\":1066,\"caption\":\"Cementerio Ingl\u00e9s de M\u00e1laga - 3\"},{\"@type\":\"WebPage\",\"@id\":\"https:\/\/cementerioinglesmalaga.org\/cementerio\/servicios-funerarios\/#webpage\",\"url\":\"https:\/\/cementerioinglesmalaga.org\/cementerio\/servicios-funerarios\/\",\"name\":\"[:es]Servicios Funerarios[:en]Funeral Services[:de]Bestattungs - Dienstleistungen[:] - Cementerio Ingl\u00e9s de M\u00e1laga\",\"isPartOf\":{\"@id\":\"https:\/\/cementerioinglesmalaga.org\/#website\"},\"primaryImageOfPage\":{\"@id\":\"https:\/\/cementerioinglesmalaga.org\/cementerio\/servicios-funerarios\/#primaryimage\"},\"datePublished\":\"2019-01-08T12:04:41+00:00\",\"dateModified\":\"2021-08-02T14:08:16+00:00\",\"breadcrumb\":{\"@id\":\"https:\/\/cementerioinglesmalaga.org\/cementerio\/servicios-funerarios\/#breadcrumb\"},\"inLanguage\":\"en-US\",\"potentialAction\":[{\"@type\":\"ReadAction\",\"target\":[\"https:\/\/cementerioinglesmalaga.org\/cementerio\/servicios-funerarios\/\"]}]},{\"@type\":\"BreadcrumbList\",\"@id\":\"https:\/\/cementerioinglesmalaga.org\/cementerio\/servicios-funerarios\/#breadcrumb\",\"itemListElement\":[{\"@type\":\"ListItem\",\"position\":1,\"name\":\"Portada\",\"item\":\"https:\/\/cementerioinglesmalaga.org\/\"},{\"@type\":\"ListItem\",\"position\":2,\"name\":\"Cementerio\",\"item\":\"https:\/\/cementerioinglesmalaga.org\/cementerio\/\"},{\"@type\":\"ListItem\",\"position\":3,\"name\":\"Servicios Funerarios\"}]}]}<\/script>\n<!-- \/ Yoast SEO plugin. -->","yoast_head_json":{"title":"[:es]Servicios Funerarios[:en]Funeral Services[:de]Bestattungs - Dienstleistungen[:] - Cementerio Ingl\u00e9s de M\u00e1laga","robots":{"index":"index","follow":"follow","max-snippet":"max-snippet:-1","max-image-preview":"max-image-preview:large","max-video-preview":"max-video-preview:-1"},"canonical":"https:\/\/cementerioinglesmalaga.org\/cementerio\/servicios-funerarios\/","og_locale":"en_US","og_type":"article","og_title":"[:es]Servicios Funerarios[:en]Funeral Services[:de]Bestattungs - Dienstleistungen[:] - Cementerio Ingl\u00e9s de M\u00e1laga","og_description":"[vc_row][vc_column][vc_single_image image=&#8221;155&#8243; img_size=&#8221;full&#8221;][vc_custom_heading text=&#8221;FUNERARY SERVICES&#8221; font_container=&#8221;tag:h5|text_align:left&#8221; use_theme_fonts=&#8221;yes&#8221;][vc_column_text]William Mark\u2019s purpose in creating the English Cemetery was to provide a peaceful and dignified burial site for British Subjects who died within his Consular jurisdiction. Shortly after its inauguration, it was opened to Protestants of all nationalities and in the 1950 this was [\u2026]","og_url":"https:\/\/cementerioinglesmalaga.org\/cementerio\/servicios-funerarios\/","og_site_name":"Cementerio Ingl\u00e9s de M\u00e1laga","article_publisher":"https:\/\/facebook.com\/CemIngMalaga\/","article_modified_time":"2021-08-02T14:08:16+00:00","og_image":[{"width":1600,"height":1066,"url":"https:\/\/cementerioinglesmalaga.org\/wp-content\/uploads\/2017\/06\/slide-3.jpg","type":"image\/jpeg"}],"twitter_card":"summary","twitter_site":"@ceminglesmlg","twitter_misc":{"Est. reading time":"2 minutes"},"schema":{"@context":"https:\/\/schema.org","@graph":[{"@type":"Organization","@id":"https:\/\/cementerioinglesmalaga.org\/#organization","name":"Fundaci\u00f3n Cementerio Ingl\u00e9s de M\u00e1laga","url":"https:\/\/cementerioinglesmalaga.org\/","sameAs":["https:\/\/facebook.com\/CemIngMalaga\/","https:\/\/twitter.com\/ceminglesmlg"],"logo":{"@type":"ImageObject","inLanguage":"en-US","@id":"https:\/\/cementerioinglesmalaga.org\/#\/schema\/logo\/image\/","url":"https:\/\/cementerioinglesmalaga.org\/wp-content\/uploads\/2017\/07\/escudo-CIM-poli.png","contentUrl":"https:\/\/cementerioinglesmalaga.org\/wp-content\/uploads\/2017\/07\/escudo-CIM-poli.png","width":313,"height":313,"caption":"Fundaci\u00f3n Cementerio Ingl\u00e9s de M\u00e1laga"},"image":{"@id":"https:\/\/cementerioinglesmalaga.org\/#\/schema\/logo\/image\/"}},{"@type":"WebSite","@id":"https:\/\/cementerioinglesmalaga.org\/#website","url":"https:\/\/cementerioinglesmalaga.org\/","name":"Cementerio Ingl\u00e9s de M\u00e1laga","description":"P\u00e1gina oficial del primer cementerio protestante de la Espa\u00f1a Peninsular","publisher":{"@id":"https:\/\/cementerioinglesmalaga.org\/#organization"},"potentialAction":[{"@type":"SearchAction","target":{"@type":"EntryPoint","urlTemplate":"https:\/\/cementerioinglesmalaga.org\/?s={search_term_string}"},"query-input":"required name=search_term_string"}],"inLanguage":"en-US"},{"@type":"ImageObject","inLanguage":"en-US","@id":"https:\/\/cementerioinglesmalaga.org\/cementerio\/servicios-funerarios\/#primaryimage","url":"https:\/\/cementerioinglesmalaga.org\/wp-content\/uploads\/2017\/06\/slide-3.jpg","contentUrl":"https:\/\/cementerioinglesmalaga.org\/wp-content\/uploads\/2017\/06\/slide-3.jpg","width":1600,"height":1066,"caption":"Cementerio Ingl\u00e9s de M\u00e1laga - 3"},{"@type":"WebPage","@id":"https:\/\/cementerioinglesmalaga.org\/cementerio\/servicios-funerarios\/#webpage","url":"https:\/\/cementerioinglesmalaga.org\/cementerio\/servicios-funerarios\/","name":"[:es]Servicios Funerarios[:en]Funeral Services[:de]Bestattungs - Dienstleistungen[:] - Cementerio Ingl\u00e9s de M\u00e1laga","isPartOf":{"@id":"https:\/\/cementerioinglesmalaga.org\/#website"},"primaryImageOfPage":{"@id":"https:\/\/cementerioinglesmalaga.org\/cementerio\/servicios-funerarios\/#primaryimage"},"datePublished":"2019-01-08T12:04:41+00:00","dateModified":"2021-08-02T14:08:16+00:00","breadcrumb":{"@id":"https:\/\/cementerioinglesmalaga.org\/cementerio\/servicios-funerarios\/#breadcrumb"},"inLanguage":"en-US","potentialAction":[{"@type":"ReadAction","target":["https:\/\/cementerioinglesmalaga.org\/cementerio\/servicios-funerarios\/"]}]},{"@type":"BreadcrumbList","@id":"https:\/\/cementerioinglesmalaga.org\/cementerio\/servicios-funerarios\/#breadcrumb","itemListElement":[{"@type":"ListItem","position":1,"name":"Portada","item":"https:\/\/cementerioinglesmalaga.org\/"},{"@type":"ListItem","position":2,"name":"Cementerio","item":"https:\/\/cementerioinglesmalaga.org\/cementerio\/"},{"@type":"ListItem","position":3,"name":"Servicios Funerarios"}]}]}},"_links":{"self":[{"href":"https:\/\/cementerioinglesmalaga.org\/en\/wp-json\/wp\/v2\/pages\/937"}],"collection":[{"href":"https:\/\/cementerioinglesmalaga.org\/en\/wp-json\/wp\/v2\/pages"}],"about":[{"href":"https:\/\/cementerioinglesmalaga.org\/en\/wp-json\/wp\/v2\/types\/page"}],"author":[{"embeddable":true,"href":"https:\/\/cementerioinglesmalaga.org\/en\/wp-json\/wp\/v2\/users\/4"}],"replies":[{"embeddable":true,"href":"https:\/\/cementerioinglesmalaga.org\/en\/wp-json\/wp\/v2\/comments?post=937"}],"version-history":[{"count":49,"href":"https:\/\/cementerioinglesmalaga.org\/en\/wp-json\/wp\/v2\/pages\/937\/revisions"}],"predecessor-version":[{"id":1398,"href":"https:\/\/cementerioinglesmalaga.org\/en\/wp-json\/wp\/v2\/pages\/937\/revisions\/1398"}],"up":[{"embeddable":true,"href":"https:\/\/cementerioinglesmalaga.org\/en\/wp-json\/wp\/v2\/pages\/100"}],"wp:featuredmedia":[{"embeddable":true,"href":"https:\/\/cementerioinglesmalaga.org\/en\/wp-json\/wp\/v2\/media\/151"}],"wp:attachment":[{"href":"https:\/\/cementerioinglesmalaga.org\/en\/wp-json\/wp\/v2\/media?parent=937"}],"curies":[{"name":"wp","href":"https:\/\/api.w.org\/{rel}","templated":true}]}}